{"id":5551,"date":"2025-02-13T11:20:18","date_gmt":"2025-02-13T10:20:18","guid":{"rendered":"https:\/\/phy.uniri.hr\/?page_id=5551"},"modified":"2026-03-16T17:12:40","modified_gmt":"2026-03-16T16:12:40","slug":"faculty-council","status":"publish","type":"page","link":"https:\/\/phy.uniri.hr\/en\/about-the-faculty\/management\/faculty-council\/","title":{"rendered":"Faculty Council"},"content":{"rendered":"\n<h3 class=\"wp-block-heading\">Members<\/h3>\n\n\n\n<ol class=\"wp-block-list\">\n<li>Prof. Gabriela&nbsp;Ambro\u017ei\u0107,&nbsp;PhD<\/li>\n\n\n\n<li>Assist. Prof.&nbsp;Andreina&nbsp;Belu\u0161i\u0107&nbsp;Vozila,&nbsp;PhD<\/li>\n\n\n\n<li>Assist. Prof. Marija&nbsp;\u010cargonja,&nbsp;PhD<\/li>\n\n\n\n<li>Prof. Dijana Dominis&nbsp;Prester,&nbsp;PhD<\/li>\n\n\n\n<li>Assoc. Prof. Nata\u0161a Erceg,&nbsp;PhD<\/li>\n\n\n\n<li>Assoc. Prof. Ivana&nbsp;Jelovica&nbsp;Badovinac,&nbsp;PhD<\/li>\n\n\n\n<li>Prof. Rajka Jurdana-\u0160epi\u0107,&nbsp;PhD<\/li>\n\n\n\n<li>Assist. Prof. Tomislav&nbsp;Jurki\u0107,&nbsp;PhD<\/li>\n\n\n\n<li>Assoc. Prof.&nbsp;Ivna&nbsp;Kavre&nbsp;Piltaver,&nbsp;PhD<\/li>\n\n\n\n<li>Assist. Prof. Maria&nbsp;Kolympadi&nbsp;Markovic,&nbsp;PhD<\/li>\n\n\n\n<li>Assist. Prof. Nenad Kralj,&nbsp;PhD<\/li>\n\n\n\n<li>Velimir Labinac, Senior&nbsp;Lecturer<\/li>\n\n\n\n<li>Klaudija Lon\u010dari\u0107, Senior&nbsp;Lecturer<\/li>\n\n\n\n<li>Assoc. Prof. Diana&nbsp;Mance,&nbsp;PhD<\/li>\n\n\n\n<li>Assoc. Prof. Marina&nbsp;Manganaro,&nbsp;PhD<\/li>\n\n\n\n<li>Assoc. Prof. Darko&nbsp;Mekterovi\u0107,&nbsp;PhD<\/li>\n\n\n\n<li>Assist. Prof. Sa\u0161a&nbsp;Mi\u0107anovi\u0107,&nbsp;PhD<\/li>\n\n\n\n<li>Boris&nbsp;Mifka,&nbsp;PhD, Senior&nbsp;Assistant<\/li>\n\n\n\n<li>Karlo Mrakov\u010di\u0107,&nbsp;Assistant<\/li>\n\n\n\n<li>Prof.\u00a0Ale\u0161\u00a0Omerzu,\u00a0PhD<\/li>\n\n\n\n<li>Assoc. Prof. Robert Peter,&nbsp;PhD<\/li>\n\n\n\n<li>Assist. Prof. Ivana&nbsp;Poljan\u010di\u0107&nbsp;Beljan,&nbsp;PhD<\/li>\n\n\n\n<li>Elena Popovi\u0107, Student<\/li>\n\n\n\n<li>Assist. Prof.&nbsp;Arash&nbsp;Ranjbar&nbsp;Zidehi,&nbsp;PhD<\/li>\n\n\n\n<li>Nata\u0161a Smu\u0111, Student<\/li>\n\n\n\n<li>Assoc. Prof. Iva \u0160ari\u0107 Jankovi\u0107,&nbsp;PhD<\/li>\n\n\n\n<li>Assoc. Prof. Tomislav Terzi\u0107,&nbsp;PhD<\/li>\n\n\n\n<li>Mirjana Turina,&nbsp;Laboratory&nbsp;Assistant<\/li>\n\n\n\n<li>Anastazija Vojkovi\u0107, Student<\/li>\n\n\n\n<li>Prof. Gordana&nbsp;\u017dauhar,&nbsp;PhD<\/li>\n<\/ol>\n\n\n\n<p><\/p>\n","protected":false},"excerpt":{"rendered":"<p>Members<\/p>\n","protected":false},"author":4,"featured_media":5542,"parent":5549,"menu_order":1,"comment_status":"closed","ping_status":"closed","template":"","meta":{"_acf_changed":false,"ub_ctt_via":"","footnotes":""},"class_list":["post-5551","page","type-page","status-publish","has-post-thumbnail","hentry"],"acf":[],"featured_image_src":"https:\/\/phy.uniri.hr\/wp-content\/uploads\/2025\/06\/O-Fakultetu.jpg","_links":{"self":[{"href":"https:\/\/phy.uniri.hr\/en\/wp-json\/wp\/v2\/pages\/5551","targetHints":{"allow":["GET"]}}],"collection":[{"href":"https:\/\/phy.uniri.hr\/en\/wp-json\/wp\/v2\/pages"}],"about":[{"href":"https:\/\/phy.uniri.hr\/en\/wp-json\/wp\/v2\/types\/page"}],"author":[{"embeddable":true,"href":"https:\/\/phy.uniri.hr\/en\/wp-json\/wp\/v2\/users\/4"}],"replies":[{"embeddable":true,"href":"https:\/\/phy.uniri.hr\/en\/wp-json\/wp\/v2\/comments?post=5551"}],"version-history":[{"count":5,"href":"https:\/\/phy.uniri.hr\/en\/wp-json\/wp\/v2\/pages\/5551\/revisions"}],"predecessor-version":[{"id":7519,"href":"https:\/\/phy.uniri.hr\/en\/wp-json\/wp\/v2\/pages\/5551\/revisions\/7519"}],"up":[{"embeddable":true,"href":"https:\/\/phy.uniri.hr\/en\/wp-json\/wp\/v2\/pages\/5549"}],"wp:featuredmedia":[{"embeddable":true,"href":"https:\/\/phy.uniri.hr\/en\/wp-json\/wp\/v2\/media\/5542"}],"wp:attachment":[{"href":"https:\/\/phy.uniri.hr\/en\/wp-json\/wp\/v2\/media?parent=5551"}],"curies":[{"name":"wp","href":"https:\/\/api.w.org\/{rel}","templated":true}]}}