{"id":5553,"date":"2025-02-13T11:20:53","date_gmt":"2025-02-13T10:20:53","guid":{"rendered":"https:\/\/phy.uniri.hr\/?page_id=5553"},"modified":"2026-03-14T12:47:23","modified_gmt":"2026-03-14T11:47:23","slug":"doctoral-study-council","status":"publish","type":"page","link":"https:\/\/phy.uniri.hr\/en\/about-the-faculty\/management\/doctoral-study-council\/","title":{"rendered":"Doctoral Study Council"},"content":{"rendered":"\n<h3 class=\"wp-block-heading\">Members<\/h3>\n\n\n\n<p><strong>University of Rijeka, Faculty of Physics<\/strong><\/p>\n\n\n\n<p>Prof. Marin Karuza, PhD (Head of the Doctoral Study Programme)<br>Prof. Gordana \u017dauhar, PhD (Deputy Head of the Doctoral Study Programme)<br>Prof. Dijana Dominis Prester, PhD<br>Assoc. Prof. Tomislav Terzi\u0107, PhD<\/p>\n\n\n\n<p><strong>Institute of Physics, Zagreb<\/strong><\/p>\n\n\n\n<p>Nik\u0161a Krstulovi\u0107, PhD<br>Marko Kralj, PhD<\/p>\n\n\n\n<p><strong>Clinical Hospital Centre Rijeka<\/strong><\/p>\n\n\n\n<p>Assoc. Prof. Slaven Jurkovi\u0107, PhD<\/p>\n","protected":false},"excerpt":{"rendered":"<p>Members University of Rijeka, Faculty of Physics Prof. Marin Karuza, PhD (Head of the Doctoral Study Programme)Prof. Gordana \u017dauhar, PhD (Deputy Head of the Doctoral Study Programme)Prof. Dijana Dominis Prester, PhDAssoc. Prof. Tomislav Terzi\u0107, PhD Institute of Physics, Zagreb Nik\u0161a Krstulovi\u0107, PhDMarko Kralj, PhD Clinical Hospital Centre Rijeka Assoc. Prof. Slaven Jurkovi\u0107, PhD<\/p>\n","protected":false},"author":4,"featured_media":5542,"parent":5549,"menu_order":2,"comment_status":"closed","ping_status":"closed","template":"","meta":{"_acf_changed":false,"ub_ctt_via":"","footnotes":""},"class_list":["post-5553","page","type-page","status-publish","has-post-thumbnail","hentry"],"acf":[],"featured_image_src":"https:\/\/phy.uniri.hr\/wp-content\/uploads\/2025\/06\/O-Fakultetu.jpg","_links":{"self":[{"href":"https:\/\/phy.uniri.hr\/en\/wp-json\/wp\/v2\/pages\/5553","targetHints":{"allow":["GET"]}}],"collection":[{"href":"https:\/\/phy.uniri.hr\/en\/wp-json\/wp\/v2\/pages"}],"about":[{"href":"https:\/\/phy.uniri.hr\/en\/wp-json\/wp\/v2\/types\/page"}],"author":[{"embeddable":true,"href":"https:\/\/phy.uniri.hr\/en\/wp-json\/wp\/v2\/users\/4"}],"replies":[{"embeddable":true,"href":"https:\/\/phy.uniri.hr\/en\/wp-json\/wp\/v2\/comments?post=5553"}],"version-history":[{"count":2,"href":"https:\/\/phy.uniri.hr\/en\/wp-json\/wp\/v2\/pages\/5553\/revisions"}],"predecessor-version":[{"id":7197,"href":"https:\/\/phy.uniri.hr\/en\/wp-json\/wp\/v2\/pages\/5553\/revisions\/7197"}],"up":[{"embeddable":true,"href":"https:\/\/phy.uniri.hr\/en\/wp-json\/wp\/v2\/pages\/5549"}],"wp:featuredmedia":[{"embeddable":true,"href":"https:\/\/phy.uniri.hr\/en\/wp-json\/wp\/v2\/media\/5542"}],"wp:attachment":[{"href":"https:\/\/phy.uniri.hr\/en\/wp-json\/wp\/v2\/media?parent=5553"}],"curies":[{"name":"wp","href":"https:\/\/api.w.org\/{rel}","templated":true}]}}