{"id":5558,"date":"2025-02-13T11:26:19","date_gmt":"2025-02-13T10:26:19","guid":{"rendered":"https:\/\/phy.uniri.hr\/?page_id=5558"},"modified":"2026-03-14T13:55:04","modified_gmt":"2026-03-14T12:55:04","slug":"staff-responsibilities","status":"publish","type":"page","link":"https:\/\/phy.uniri.hr\/en\/about-the-faculty\/staff\/staff-responsibilities\/","title":{"rendered":"Staff Responsibilities"},"content":{"rendered":"<div class=\"wp-block-ub-content-toggle wp-block-ub-content-toggle-block\" id=\"ub-content-toggle-block-28cb998d-61b3-469a-903f-9f4113b608b7\" data-mobilecollapse=\"false\" data-desktopcollapse=\"true\" data-preventcollapse=\"false\" data-showonlyone=\"false\">\n<div class=\"wp-block-ub-content-toggle-accordion\" style=\"border-color: #f1f1f1;\" id=\"ub-content-toggle-panel-block-\">\n\t\t\t<div class=\"wp-block-ub-content-toggle-accordion-title-wrap\" style=\"background-color: #f1f1f1;\" aria-controls=\"ub-content-toggle-panel-0-28cb998d-61b3-469a-903f-9f4113b608b7\" tabindex=\"0\">\n\t\t\t<p class=\"wp-block-ub-content-toggle-accordion-title ub-content-toggle-title-28cb998d-61b3-469a-903f-9f4113b608b7\" style=\"color: #000000; \">Faculty Roles and Responsibilities<\/p>\n\t\t\t<div class=\"wp-block-ub-content-toggle-accordion-toggle-wrap right\" style=\"color: #000000;\"><span class=\"wp-block-ub-content-toggle-accordion-state-indicator wp-block-ub-chevron-down\"><\/span><\/div>\n\t\t<\/div>\n\t\t\t<div role=\"region\" aria-expanded=\"false\" class=\"wp-block-ub-content-toggle-accordion-content-wrap ub-hide\" id=\"ub-content-toggle-panel-0-28cb998d-61b3-469a-903f-9f4113b608b7\">\n\n<p><strong>ECTS Coordinator<\/strong><\/p>\n\n\n\n<ul class=\"wp-block-list\">\n<li>Assoc. Prof. Ivana Jelovica Badovinac, PhD<\/li>\n<\/ul>\n\n\n\n<p><strong>ISVU Coordinator<\/strong><\/p>\n\n\n\n<ul class=\"wp-block-list\">\n<li>Mariza Sarta Dekovi\u0107, MSc, Senior Advisor<\/li>\n<\/ul>\n\n\n\n<p><strong>Head of the Doctoral Study Programme in Physics<\/strong><\/p>\n\n\n\n<ul class=\"wp-block-list\">\n<li>Prof. Marin Karuza, PhD<\/li>\n<\/ul>\n\n\n\n<p><strong>Deputy Head of the Doctoral Study Programme in Physics<\/strong><\/p>\n\n\n\n<ul class=\"wp-block-list\">\n<li>Prof. Gordana \u017dauhar, PhD<\/li>\n<\/ul>\n\n\n\n<p><strong>Committee for Quality Assurance and Enhancement<\/strong><\/p>\n\n\n\n<ul class=\"wp-block-list\">\n<li>Chair: Assoc. Prof. Iva \u0160ari\u0107 Jankovi\u0107, PhD<\/li>\n\n\n\n<li>Prof. Rajka Jurdana\u2011\u0160epi\u0107, PhD<\/li>\n\n\n\n<li>Assoc. Prof. Tomislav Terzi\u0107, PhD<\/li>\n\n\n\n<li>Assist. Prof. Ivana Poljan\u010di\u0107 Beljan, PhD<\/li>\n\n\n\n<li>Daria Jardas Babi\u0107, PhD (Senior Assistant)<\/li>\n\n\n\n<li>Marijana Majeti\u0107, Senior Technician<\/li>\n\n\n\n<li>Anastazija Vojkovi\u0107 (Student Representative)<\/li>\n\n\n\n<li>Ivan Poropat (External Stakeholder)<\/li>\n<\/ul>\n\n\n\n<p><strong>Smart X Coordinator<\/strong><\/p>\n\n\n\n<ul class=\"wp-block-list\">\n<li>Mariza Sarta Dekovi\u0107, MSc, Senior Advisor<\/li>\n<\/ul>\n\n\n\n<p><strong>ERASMUS Coordinator<\/strong><\/p>\n\n\n\n<ul class=\"wp-block-list\">\n<li>Assist. Prof. Maria Kolympadi Markovic, PhD<\/li>\n<\/ul>\n\n\n\n<p><strong>Knowledge Transfer Coordinator<\/strong><\/p>\n\n\n\n<ul class=\"wp-block-list\">\n<li>Assoc. Prof. Ivana Jelovica Badovinac, PhD<\/li>\n<\/ul>\n\n\n\n<p><strong>YUFE Coordinator<\/strong><\/p>\n\n\n\n<ul class=\"wp-block-list\">\n<li>Assist. Prof. Maria Kolympadi Markovic, PhD<\/li>\n<\/ul>\n\n\n\n<p><strong>Coordinator for Vulnerable and Underrepresented Groups<\/strong><\/p>\n\n\n\n<ul class=\"wp-block-list\">\n<li>Mateo Pauli\u0161i\u0107, PhD, Senior Assistant (Deputy: Mariza Sarta Dekovi\u0107, MSc)<\/li>\n<\/ul>\n\n\n\n<p><strong>State Matura Coordinator<\/strong><\/p>\n\n\n\n<ul class=\"wp-block-list\">\n<li>Velimir Labinac, Senior Lecturer<\/li>\n<\/ul>\n\n\n\n<p><strong>Coordinator for Applications and Enrolment in Graduate Study Programmes via the NISpVU System<\/strong><\/p>\n\n\n\n<ul class=\"wp-block-list\">\n<li>Velimir Labinac, Senior Lecturer<\/li>\n<\/ul>\n\n\n\n<p><strong>MOZVAG System Coordinators<\/strong><\/p>\n\n\n\n<ul class=\"wp-block-list\">\n<li>Mariza Sarta Dekovi\u0107, MSc<\/li>\n\n\n\n<li>Assoc. Prof. Ivana Jelovica Badovinac, PhD<\/li>\n<\/ul>\n\n\n\n<p><strong>Occupational Safety and Fire Protection Officer<\/strong><\/p>\n\n\n\n<ul class=\"wp-block-list\">\n<li>Assoc. Prof. Darko Mekterovi\u0107, PhD<\/li>\n<\/ul>\n\n\n\n<p><strong>Officer Responsible for Radioactive Waste and Used Sources Management<\/strong><\/p>\n\n\n\n<ul class=\"wp-block-list\">\n<li>Assoc. Prof. Darko Mekterovi\u0107, PhD<\/li>\n<\/ul>\n\n\n\n<p><strong>Radiation Protection Officer<\/strong><\/p>\n\n\n\n<ul class=\"wp-block-list\">\n<li>Assoc. Prof. Darko Mekterovi\u0107, PhD<\/li>\n<\/ul>\n\n\n\n<p><strong>Timetable and Room Reservation Coordinator<\/strong><\/p>\n\n\n\n<ul class=\"wp-block-list\">\n<li>Mirjana Turina<\/li>\n<\/ul>\n\n\n\n<p><strong>Committee for Academic Recognition of Foreign Higher Education Qualifications and Study Periods<\/strong><\/p>\n\n\n\n<ul class=\"wp-block-list\">\n<li>Velimir Labinac, Senior Lecturer<\/li>\n\n\n\n<li>Prof. Rajka Jurdana\u2011\u0160epi\u0107, PhD<\/li>\n\n\n\n<li>Assoc. Prof. Nata\u0161a Erceg, PhD<\/li>\n<\/ul>\n\n\n\n<p><strong>Coordinator for Recognition and Validation of Prior Learning<\/strong><\/p>\n\n\n\n<ul class=\"wp-block-list\">\n<li>Assoc. Prof. Ivana Jelovica Badovinac, PhD<\/li>\n<\/ul>\n\n\n\n<p><strong>Expert Advisors for Recognition and Validation of Prior Learning<\/strong><\/p>\n\n\n\n<ul class=\"wp-block-list\">\n<li><strong>Undergraduate Study Programme in Physics<\/strong>\n<ul class=\"wp-block-list\">\n<li>Assoc. Prof. Ivana Jelovica Badovinac, PhD<\/li>\n<\/ul>\n<\/li>\n\n\n\n<li><strong>Graduate Study Programmes: Physics and Mathematics, Physics and Computer Science, Physics and Philosophy<\/strong>\n<ul class=\"wp-block-list\">\n<li>\u00a0Assoc. Prof. Nata\u0161a Erceg, PhD<\/li>\n<\/ul>\n<\/li>\n\n\n\n<li><strong>Graduate Study Programme in Physics \u2013 Solid State Physics Track<\/strong>\n<ul class=\"wp-block-list\">\n<li>Prof. Ale\u0161 Omerzu, PhD<\/li>\n<\/ul>\n<\/li>\n\n\n\n<li><strong>Graduate Study Programme in Physics \u2013 Astrophysics and Elementary Particle Physics Track<\/strong>\n<ul class=\"wp-block-list\">\n<li>Assoc. Prof. Darko Mekterovi\u0107, PhD<\/li>\n<\/ul>\n<\/li>\n\n\n\n<li><strong>Graduate Study Programme in Physics \u2013 Physics and Environmental Science Track<\/strong>\n<ul class=\"wp-block-list\">\n<li>Assoc. Prof. Diana Mance, PhD<\/li>\n<\/ul>\n<\/li>\n\n\n\n<li><strong>Graduate Study Programme in Materials Engineering and Physics<\/strong>\n<ul class=\"wp-block-list\">\n<li>Assoc. Prof. Iva \u0160ari\u0107 Jankovi\u0107, PhD<\/li>\n<\/ul>\n<\/li>\n<\/ul>\n\n\n\n<p><strong>Chair of the Expert Committee for Issuing Opinions on Meeting the Requirements of the Rulebook on Appropriate Teacher and Expert Associate Qualifications in Primary Schools<\/strong><\/p>\n\n\n\n<ul class=\"wp-block-list\">\n<li>Assoc. Prof. Nata\u0161a Erceg, PhD (Head of the Graduate Study Programmes in Physics and Mathematics, Physics and Computer Science, and Physics and Philosophy \u2014 currently inactive)<\/li>\n<\/ul>\n\n\n\n<p><strong>Ethics Committee of the Faculty of Physics<\/strong><\/p>\n\n\n\n<ul class=\"wp-block-list\">\n<li>Chair: Assoc. Prof. Darko Mekterovi\u0107, PhD<\/li>\n\n\n\n<li>Assist. Prof. Tomislav Jurki\u0107, PhD<\/li>\n\n\n\n<li>Ivana Bjedov Kelekovi\u0107, mag. iur.<\/li>\n\n\n\n<li>Nata\u0161a Smu\u0111 (Student Representative), Elena Popovi\u0107 (Deputy)<\/li>\n<\/ul>\n\n\n\n<p><strong>Disciplinary Committee of the Faculty of Physics (Students) According to the Rulebook on the Disciplinary Responsibility of Students of the University of Rijeka<\/strong><\/p>\n\n\n\n<ul class=\"wp-block-list\">\n<li>Chair: Assoc. Prof. Robert Peter, PhD (Deputy: Assoc. Prof. Tomislav Terzi\u0107, PhD)<\/li>\n\n\n\n<li>Assist. Prof. Sa\u0161a Mi\u0107anovi\u0107, PhD, Member (Teaching Staff) (Deputy: Assoc. Prof. Ivna Kavre Piltaver, PhD)<\/li>\n\n\n\n<li>Maja \u0160i\u0161ina\u010dki, Member (Students) (Deputy: Maja \u0110urkovi\u0107)<\/li>\n<\/ul>\n\n\n\n<p><strong>Appeals Disciplinary Committee (Students) According to the Rulebook on the Disciplinary Responsibility of Students of the University of Rijeka<\/strong><\/p>\n\n\n\n<ul class=\"wp-block-list\">\n<li>Chair: Assist. Prof. Ivana Poljan\u010di\u0107 Beljan, PhD (Deputy: Assist. Prof. Maria Kolympadi Markovic, PhD)<\/li>\n\n\n\n<li>Assoc. Prof. Iva \u0160ari\u0107 Jankovi\u0107, PhD, \u00a0Member (Teaching Staff) (Deputy: Assoc. Prof. Marina Manganaro, PhD)<\/li>\n\n\n\n<li>Elena Popovi\u0107, Member (Students) (Deputy: Klara Brzac)<\/li>\n<\/ul>\n\n\n\n<p><strong>Disciplinary Committee of the Faculty of Physics (Employees) According to the Rulebook on the Disciplinary Responsibility of Employees of the University of Rijeka<\/strong><\/p>\n\n\n\n<ul class=\"wp-block-list\">\n<li>Chair: Assoc. Prof. Ivna Kavre Piltaver, PhD (Deputy: Prof. Gabriela Ambro\u017ei\u0107, PhD)<\/li>\n\n\n\n<li>Prof. Marin Karuza, PhD, Member (Teaching Staff) (Deputy: Prof. Dijana Dominis Prester, PhD)<\/li>\n\n\n\n<li>Prof. Gordana \u017dauhar, PhD, Member (Teaching Staff) (Deputy: Assist. Prof. Maria Kolympadi Markovic, PhD)<\/li>\n\n\n\n<li>Daria Jardas Babi\u0107, PhD, Senior Assistant, \u00a0Member (Deputy: Mateo Pauli\u0161i\u0107, PhD, Senior Assistant)<\/li>\n\n\n\n<li>Marija Musulin, Laboratory Technician, Member (Administrative\/Technical Staff) (Deputy: Karlo Veli\u010dan, Technical Associate)<\/li>\n<\/ul>\n\n\n\n<p><strong>Secretary of the Disciplinary and Appeals Disciplinary Committees (Students)<\/strong><\/p>\n\n\n\n<ul class=\"wp-block-list\">\n<li>Ivana Bjedov Kelekovi\u0107, mag. iur.<\/li>\n\n\n\n<li>Katarina Benac Kru\u017ei\u0107, mag. oec. (Deputy)<\/li>\n<\/ul>\n\n\n\n<p><strong>Website Administrator<\/strong><\/p>\n\n\n\n<ul class=\"wp-block-list\">\n<li>Klaudija Lon\u010dari\u0107, Senior Lecturer<\/li>\n\n\n\n<li>Velimir Labinac, Senior Lecturer (Deputy)<\/li>\n<\/ul>\n\n<\/div>\n\t\t<\/div>\n\n<div class=\"wp-block-ub-content-toggle-accordion\" style=\"border-color: #f1f1f1;\" id=\"ub-content-toggle-panel-block-\">\n\t\t\t<div class=\"wp-block-ub-content-toggle-accordion-title-wrap\" style=\"background-color: #f1f1f1;\" aria-controls=\"ub-content-toggle-panel-1-28cb998d-61b3-469a-903f-9f4113b608b7\" tabindex=\"0\">\n\t\t\t<p class=\"wp-block-ub-content-toggle-accordion-title ub-content-toggle-title-28cb998d-61b3-469a-903f-9f4113b608b7\" style=\"color: #000000; \">Roles in University Bodies<\/p>\n\t\t\t<div class=\"wp-block-ub-content-toggle-accordion-toggle-wrap right\" style=\"color: #000000;\"><span class=\"wp-block-ub-content-toggle-accordion-state-indicator wp-block-ub-chevron-down\"><\/span><\/div>\n\t\t<\/div>\n\t\t\t<div role=\"region\" aria-expanded=\"false\" class=\"wp-block-ub-content-toggle-accordion-content-wrap ub-hide\" id=\"ub-content-toggle-panel-1-28cb998d-61b3-469a-903f-9f4113b608b7\">\n\n<p><strong>Member of the Senate<\/strong><\/p>\n\n\n\n<ul class=\"wp-block-list\">\n<li>Prof. Rajka Jurdana\u2011\u0160epi\u0107, PhD<\/li>\n<\/ul>\n\n\n\n<p><strong>Member of the Expert Council of the Center for Studies<\/strong><\/p>\n\n\n\n<ul class=\"wp-block-list\">\n<li>Assoc. Prof. Ivana Jelovica Badovinac, PhD, Vice-Dean<\/li>\n\n\n\n<li>Assoc. Prof. Diana Mance, PhD (Natural Sciences)<\/li>\n<\/ul>\n\n\n\n<p><strong>Member of the University Quality Committee<\/strong><\/p>\n\n\n\n<ul class=\"wp-block-list\">\n<li>Assoc. Prof. Iva \u0160ari\u0107 Jankovi\u0107, PhD<\/li>\n<\/ul>\n\n\n\n<p><strong>Member of the University Council (Scientific Area: Natural Sciences and Interdisciplinary Sciences)<\/strong><\/p>\n\n\n\n<ul class=\"wp-block-list\">\n<li>Prof. Gabriela Ambro\u017ei\u0107, PhD<\/li>\n<\/ul>\n\n\n\n<p><strong>Member of the Committee for Statutory and Legal Affairs of the University of Rijeka<\/strong><\/p>\n\n\n\n<ul class=\"wp-block-list\">\n<li>Prof. Rajka Jurdana\u2011\u0160epi\u0107, PhD<\/li>\n<\/ul>\n\n\n\n<p><strong>Member of the Expert Council for Internationalization and Research (SVII)<\/strong><\/p>\n\n\n\n<ul class=\"wp-block-list\">\n<li>Prof. Ale\u0161 Omerzu, PhD<\/li>\n<\/ul>\n\n\n\n<p><strong>Member of the University of Rijeka Committee for Online Learning<\/strong><\/p>\n\n\n\n<ul class=\"wp-block-list\">\n<li>Assist. Prof. Tomislav Jurki\u0107, PhD<\/li>\n<\/ul>\n\n\n\n<p><strong>Member of the Committee for the Recognition of Foreign Educational Qualifications<\/strong><\/p>\n\n\n\n<ul class=\"wp-block-list\">\n<li>Assoc. Prof. Nata\u0161a Erceg, PhD<\/li>\n<\/ul>\n\n\n\n<p><strong>Member of the Committee for the Recognition and Validation of Prior Learning<\/strong><\/p>\n\n\n\n<ul class=\"wp-block-list\">\n<li>Assoc. Prof. Robert Peter, PhD<\/li>\n<\/ul>\n\n\n\n<p><strong>Member of the University Committee for Accreditation and Evaluation of Study Programmes<\/strong><\/p>\n\n\n\n<ul class=\"wp-block-list\">\n<li>Assoc. Prof. Ivana Jelovica Badovinac, PhD<\/li>\n<\/ul>\n\n\n\n<p><strong>Member of the Expert Council of the UNIRI Doctoral School<\/strong><\/p>\n\n\n\n<ul class=\"wp-block-list\">\n<li>Prof. Gordana \u017dauhar, PhD<\/li>\n<\/ul>\n\n\n\n<p><strong>CroRIS Administrators<\/strong><\/p>\n\n\n\n<ul class=\"wp-block-list\">\n<li>Coordinator:\u00a0Assoc. Prof. Ivana Jelovica Badovinac, PhD<\/li>\n\n\n\n<li>Equipment and Services Module:\u00a0Prof. Ale\u0161 Omerzu, PhD, Assoc. Prof. Ivana Jelovica Badovinac, PhD<\/li>\n\n\n\n<li>Projects Module:\u00a0Assist. Prof. Nenad Kralj, PhD, Franko Ala\u010d<\/li>\n\n\n\n<li>CROSBI Module:\u00a0Daria Jardas Babi\u0107, PhD, Assoc. Prof. Ivana Jelovica Badovinac, PhD<\/li>\n\n\n\n<li>Persons Module:\u00a0Mariza Sarta Dekovi\u0107, MSc, Katarina Benac Kru\u017ei\u0107, Ivana Bjedov Kelekovi\u0107<\/li>\n<\/ul>\n\n\n\n<p><strong>Member of the University Gender Equality Council<\/strong><\/p>\n\n\n\n<ul class=\"wp-block-list\">\n<li>Assoc. Prof. Ivna Kavre Piltaver, PhD<\/li>\n<\/ul>\n\n<\/div>\n\t\t<\/div>\n<\/div>\n\n\n<p><\/p>\n","protected":false},"excerpt":{"rendered":"","protected":false},"author":4,"featured_media":5542,"parent":5556,"menu_order":1,"comment_status":"closed","ping_status":"closed","template":"","meta":{"_acf_changed":false,"ub_ctt_via":"","footnotes":""},"class_list":["post-5558","page","type-page","status-publish","has-post-thumbnail","hentry"],"acf":[],"featured_image_src":"https:\/\/phy.uniri.hr\/wp-content\/uploads\/2025\/06\/O-Fakultetu.jpg","_links":{"self":[{"href":"https:\/\/phy.uniri.hr\/en\/wp-json\/wp\/v2\/pages\/5558","targetHints":{"allow":["GET"]}}],"collection":[{"href":"https:\/\/phy.uniri.hr\/en\/wp-json\/wp\/v2\/pages"}],"about":[{"href":"https:\/\/phy.uniri.hr\/en\/wp-json\/wp\/v2\/types\/page"}],"author":[{"embeddable":true,"href":"https:\/\/phy.uniri.hr\/en\/wp-json\/wp\/v2\/users\/4"}],"replies":[{"embeddable":true,"href":"https:\/\/phy.uniri.hr\/en\/wp-json\/wp\/v2\/comments?post=5558"}],"version-history":[{"count":12,"href":"https:\/\/phy.uniri.hr\/en\/wp-json\/wp\/v2\/pages\/5558\/revisions"}],"predecessor-version":[{"id":7212,"href":"https:\/\/phy.uniri.hr\/en\/wp-json\/wp\/v2\/pages\/5558\/revisions\/7212"}],"up":[{"embeddable":true,"href":"https:\/\/phy.uniri.hr\/en\/wp-json\/wp\/v2\/pages\/5556"}],"wp:featuredmedia":[{"embeddable":true,"href":"https:\/\/phy.uniri.hr\/en\/wp-json\/wp\/v2\/media\/5542"}],"wp:attachment":[{"href":"https:\/\/phy.uniri.hr\/en\/wp-json\/wp\/v2\/media?parent=5558"}],"curies":[{"name":"wp","href":"https:\/\/api.w.org\/{rel}","templated":true}]}}