{"id":5560,"date":"2025-02-13T11:27:03","date_gmt":"2025-02-13T10:27:03","guid":{"rendered":"https:\/\/phy.uniri.hr\/?page_id=5560"},"modified":"2026-03-12T15:57:24","modified_gmt":"2026-03-12T14:57:24","slug":"advisory-board-members","status":"publish","type":"page","link":"https:\/\/phy.uniri.hr\/en\/about-the-faculty\/staff\/advisory-board-members\/","title":{"rendered":"Advisory Board Members"},"content":{"rendered":"\n<p><strong>Advisory Board for Science and Projects<\/strong><\/p>\n\n\n\n<ul class=\"wp-block-list\">\n<li>Prof. Marin Karuza, PhD (Coordinator)<\/li>\n\n\n\n<li>Prof. Rajka Jurdana-\u0160epi\u0107, PhD<\/li>\n\n\n\n<li>Prof. Ale\u0161 Omerzu, PhD<\/li>\n\n\n\n<li>Assoc. Prof. Tomislav Terzi\u0107, PhD<\/li>\n<\/ul>\n\n\n\n<p><strong>Advisory Board for Teaching and Student Affairs<\/strong><\/p>\n\n\n\n<ul class=\"wp-block-list\">\n<li>Assoc. Prof. Ivana Jelovica Badovinac, PhD (Coordinator)<\/li>\n\n\n\n<li>Assoc. Prof. Nata\u0161a Erceg, PhD<\/li>\n\n\n\n<li>Prof. Gordana \u017dauhar, PhD<\/li>\n\n\n\n<li>Assoc. Prof. Iva \u0160ari\u0107 Jankovi\u0107, PhD<\/li>\n\n\n\n<li>Nata\u0161a Smu\u0111 (Student Representative)<\/li>\n<\/ul>\n\n\n\n<p><strong>Advisory Board for Enhancing Faculty Visibility and Science Popularisation<\/strong><\/p>\n\n\n\n<ul class=\"wp-block-list\">\n<li>Assoc. Prof. Marina Manganaro, PhD (Coordinator)<\/li>\n\n\n\n<li>Prof. Gabriela Ambro\u017ei\u0107, PhD<\/li>\n\n\n\n<li>Assoc. Prof. Ivana Jelovica Badovinac, PhD<\/li>\n\n\n\n<li>Assoc. Prof. Diana Mance, PhD<\/li>\n\n\n\n<li>Assoc. Prof. Tomislav Terzi\u0107, PhD<\/li>\n\n\n\n<li>Assist. Prof. Maria Kolympadi Markovic, PhD<\/li>\n\n\n\n<li>Karlo Mrakov\u010di\u0107<\/li>\n\n\n\n<li>Filip Re\u0161\u010di\u0107<\/li>\n<\/ul>\n\n\n\n<p><strong>External Advisory Board<\/strong><\/p>\n\n\n\n<ul class=\"wp-block-list\">\n<li>Prof. Igor \u017duti\u0107, PhD, University at Buffalo, USA<\/li>\n\n\n\n<li>Prof. Bojan Resan, PhD, University of Applied Sciences and Arts Northwestern Switzerland<\/li>\n\n\n\n<li>Igor Dubrovi\u0107, PhD, Teaching Institute of Public Health of Primorje-Gorski Kotar County<\/li>\n\n\n\n<li>Melita Stani\u0107 \u0160epi\u0107, mag. edu. math. et phys., Viktor Car Emin Elementary School, Lovran<\/li>\n\n\n\n<li>Elio Janko, Academic Astronomical Society Rijeka<\/li>\n<\/ul>\n\n\n\n<p><\/p>\n","protected":false},"excerpt":{"rendered":"<p>Advisory Board for Science and Projects Advisory Board for Teaching and Student Affairs Advisory Board for Enhancing Faculty Visibility and Science Popularisation External Advisory Board<\/p>\n","protected":false},"author":4,"featured_media":5542,"parent":5556,"menu_order":2,"comment_status":"closed","ping_status":"closed","template":"","meta":{"_acf_changed":false,"ub_ctt_via":"","footnotes":""},"class_list":["post-5560","page","type-page","status-publish","has-post-thumbnail","hentry"],"acf":[],"featured_image_src":"https:\/\/phy.uniri.hr\/wp-content\/uploads\/2025\/06\/O-Fakultetu.jpg","_links":{"self":[{"href":"https:\/\/phy.uniri.hr\/en\/wp-json\/wp\/v2\/pages\/5560","targetHints":{"allow":["GET"]}}],"collection":[{"href":"https:\/\/phy.uniri.hr\/en\/wp-json\/wp\/v2\/pages"}],"about":[{"href":"https:\/\/phy.uniri.hr\/en\/wp-json\/wp\/v2\/types\/page"}],"author":[{"embeddable":true,"href":"https:\/\/phy.uniri.hr\/en\/wp-json\/wp\/v2\/users\/4"}],"replies":[{"embeddable":true,"href":"https:\/\/phy.uniri.hr\/en\/wp-json\/wp\/v2\/comments?post=5560"}],"version-history":[{"count":2,"href":"https:\/\/phy.uniri.hr\/en\/wp-json\/wp\/v2\/pages\/5560\/revisions"}],"predecessor-version":[{"id":7184,"href":"https:\/\/phy.uniri.hr\/en\/wp-json\/wp\/v2\/pages\/5560\/revisions\/7184"}],"up":[{"embeddable":true,"href":"https:\/\/phy.uniri.hr\/en\/wp-json\/wp\/v2\/pages\/5556"}],"wp:featuredmedia":[{"embeddable":true,"href":"https:\/\/phy.uniri.hr\/en\/wp-json\/wp\/v2\/media\/5542"}],"wp:attachment":[{"href":"https:\/\/phy.uniri.hr\/en\/wp-json\/wp\/v2\/media?parent=5560"}],"curies":[{"name":"wp","href":"https:\/\/api.w.org\/{rel}","templated":true}]}}