{"id":5592,"date":"2025-02-13T11:29:04","date_gmt":"2025-02-13T10:29:04","guid":{"rendered":"https:\/\/phy.uniri.hr\/?page_id=5592"},"modified":"2026-03-17T11:52:00","modified_gmt":"2026-03-17T10:52:00","slug":"laboratory-for-elemental-microanalysis","status":"publish","type":"page","link":"https:\/\/phy.uniri.hr\/en\/about-the-faculty\/organisation\/division-of-experimental-and-applied-physics\/laboratory-for-elemental-microanalysis\/","title":{"rendered":"Laboratory for Elemental Microanalysis"},"content":{"rendered":"\n<p><strong>Room:<\/strong> O-022<\/p>\n\n\n\n<h3 class=\"wp-block-heading\">Head of Laboratory:<\/h3>\n\n\n\n<ul class=\"wp-block-list\">\n<li><a href=\"https:\/\/portfelj.uniri.hr\/Portfelj\/Details\/2378\">Assoc. Prof. Darko&nbsp;Mekterovi\u0107,&nbsp;PhD<\/a>\n<ul class=\"wp-block-list\">\n<li>E-mail:<strong>&nbsp;<\/strong><a href=\"mailto:darko.mekterovic@phy.uniri.hr\">darko.mekterovic@phy.uniri.hr<\/a><\/li>\n\n\n\n<li>Office: O-018<\/li>\n\n\n\n<li>Tel: +385 51 584 616<\/li>\n\n\n\n<li>Curriculum vitae (<a href=\"https:\/\/www.phy.uniri.hr\/files\/ustroj\/djelatnici\/darko_mekterovic\/Zivotopis_Mekterovic.pdf\">.pdf<\/a>)<\/li>\n<\/ul>\n<\/li>\n<\/ul>\n\n\n<div class=\"wp-block-ub-content-toggle wp-block-ub-content-toggle-block\" id=\"ub-content-toggle-block-dbcb8c70-afbf-413f-8527-241a61d93089\" data-mobilecollapse=\"false\" data-desktopcollapse=\"true\" data-preventcollapse=\"false\" data-showonlyone=\"false\">\n<div class=\"wp-block-ub-content-toggle-accordion\" style=\"border-color: #f1f1f1;\" id=\"ub-content-toggle-panel-block-\">\n\t\t\t<div class=\"wp-block-ub-content-toggle-accordion-title-wrap\" style=\"background-color: #f1f1f1;\" aria-controls=\"ub-content-toggle-panel-0-dbcb8c70-afbf-413f-8527-241a61d93089\" tabindex=\"0\">\n\t\t\t<p class=\"wp-block-ub-content-toggle-accordion-title ub-content-toggle-title-dbcb8c70-afbf-413f-8527-241a61d93089\" style=\"color: #000000; \">Collaborators<\/p>\n\t\t\t<div class=\"wp-block-ub-content-toggle-accordion-toggle-wrap right\" style=\"color: #000000;\"><span class=\"wp-block-ub-content-toggle-accordion-state-indicator wp-block-ub-chevron-down\"><\/span><\/div>\n\t\t<\/div>\n\t\t\t<div role=\"region\" aria-expanded=\"false\" class=\"wp-block-ub-content-toggle-accordion-content-wrap ub-hide\" id=\"ub-content-toggle-panel-0-dbcb8c70-afbf-413f-8527-241a61d93089\">\n\n<ul class=\"wp-block-list\">\n<li><a href=\"https:\/\/portal.uniri.hr\/portfelj\/426\">Prof. Gordana\u00a0\u017dauhar,\u00a0PhD<\/a><\/li>\n\n\n\n<li><a href=\"https:\/\/portal.uniri.hr\/portfelj\/327\">Assoc. Prof. Diana\u00a0Mance,\u00a0PhD<\/a><\/li>\n\n\n\n<li>Assist. Prof. Marija\u00a0\u010cargonja,\u00a0PhD<\/li>\n\n\n\n<li><a href=\"https:\/\/portfelj.uniri.hr\/Portfelj\/Details\/2360\">Boris\u00a0Mifka,\u00a0PhD<\/a><\/li>\n<\/ul>\n\n<\/div>\n\t\t<\/div>\n\n<div class=\"wp-block-ub-content-toggle-accordion\" style=\"border-color: #f1f1f1;\" id=\"ub-content-toggle-panel-block-\">\n\t\t\t<div class=\"wp-block-ub-content-toggle-accordion-title-wrap\" style=\"background-color: #f1f1f1;\" aria-controls=\"ub-content-toggle-panel-1-dbcb8c70-afbf-413f-8527-241a61d93089\" tabindex=\"0\">\n\t\t\t<p class=\"wp-block-ub-content-toggle-accordion-title ub-content-toggle-title-dbcb8c70-afbf-413f-8527-241a61d93089\" style=\"color: #000000; \">Research<\/p>\n\t\t\t<div class=\"wp-block-ub-content-toggle-accordion-toggle-wrap right\" style=\"color: #000000;\"><span class=\"wp-block-ub-content-toggle-accordion-state-indicator wp-block-ub-chevron-down\"><\/span><\/div>\n\t\t<\/div>\n\t\t\t<div role=\"region\" aria-expanded=\"false\" class=\"wp-block-ub-content-toggle-accordion-content-wrap ub-hide\" id=\"ub-content-toggle-panel-1-dbcb8c70-afbf-413f-8527-241a61d93089\">\n\n<p>Research within the laboratory focuses on the application of nuclear analytical techniques for elemental analysis of samples. These techniques are based on spectroscopy of characteristic X-rays excited in the sample, with excitation achieved either by an X-ray source (such as an X-ray tube or synchrotron radiation) or by MeV-energy ions. They enable highly efficient and rapid quantitative elemental analysis of both small and large samples, ranging from aerosol particles to archaeological artefacts.<\/p>\n\n\n\n<h4 class=\"wp-block-heading\">List of Techniques:<\/h4>\n\n\n\n<ul class=\"wp-block-list\">\n<li>XRF \u2013 X-ray Fluorescence and micro-XRF<\/li>\n\n\n\n<li>PIXE \u2013 Particle Induced X-ray Emission and micro-PIXE<\/li>\n\n\n\n<li>RBS \u2013 Rutherford Backscattering Spectrometry<\/li>\n\n\n\n<li>PESA \u2013 Proton Elastic Scattering Analysis<\/li>\n\n\n\n<li>PIGE \u2013 Particle Induced Gamma-ray Emission<\/li>\n<\/ul>\n\n\n\n<p>X-ray fluorescence (XRF) is performed in the laboratory, while other techniques requiring accelerator systems are carried out at the Ion Beam Interaction Laboratory of the Ru\u0111er Bo\u0161kovi\u0107 Institute, with whom we maintain a long-standing and successful collaboration.<\/p>\n\n\n\n<h4 class=\"wp-block-heading\">Properties of Nuclear Analytical Techniques:<\/h4>\n\n\n\n<ul class=\"wp-block-list\">\n<li>Multi-element capability: from hydrogen (PESA), carbon, oxygen, nitrogen (RBS), sodium, magnesium, aluminium, silicon (PIGE), to all other elements using XRF and PIXE<\/li>\n\n\n\n<li>High sensitivity: typically down to ppm levels, and lower when required<\/li>\n\n\n\n<li>Wide dynamic range: from percentage levels down to ppm within the same analysis<\/li>\n\n\n\n<li>Very small sample quantity required<\/li>\n\n\n\n<li>Simple sample preparation<\/li>\n\n\n\n<li>Non-destructive<\/li>\n\n\n\n<li>Spatial resolution: enables analysis of small segments of the same sample in cases of material inhomogeneity, allowing both surface and depth-resolved elemental mapping<\/li>\n<\/ul>\n\n\n\n<h4 class=\"wp-block-heading\">Applications of Nuclear Analytical Techniques:<\/h4>\n\n\n\n<p>In addition to fundamental scientific research, nuclear analytical techniques are applied in environmental and health protection, industrial processes, non-destructive testing, forensics, archaeological studies, and more. The current research focus of the laboratory is the analysis of airborne particulate matter (aerosols), for which continuous long-term sampling is being conducted.<\/p>\n\n<\/div>\n\t\t<\/div>\n\n<div class=\"wp-block-ub-content-toggle-accordion\" style=\"border-color: #f1f1f1;\" id=\"ub-content-toggle-panel-block-\">\n\t\t\t<div class=\"wp-block-ub-content-toggle-accordion-title-wrap\" style=\"background-color: #f1f1f1;\" aria-controls=\"ub-content-toggle-panel-2-dbcb8c70-afbf-413f-8527-241a61d93089\" tabindex=\"0\">\n\t\t\t<p class=\"wp-block-ub-content-toggle-accordion-title ub-content-toggle-title-dbcb8c70-afbf-413f-8527-241a61d93089\" style=\"color: #000000; \">Publications<\/p>\n\t\t\t<div class=\"wp-block-ub-content-toggle-accordion-toggle-wrap right\" style=\"color: #000000;\"><span class=\"wp-block-ub-content-toggle-accordion-state-indicator wp-block-ub-chevron-down\"><\/span><\/div>\n\t\t<\/div>\n\t\t\t<div role=\"region\" aria-expanded=\"false\" class=\"wp-block-ub-content-toggle-accordion-content-wrap ub-hide\" id=\"ub-content-toggle-panel-2-dbcb8c70-afbf-413f-8527-241a61d93089\">\n\n<h4 class=\"wp-block-heading\">Scientific papers:<\/h4>\n\n\n\n<ol class=\"wp-block-list\">\n<li>Buljat, Antonella; \u010cargonja, Marija; Mekterovi\u0107, Darko.<br><strong><a href=\"https:\/\/www.mdpi.com\/1660-4601\/21\/6\/768\">Source Apportionment of Particulate Matter in a Metal Workshop<\/a><\/strong>. \/\/\u00a0<em>International Journal of Environmental Research and Public Health<\/em>.\u00a0<strong>21<\/strong>\u00a0(2024) ,\u00a0<\/li>\n\n\n\n<li>Mifka, Boris; Teli\u0161man Prtenjak, Maja; Kavre Piltaver, Ivna; Mekterovi\u0107, Darko; Kuzmi\u0107, Josipa; Marciu\u0161, Marijan; Ciglene\u010dki, Irena.<br><strong><a href=\"https:\/\/agupubs.onlinelibrary.wiley.com\/doi\/full\/10.1029\/2023EA002879?fbclid=IwAR15_GMFk3U1AE84N9xln3nptucVuTAx95nOCdJuID2qcUJwRhH2cJA25dk\">Intense Desert Dust Event in the Northern Adriatic (March 2020); Insights From the Numerical Model Application and Chemical Characterization Results<\/a><\/strong>. \/\/\u00a0<em>Earth and Space Science<\/em>.\u00a0<strong>10<\/strong>\u00a0(2023) , e2023EA002879<\/li>\n\n\n\n<li>\u010cargonja, Marija; Mekterovi\u0107, Darko; \u017durga, Paula; Ravli\u0107-Gulan, Jagoda; Bogdanovi\u0107 Radovi\u0107, Iva; \u017dauhar, Gordana.<br><strong><a href=\"https:\/\/rdcu.be\/c2bPR\">Deposition of heavy metals in biological tissues of workers in metal workshops<\/a><\/strong>. \/\/\u00a0<em>Environmental Science and Pollution Research<\/em>.\u00a0<strong>30<\/strong>\u00a0(2023) , 36794-36806<\/li>\n\n\n\n<li>Mifka, Boris; Teli\u0161man Prtenjak, Maja; Kuzmi\u0107, Josipa; \u010cankovi\u0107, Milan; Mate\u0161a, Sarah; Ciglene\u010dki, Irena<br><strong><a href=\"https:\/\/agupubs.onlinelibrary.wiley.com\/doi\/10.1029\/2021JD035783\">Climatology of dust deposition in the Adriatic Sea; a possible impact on marine production<\/a><\/strong>. \/\/\u00a0<em>Journal of geophysical research. Atmospheres<\/em>.\u00a0<strong>127<\/strong>\u00a0(2022) , 26; e2021JD035783<\/li>\n\n\n\n<li>Alebi\u0107-Jureti\u0107, Ana; Mifka, Boris<br><strong><a href=\"https:\/\/link.springer.com\/article\/10.1007\/s11356-021-15629-0\">Sources of airborne particulates (PM10) in the port city of Rijeka, Croatia<\/a><\/strong>. \/\/\u00a0<em>Environmental science and pollution research<\/em>.\u00a0<strong>29<\/strong>\u00a0(2022) , 6578-6590<\/li>\n\n\n\n<li>Mifka, Boris; \u017durga, Paula; Konto\u0161i\u0107, Dario; Odor\u010di\u0107, Dajana; Mezlar, Marjana; Merico, Eva; Grasso, M. Fabbio; Conte, Marianna; Contini, Daniele; Alebi\u0107-Jureti\u0107, Ana<br><strong><a href=\"https:\/\/www.sciencedirect.com\/science\/article\/abs\/pii\/S0025326X21002708?via%3Dihub\">Characterization of airborne particulate fractions from the port city of Rijeka, Croatia<\/a><\/strong>. \/\/\u00a0<em>Marine pollution bulletin<\/em>.\u00a0<strong>166<\/strong>\u00a0(2021) , 112236<\/li>\n\n\n\n<li>\u010cargonja, Marija; Mekterovi\u0107, Darko; \u017durga, Paula; Ravli\u0107-Gulan, Jagoda; Bogdanovi\u0107 Radovi\u0107, Iva; \u017dauhar, Gordana.<br><strong><a href=\"https:\/\/analyticalsciencejournals.onlinelibrary.wiley.com\/doi\/full\/10.1002\/xrs.3197\">Elemental analysis of particulate matter in a metal workshop and of biological samples from exposed workers<\/a><\/strong>. \/\/\u00a0<em>X-Ray Spectrometry<\/em>.\u00a0<strong>50<\/strong>\u00a0(2021) , 68-79<\/li>\n\n\n\n<li>Cesari, Daniela; Merico, Eva; Dinoi, Adelaide; Gambaro, Andrea; Morabito, Elisa; Gregorois, Elena; Barbaro, Elena; Feltracco, Matteo; Alebi\u0107-Jureti\u0107, Ana; Odor\u010di\u0107, Dajana et al.<br><strong><a href=\"https:\/\/www.sciencedirect.com\/science\/article\/abs\/pii\/S1309104220301860?via%3Dihub\">An inter-comparison of size segregated carbonaceous aerosol collected by low-volume impactor in the port-cities of Venice (Italy) and Rijeka (Croatia)<\/a><\/strong>. \/\/\u00a0<em>Atmospheric Pollution Research<\/em>.\u00a0<strong>11<\/strong>\u00a0(2020) , 10; 1705-1714<\/li>\n\n\n\n<li>Merico, Eva; Conte, Marianna; Grasso, Fabio M.; Cesari, Daniela; Gambaro, Andrea; Morabito, Elisa; Gregoris, Elena, Orlando, Salvatore; Alebi\u0107-Jureti\u0107, Ana; Zubak, Velimir.; Mifka, Boris; Contini, Daniele<br><strong><a href=\"https:\/\/www.sciencedirect.com\/science\/article\/abs\/pii\/S0269749120336575?via%3Dihub\">Comparison of the impact of ships to size- segregated particle concentrations in two harbour cities of northern Adriatic Sea<\/a><\/strong>. \/\/\u00a0<em>Environmental pollution<\/em>.\u00a0<strong>266<\/strong>\u00a0(2020) , 115175, 10<\/li>\n\n\n\n<li>Pal\u010di\u0107, Ana; Szyja, Bart\u0142omiej M.; Mi\u010deti\u0107, Maja; \u010cendak, Toma\u017e; Akouche, Mariame; Jurai\u0107, Krunoslav; \u010cargonja, Marija; Mekterovi\u0107, Darko; Vu\u0161ak, Vitomir; Valtchev, Valentin.<br><strong><a href=\"https:\/\/www.bib.irb.hr\/1015674?&amp;rad=1015674\">Impact of the Zn source on the RSN-type zeolite formation<\/a><\/strong>. \/\/\u00a0<em>Inorganic Chemistry Frontiers<\/em>.\u00a0<strong>6<\/strong>\u00a0(2019) , 9; 2279-2290<\/li>\n\n\n\n<li>\u010cargonja, Marija; Mekterovi\u0107, Darko; Mance, Diana; \u017dauhar, Gordana; Bogdanovi\u0107 Radovi\u0107, Iva; Zamboni, Ivana.\u00a0<a href=\"https:\/\/onlinelibrary.wiley.com\/doi\/epdf\/10.1002\/xrs.3052\" target=\"_blank\" rel=\"noreferrer noopener\"><strong>Characteristics of aerosol pollution in the vicinity of an oil refinery near Rijeka, Croatia<\/strong><\/a>. \/\/\u00a0<em>X-ray spectrometry<\/em>.\u00a0<strong>48<\/strong>\u00a0(2019) , 5; 561<strong>&#8211;<\/strong>568<\/li>\n\n\n\n<li>\u010cargonja, Marija; \u017dauhar, Gordana; Orli\u0107, Ivica.<br><a href=\"https:\/\/www.rad-journal.org\/paper.php?id=88\" target=\"_blank\" rel=\"noreferrer noopener\"><strong>Analysis of aerosols in indoor working environment by X-ray fluorescence technique (XRF)<\/strong><\/a>. \/\/\u00a0<em>Radiation and Applications in Physics, Chemistry, Biology, Medical Sciences, Engineering and Environmental Sciences<\/em>.\u00a0<strong>2<\/strong>\u00a0(2017) , 3; 220<strong>&#8211;<\/strong>225\u00a0<\/li>\n\n\n\n<li>Ivo\u0161evi\u0107, Tatjana; Orli\u0107, Ivica; Bogdanovi\u0107 Radovi\u0107, Ivan\u010dica; \u010cargonja, Marija; Stelcer, Eduard.<br><a href=\"http:\/\/www.sciencedirect.com\/science\/article\/pii\/S0168583X17302161?via%3Dihub\" target=\"_blank\" rel=\"noreferrer noopener\"><strong>Composition and source apportionment of fine particulate matter during extended calm periods in the city of Rijeka, Croatia<\/strong><\/a>. \/\/\u00a0<em>Nuclear Instruments and Methods in Physics Research Section B: Beam Interactions with Materials and Atoms<\/em>.\u00a0<strong>406<\/strong>\u00a0(2017) , Part A; 82<strong>&#8211;<\/strong>86<\/li>\n\n\n\n<li>Merico, Eva; Gambaro, Andrea; Argiriou, Athanassios A.; Alebi\u0107-Jureti\u0107, Ana; Barbaro, Elena; Cesari, Daniela; Chasapidis, Leonidas; Dimopoulos, S.; Dinoi, Adelaide; Donateo, Antonio; Giannaros, Christos; Gregoris, Elena; Karagiannidis, Athanasios F.; Konstandopoulos, A.G.; Ivo\u0161evi\u0107, Tatjana; Liora, Natalia; Melas, Dimitrios; Mifka, Boris; Orli\u0107, Ivica; Poupkou, Anastasia; \u0160arovic, Kristina; Tsakis, Apostolos; Giua, Roberto; Pastore, Tiziano; Nocioni, Alessandra; Contini, Daniele.<br><a href=\"http:\/\/www.sciencedirect.com\/science\/article\/pii\/S1361920916303649?via%3Dihub\" target=\"_blank\" rel=\"noreferrer noopener\"><strong>Atmospheric impact of ship traffic in four Adriatic-Ionian port-cities: comparison and harmonization of different approaches<\/strong><\/a>. \/\/\u00a0<em>Transportation research part d-transport and environment<\/em>.\u00a0<strong>50<\/strong>\u00a0(2017) ; 431<strong>&#8211;<\/strong>445<\/li>\n\n\n\n<li>Ivo\u0161evi\u0107, Tatjana; Stelcer, Eduard; Orli\u0107, Ivica; Bogdanovi\u0107 Radovi\u0107, Ivan\u010dica; Cohen, David.<br><a href=\"http:\/\/www.sciencedirect.com\/science\/article\/pii\/S0168583X15010071?via%3Dihub\" target=\"_blank\" rel=\"noreferrer noopener\"><strong>Characterization and source apportionment of fine particulate sources at Rijeka, Croatia from 2013 to 2015<\/strong><\/a>. \/\/\u00a0<em>Nuclear Instruments and Methods in Physics Research. Section B: Beam Interactions with Materials and Atoms<\/em>.\u00a0<strong>371<\/strong>\u00a0(2016) ; 376<strong>&#8211;<\/strong>380<\/li>\n\n\n\n<li>Ivo\u0161evi\u0107, Tatjana; Orli\u0107, Ivica; Bogdanovi\u0107 Radovi\u0107, Ivan\u010dica.<br><a href=\"http:\/\/www.sciencedirect.com\/science\/article\/pii\/S0168583X1500765X?via%3Dihub\" target=\"_blank\" rel=\"noreferrer noopener\"><strong>Long term fine aerosol analysis by XRF and PIXE techniques in the city of Rijeka, Croatia<\/strong><\/a>. \/\/\u00a0<em>Nuclear Instruments and Method in Physics Research. Section B<\/em>.\u00a0<strong>363<\/strong>\u00a0(2015) ; 119<strong>&#8211;<\/strong>123<\/li>\n\n\n\n<li>Orli\u0107, Ivica; Mekterovi\u0107, Darko; Mekterovi\u0107, Igor; Ivo\u0161evi\u0107, Tatjana.<br><a href=\"http:\/\/www.sciencedirect.com\/science\/article\/pii\/S0168583X1500779X?via%3Dihub\" target=\"_blank\" rel=\"noreferrer noopener\"><strong>VIBA-Lab 3.0: Computer program for simulation and semi-quantitative analysis of PIXE and RBS spectra and 2D elemental maps<\/strong><\/a>. \/\/\u00a0<em>Nuclear Instruments and Method in Physics Research Section B<\/em>.\u00a0<strong>363<\/strong>\u00a0(2015) ; 37<strong>&#8211;<\/strong>41<\/li>\n\n\n\n<li>Ivo\u0161evi\u0107, Tatjana; Mandi\u0107, Luka; Orli\u0107, Ivica; Stelcer, Eduard; Cohen, David.<br><a href=\"http:\/\/www.sciencedirect.com\/science\/article\/pii\/S0168583X14006636?via%3Dihub\" target=\"_blank\" rel=\"noreferrer noopener\"><strong>Comparison between XRF and IBA techniques in analysis of \ufb01ne aerosols collected in Rijeka, Croatia<\/strong><\/a>. \/\/\u00a0<em>Nuclear Instruments and Methods in Physics Research. B<\/em>.\u00a0<strong>337<\/strong>\u00a0(2014) ; 83<strong>&#8211;<\/strong>89<\/li>\n<\/ol>\n\n\n\n<h4 class=\"wp-block-heading\">Scientific conferences:<\/h4>\n\n\n\n<ol class=\"wp-block-list\">\n<li><a href=\"https:\/\/zastitazraka.imi.hr\/hr\/\">Za\u0161tita zraka 2023, 20.-23. 9. 2023., Mlini, Hrvatska<\/a><\/li>\n\n\n\n<li><a href=\"https:\/\/www.meteohmd.hr\/hr\/aktivnosti\/izazovi\/izazovi8\/\">Meteorolo\u0161ki izazovi 8, 28.-29. 4. 2022., Zagreb, Hrvatska<\/a><\/li>\n\n\n\n<li><a href=\"http:\/\/rad2019.rad-conference.org\/welcome.php\">7<sup>th<\/sup>\u00a0International Conference on Radiation in Various Fields of Research, 10.-14. 6. 2019., Herceg Novi, Crna Gora<\/a><\/li>\n\n\n\n<li><a href=\"https:\/\/ecaart13.irb.hr\/\">13<sup>th<\/sup>\u00a0European Conference on Accelerators in Applied Research and Technology, 5.-10. 5. 2019., Split, Hrvatska<\/a><\/li>\n\n\n\n<li><a href=\"https:\/\/exrs2018.ijs.si\/\">European Conference on X-Ray Spectrometry, 24.-29. 6. 2018., Ljubljana, Slovenija<\/a><\/li>\n\n\n\n<li><a href=\"http:\/\/rad2017.rad-conference.org\/news.php\">Fifth International Conference on Radiation and Applications in Various Fields of Research, 12.-16. 6. 2017., Budva, Crna Gora<\/a><\/li>\n\n\n\n<li><a href=\"http:\/\/pixe2017.irb.hr\/\">15<sup>th<\/sup>\u00a0International Conference on Particle Induced X-ray Emission, 2.-7. 4. 2017. Split, Hrvatska<\/a>,\u00a0 (suorganizatori konferencije)<\/li>\n\n\n\n<li><a href=\"http:\/\/www.exrs2016.se\/\">European Conference on X-Ray Spectrometry, 19.-24. 6. 2016., G\u00f6teborg, \u0160vedska<\/a><\/li>\n\n\n\n<li><a href=\"https:\/\/iba2015.irb.hr\/\">22<sup>nd<\/sup>\u00a0International Conference on Ion Beam Analysis, 14.-19. 6. 2015., Opatija, Hrvatska<\/a><\/li>\n\n\n\n<li><a href=\"http:\/\/pixe2015.tlabs.ac.za\/\">14<sup>th<\/sup>\u00a0International Conference on Particle Induced X-ray Emission, 25.2-.3 .3.\u00a0 2015. Cape Town, Ju\u017enoafri\u010dka Republika<\/a><\/li>\n<\/ol>\n\n\n\n<h4 class=\"wp-block-heading\">Theses:<\/h4>\n\n\n\n<ol class=\"wp-block-list\">\n<li>Marko Barac: Utjecaj sekundarnih efekata u XRF analizi spektroskopijom x-zraka; mentor: prof. dr. sc. Ivica Orli\u0107<\/li>\n\n\n\n<li>Mia \u017dudi\u0107: XRF analiza finih frakcija aerosola; mentor: doc. dr. sc. Darko Mekterovi\u0107<\/li>\n\n\n\n<li>Maja Kero\u0161evi\u0107: Lebde\u0107e \u010destice u radionicama za obradu metala; mentor: doc. dr. sc. Darko Mekterovi\u0107<\/li>\n\n\n\n<li>Antonella Buljat: Elementna analiza lebde\u0107ih \u010destica u radionici za obradu metala; mentorica: dr. sc. Marija \u010cargonja<\/li>\n\n\n\n<li>Mattea Ma\u010dki\u0107 Jovanovi\u0107: Elementna analiza lebde\u0107ih \u010destica u blizini rafinerije nafte; mentorica: dr. sc. Marija \u010cargonja<\/li>\n\n\n\n<li>Patrick Sele\u0161: Oblik spektralnih linija u XRF i PIXE eksperimentalnim tehnikama; mentor: doc. dr. sc. Darko Mekterovi\u0107<\/li>\n\n\n\n<li>Marino Pupavac: Metoda PESA; mentor: doc. dr. sc. Darko Mekterovi\u0107<\/li>\n<\/ol>\n\n<\/div>\n\t\t<\/div>\n<\/div>\n\n\n<p><\/p>\n","protected":false},"excerpt":{"rendered":"<p>Room: O-022 Head of Laboratory:<\/p>\n","protected":false},"author":4,"featured_media":5542,"parent":5584,"menu_order":1,"comment_status":"closed","ping_status":"closed","template":"","meta":{"_acf_changed":false,"ub_ctt_via":"","footnotes":""},"class_list":["post-5592","page","type-page","status-publish","has-post-thumbnail","hentry"],"acf":[],"featured_image_src":"https:\/\/phy.uniri.hr\/wp-content\/uploads\/2025\/06\/O-Fakultetu.jpg","_links":{"self":[{"href":"https:\/\/phy.uniri.hr\/en\/wp-json\/wp\/v2\/pages\/5592","targetHints":{"allow":["GET"]}}],"collection":[{"href":"https:\/\/phy.uniri.hr\/en\/wp-json\/wp\/v2\/pages"}],"about":[{"href":"https:\/\/phy.uniri.hr\/en\/wp-json\/wp\/v2\/types\/page"}],"author":[{"embeddable":true,"href":"https:\/\/phy.uniri.hr\/en\/wp-json\/wp\/v2\/users\/4"}],"replies":[{"embeddable":true,"href":"https:\/\/phy.uniri.hr\/en\/wp-json\/wp\/v2\/comments?post=5592"}],"version-history":[{"count":6,"href":"https:\/\/phy.uniri.hr\/en\/wp-json\/wp\/v2\/pages\/5592\/revisions"}],"predecessor-version":[{"id":7857,"href":"https:\/\/phy.uniri.hr\/en\/wp-json\/wp\/v2\/pages\/5592\/revisions\/7857"}],"up":[{"embeddable":true,"href":"https:\/\/phy.uniri.hr\/en\/wp-json\/wp\/v2\/pages\/5584"}],"wp:featuredmedia":[{"embeddable":true,"href":"https:\/\/phy.uniri.hr\/en\/wp-json\/wp\/v2\/media\/5542"}],"wp:attachment":[{"href":"https:\/\/phy.uniri.hr\/en\/wp-json\/wp\/v2\/media?parent=5592"}],"curies":[{"name":"wp","href":"https:\/\/api.w.org\/{rel}","templated":true}]}}