{"id":5650,"date":"2025-02-13T11:34:35","date_gmt":"2025-02-13T10:34:35","guid":{"rendered":"https:\/\/phy.uniri.hr\/?page_id=5650"},"modified":"2026-03-16T23:02:26","modified_gmt":"2026-03-16T22:02:26","slug":"division-of-theoretical-physics-and-astrophysics","status":"publish","type":"page","link":"https:\/\/phy.uniri.hr\/en\/about-the-faculty\/organisation\/division-of-theoretical-physics-and-astrophysics\/","title":{"rendered":"Division of Theoretical Physics and Astrophysics"},"content":{"rendered":"\n<h3 class=\"wp-block-heading\">Head:<\/h3>\n\n\n\n<p><strong>Assoc. Prof. Tomislav Terzi\u0107,&nbsp;PhD<\/strong><br>E-mail: <a href=\"mailto:tterzic@uniri.hr\">tterzic@uniri.hr<\/a><br>Tel:&nbsp;+385 51 584 626<\/p>\n\n\n<div class=\"wp-block-ub-content-toggle wp-block-ub-content-toggle-block\" id=\"ub-content-toggle-block-0fdcfae0-9810-4c53-a91b-2e79ea18aa2c\" data-mobilecollapse=\"false\" data-desktopcollapse=\"true\" data-preventcollapse=\"false\" data-showonlyone=\"false\">\n<div class=\"wp-block-ub-content-toggle-accordion\" style=\"border-color: #f1f1f1;\" id=\"ub-content-toggle-panel-block-\">\n\t\t\t<div class=\"wp-block-ub-content-toggle-accordion-title-wrap\" style=\"background-color: #f1f1f1;\" aria-controls=\"ub-content-toggle-panel-0-0fdcfae0-9810-4c53-a91b-2e79ea18aa2c\" tabindex=\"0\">\n\t\t\t<p class=\"wp-block-ub-content-toggle-accordion-title ub-content-toggle-title-0fdcfae0-9810-4c53-a91b-2e79ea18aa2c\" style=\"color: #000000; \">Research lines developed at the Division<\/p>\n\t\t\t<div class=\"wp-block-ub-content-toggle-accordion-toggle-wrap right\" style=\"color: #000000;\"><span class=\"wp-block-ub-content-toggle-accordion-state-indicator wp-block-ub-chevron-down\"><\/span><\/div>\n\t\t<\/div>\n\t\t\t<div role=\"region\" aria-expanded=\"false\" class=\"wp-block-ub-content-toggle-accordion-content-wrap ub-hide\" id=\"ub-content-toggle-panel-0-0fdcfae0-9810-4c53-a91b-2e79ea18aa2c\">\n\n<p><strong>Research in the field of astrophysics<\/strong> is observational and theoretical. It includes investigation of the atmosphere of various types of stars, with particular focus on the Sun, sky surveys in the optical range, as well as gamma-ray observations through detection of Cherenkov radiation.<\/p>\n\n\n\n<figure class=\"wp-block-image alignright size-full is-resized\"><img decoding=\"async\" src=\"https:\/\/phy.uniri.hr\/wp-content\/uploads\/2025\/05\/coronal_holes.gif\" alt=\"\" class=\"wp-image-7242\" style=\"object-fit:cover;width:180px;height:180px\"><\/figure>\n\n\n\n<p>We investigate cataclysmic variable stars and especially symbiotic stars with spectroscopic and photometric methods. We study variations of helium lines of the Sun&#8217;s chromosphere and coronal holes observed in the microwave spectral range. Properties of the solar velocity field (rotational, meridional and azimuthal flows, their correlation and covariance, Reynolds stress) indicated by motions of the sunspot groups are investigated in order to reveal the transfer of the angular momentum from higher to lower latitudes and to maintain the current differential rotation profile. We study dependence of solar rotation on time and on the phase of the solar cycle, as well as the relationship between solar rotation and activity (R. Jurdana-\u0160epi\u0107, I. Poljan\u010di\u0107-Beljan, K. Lon\u010dari\u0107, T. Jurki\u0107, S. Mi\u0107anovi\u0107).<\/p>\n\n\n\n<figure class=\"wp-block-image alignleft size-full is-resized\"><img fetchpriority=\"high\" decoding=\"async\" width=\"1200\" height=\"800\" src=\"https:\/\/phy.uniri.hr\/wp-content\/uploads\/2025\/10\/VeraCRubin.jpg\" alt=\"\" class=\"wp-image-5356\" style=\"width:auto;height:200px\" srcset=\"https:\/\/phy.uniri.hr\/wp-content\/uploads\/2025\/10\/VeraCRubin.jpg 1200w, https:\/\/phy.uniri.hr\/wp-content\/uploads\/2025\/10\/VeraCRubin-300x200.jpg 300w, https:\/\/phy.uniri.hr\/wp-content\/uploads\/2025\/10\/VeraCRubin-1024x683.jpg 1024w, https:\/\/phy.uniri.hr\/wp-content\/uploads\/2025\/10\/VeraCRubin-768x512.jpg 768w\" sizes=\"(max-width: 1200px) 100vw, 1200px\" \/><\/figure>\n\n\n\n<p>The <a href=\"https:\/\/rubinobservatory.org\/explore\/how-rubin-works\/lsst\">LSST<\/a> is the largest sky survey ever undertaken in the history of astronomy. Just in its first month of operation, it will see more of the universe than all telescopes combined throughout human history. LSST runs at <a href=\"https:\/\/rubinobservatory.org\">Vera C. Rubin<\/a> Observatory in Chile, and it will observe the entire southern sky every three days over the course of 10 years, obtaining the largest and the longest ever colour movie of the universe by creating the largest astronomical database of 40 billion stars and galaxies. Using modern methods such as machine learning and artificial intelligence, we study stellar populations and the structure of our galaxy, potentially hazardous asteroids, variable stars, and white dwarfs in systems that can lead to supernova eruptions (T. Jurki\u0107, K. Mrakov\u010di\u0107).<\/p>\n\n\n\n<p>Using Cherenkov telescopes <a href=\"https:\/\/www.ctao.org\/emission-to-discovery\/telescopes\/lst\/\">CTAO-LST<\/a> and<a href=\"http:\/\/wwwmagic.mppmu.mpg.de\/\"> MAGIC<\/a> located at<a href=\"http:\/\/www.iac.es\/eno.php?op1=2&amp;lang=en\"> Canary island La Palma (ORM)<\/a> we observe scattering of gamma rays in Earth\u2019s atmosphere. Based on the analysis of light curves and gamma-ray spectra, we model physical phenomena in extreme conditions: active galactic nuclei (AGN), gamma-ray bursts (GRB), pulsars, starburst galaxies, and supernovae, as well as investigate the structure of spacetime. The Faculty of Physics of the University of Rijeka is co-owner of MAGIC telescopes and accompanying\u00a0 experimental equipment. We are also involved in the design and development of the first wide-filed Cherenkov detector in the southern hemisphere <a href=\"https:\/\/www.swgo.org\/SWGOWiki\/doku.php\">SWGO<\/a>.<\/p>\n\n\n\n<figure class=\"wp-block-image aligncenter size-full\"><a href=\"https:\/\/phy.uniri.hr\/wp-content\/uploads\/2025\/05\/IMG_0794b1.jpg\"><img decoding=\"async\" width=\"600\" height=\"160\" src=\"https:\/\/phy.uniri.hr\/wp-content\/uploads\/2025\/05\/IMG_0794b1.jpg\" alt=\"\" class=\"wp-image-3876\" srcset=\"https:\/\/phy.uniri.hr\/wp-content\/uploads\/2025\/05\/IMG_0794b1.jpg 600w, https:\/\/phy.uniri.hr\/wp-content\/uploads\/2025\/05\/IMG_0794b1-300x80.jpg 300w\" sizes=\"(max-width: 600px) 100vw, 600px\" \/><\/a><\/figure>\n\n\n\n<p>For more details on our activities with CTAO, MAGIC, and SWGO check out<a href=\"http:\/\/www.phy.uniri.hr\/en\/divisions-and-laboratories\/50-en\/divisions-and-laboratories\/1327-laboratory-for-astroparticle-physics.html\"> Laboratory for Astroparticle Physics<\/a> (D. Dominis Prester, M. Manganaro, K. Mrakov\u010di\u0107, F. Re\u0161\u010di\u0107, and T. Terzi\u0107).<\/p>\n\n\n\n<p><strong>Research in theoretical physics <\/strong>covers a wide range of phenomena from Compton scattering on atoms, physics of lower-dimensional gauge and gravity theories, to thermodynamics of black holes and unification of forces.<\/p>\n\n\n\n<figure class=\"wp-block-image alignleft size-full is-resized\"><img decoding=\"async\" width=\"368\" height=\"294\" src=\"https:\/\/phy.uniri.hr\/wp-content\/uploads\/2025\/05\/BlackHole.jpg\" alt=\"\" class=\"wp-image-3878\" style=\"width:auto;height:200px\" srcset=\"https:\/\/phy.uniri.hr\/wp-content\/uploads\/2025\/05\/BlackHole.jpg 368w, https:\/\/phy.uniri.hr\/wp-content\/uploads\/2025\/05\/BlackHole-300x240.jpg 300w\" sizes=\"(max-width: 368px) 100vw, 368px\" \/><\/figure>\n\n\n\n<p>Gravity still eludes a full quantum description for various reasons. It is therefore worth trying different alternative approaches to the description of gravity and other fundamental fields. One of these approaches relies on higher spin theory (where the spin is greater than 2). There are various indications that it could contribute to a better behavior of theoretical models at high energies. It is also interesting to observe the field theories that describe the class of &#8220;continuous \/ infinite spin particle&#8221; particles. Common properties of these theories are a certain amount of non-locality, an infinite number of degrees of freedom at each point of space-time and an unconventionally represented Lorentz group, properties that are not present in the usual &#8220;textbook&#8221; approaches to quantum field theories, and which could allow a more complete understanding of gravity and quantum field theories at high energies. (M. Pauli\u0161i\u0107 in collaboration with P. Dominis Prester from the Faculty of Mathematics).<\/p>\n\n\n\n<p>A line of research being pursued focuses on 2D and 3D Chern-Simons gravity and their conformal boundary theories (or an ensemble of such theories). On the gravity side, the research centers on solving the partition function and describing the geometry in non-relativistic regimes. Meanwhile, research on the boundary theories focuses on their role in describing the quantum phases of condensed matter models, particularly in the context of fractional quantum Hall states (A. Ranjbar).<\/p>\n\n\n\n<p>We extended the study of Compton scattering on atoms with an independent particle model to double-ionised helium atoms with corrections from Coulomb and magnetic interaction. We also study scattering on two centres, for example scattering on positronium (Z. Kaliman).<\/p>\n\n\n\n<p>We perform research of magnetism, in particular spintronics, a research field focused on using electron spin for data recording, storing, and transfer (V. Labinac)..<\/p>\n\n\n\n<h4 class=\"wp-block-heading\"><strong>Membership in international research collaborations<\/strong><\/h4>\n\n\n\n<ul class=\"wp-block-list\">\n<li><a href=\"https:\/\/www.ctao.org\/\">CTAO \u2013 Cherenkov Telescope Array Observatory<\/a> (D. Dominis Prester, M. Manganaro, K. Mrakov\u010di\u0107, T. Terzi\u0107)<\/li>\n\n\n\n<li><a href=\"https:\/\/www.lsst.org\/\">LSST \u2013 Large Synoptic Survey Telescope<\/a> (T. Jurki\u0107, K. Mrakov\u010di\u0107)<\/li>\n\n\n\n<li><a href=\"https:\/\/magic.mpp.mpg.de\/\">MAGIC \u2013 Major Atmospheric Gamma Imaging Cherenkov<\/a> (\u010dlanovi: D. Dominis Prester, M. Manganaro, T. Terzi\u0107)<\/li>\n\n\n\n<li><a href=\"https:\/\/www.swgo.org\/SWGOWiki\/doku.php\">SWGO <\/a><a href=\"https:\/\/magic.mpp.mpg.de\/\">\u2013<\/a><a href=\"https:\/\/www.swgo.org\/SWGOWiki\/doku.php\"> Southern Wide-field Gamma-ray Observatory<\/a> (J. Isakovi\u0107, M. Manganaro, F. Re\u0161\u010di\u0107, T. Terzi\u0107)<\/li>\n\n\n\n<li><a href=\"https:\/\/nugrid.github.io\/\">NuGrid<\/a> (M. Manganaro)<\/li>\n<\/ul>\n\n<\/div>\n\t\t<\/div>\n\n<div class=\"wp-block-ub-content-toggle-accordion\" style=\"border-color: #f1f1f1;\" id=\"ub-content-toggle-panel-block-\">\n\t\t\t<div class=\"wp-block-ub-content-toggle-accordion-title-wrap\" style=\"background-color: #f1f1f1;\" aria-controls=\"ub-content-toggle-panel-1-0fdcfae0-9810-4c53-a91b-2e79ea18aa2c\" tabindex=\"0\">\n\t\t\t<p class=\"wp-block-ub-content-toggle-accordion-title ub-content-toggle-title-0fdcfae0-9810-4c53-a91b-2e79ea18aa2c\" style=\"color: #000000; \">Projects<\/p>\n\t\t\t<div class=\"wp-block-ub-content-toggle-accordion-toggle-wrap right\" style=\"color: #000000;\"><span class=\"wp-block-ub-content-toggle-accordion-state-indicator wp-block-ub-chevron-down\"><\/span><\/div>\n\t\t<\/div>\n\t\t\t<div role=\"region\" aria-expanded=\"false\" class=\"wp-block-ub-content-toggle-accordion-content-wrap ub-hide\" id=\"ub-content-toggle-panel-1-0fdcfae0-9810-4c53-a91b-2e79ea18aa2c\">\n\n<p><a href=\"https:\/\/phy.uniri.hr\/en\/research\/projects\/\">Projects<\/a><\/p>\n\n<\/div>\n\t\t<\/div>\n\n<div class=\"wp-block-ub-content-toggle-accordion\" style=\"border-color: #f1f1f1;\" id=\"ub-content-toggle-panel-block-\">\n\t\t\t<div class=\"wp-block-ub-content-toggle-accordion-title-wrap\" style=\"background-color: #f1f1f1;\" aria-controls=\"ub-content-toggle-panel-2-0fdcfae0-9810-4c53-a91b-2e79ea18aa2c\" tabindex=\"0\">\n\t\t\t<p class=\"wp-block-ub-content-toggle-accordion-title ub-content-toggle-title-0fdcfae0-9810-4c53-a91b-2e79ea18aa2c\" style=\"color: #000000; \">Scientific papers (CC\/WoS)<\/p>\n\t\t\t<div class=\"wp-block-ub-content-toggle-accordion-toggle-wrap right\" style=\"color: #000000;\"><span class=\"wp-block-ub-content-toggle-accordion-state-indicator wp-block-ub-chevron-down\"><\/span><\/div>\n\t\t<\/div>\n\t\t\t<div role=\"region\" aria-expanded=\"false\" class=\"wp-block-ub-content-toggle-accordion-content-wrap ub-hide\" id=\"ub-content-toggle-panel-2-0fdcfae0-9810-4c53-a91b-2e79ea18aa2c\">\n\n<p><a href=\"https:\/\/phy.uniri.hr\/en\/research\/publications\/publications-of-the-division-of-theoretical-physics-and-astrophysics\/\">Publications of the Division of Theoretical Physics and Astrophysics<\/a><\/p>\n\n<\/div>\n\t\t<\/div>\n\n<div class=\"wp-block-ub-content-toggle-accordion\" style=\"border-color: #f1f1f1;\" id=\"ub-content-toggle-panel-block-\">\n\t\t\t<div class=\"wp-block-ub-content-toggle-accordion-title-wrap\" style=\"background-color: #f1f1f1;\" aria-controls=\"ub-content-toggle-panel-3-0fdcfae0-9810-4c53-a91b-2e79ea18aa2c\" tabindex=\"0\">\n\t\t\t<p class=\"wp-block-ub-content-toggle-accordion-title ub-content-toggle-title-0fdcfae0-9810-4c53-a91b-2e79ea18aa2c\" style=\"color: #000000; \">Staff<\/p>\n\t\t\t<div class=\"wp-block-ub-content-toggle-accordion-toggle-wrap right\" style=\"color: #000000;\"><span class=\"wp-block-ub-content-toggle-accordion-state-indicator wp-block-ub-chevron-down\"><\/span><\/div>\n\t\t<\/div>\n\t\t\t<div role=\"region\" aria-expanded=\"false\" class=\"wp-block-ub-content-toggle-accordion-content-wrap ub-hide\" id=\"ub-content-toggle-panel-3-0fdcfae0-9810-4c53-a91b-2e79ea18aa2c\">\n\n<ul class=\"wp-block-list\">\n<li><a href=\"https:\/\/portal.uniri.hr\/portfelj\/473\">Prof. Rajka Jurdana-\u0160epi\u0107,\u00a0PhD<\/a><\/li>\n\n\n\n<li><a href=\"https:\/\/portal.uniri.hr\/Portfelj\/Index\/1496\">Prof. Dijana Dominis\u00a0Prester,\u00a0PhD<\/a><\/li>\n\n\n\n<li><a href=\"https:\/\/portal.uniri.hr\/Portfelj\/Details\/2879\">Assoc. Prof. Marina\u00a0Manganaro,\u00a0PhD<\/a><\/li>\n\n\n\n<li><a href=\"https:\/\/portal.uniri.hr\/Portfelj\/Index\/906\">Assoc. Prof. Tomislav Terzi\u0107,\u00a0PhD<\/a><\/li>\n\n\n\n<li><a href=\"https:\/\/portfelj.uniri.hr\/Portfelj\/783\">Assist. Prof. Tomislav\u00a0Jurki\u0107,\u00a0PhD<\/a><\/li>\n\n\n\n<li><a href=\"https:\/\/portal.uniri.hr\/Portfelj\/2673\">Assist. Prof. Sa\u0161a\u00a0Mi\u0107anovi\u0107,\u00a0PhD<\/a><\/li>\n\n\n\n<li><a href=\"https:\/\/portal.uniri.hr\/Portfelj\/810\">Assist. Prof. Ivana\u00a0Poljan\u010di\u0107\u00a0Beljan,\u00a0PhD<\/a><\/li>\n\n\n\n<li><a href=\"https:\/\/portal.uniri.hr\/Portfelj\/Details\/7908\">Assist. Prof.\u00a0Arash\u00a0Ranjbar\u00a0Zidehi,\u00a0PhD<\/a><\/li>\n\n\n\n<li><a href=\"https:\/\/portal.uniri.hr\/Portfelj\/752\">Velimir Labinac, Senior\u00a0Lecturer<\/a><\/li>\n\n\n\n<li><a href=\"https:\/\/portal.uniri.hr\/Portfelj\/1601\">Klaudija Lon\u010dari\u0107, Senior\u00a0Lecturer<\/a><\/li>\n\n\n\n<li><a href=\"https:\/\/portfelj.uniri.hr\/Portfelj\/Details\/2681\">Mateo Pauli\u0161i\u0107, PhD<\/a><\/li>\n\n\n\n<li><a href=\"https:\/\/portfelj.uniri.hr\/Portfelj\/Details\/7541\">Karlo Mrakov\u010di\u0107<\/a><\/li>\n\n\n\n<li><a href=\"https:\/\/portfelj.uniri.hr\/Portfelj\/Details\/7523\">Filip Re\u0161\u010di\u0107<\/a><\/li>\n<\/ul>\n\n<\/div>\n\t\t<\/div>\n<\/div>\n\n\n<p><\/p>\n","protected":false},"excerpt":{"rendered":"<p>Head: Assoc. Prof. Tomislav Terzi\u0107,&nbsp;PhDE-mail: tterzic@uniri.hrTel:&nbsp;+385 51 584 626<\/p>\n","protected":false},"author":4,"featured_media":5542,"parent":5562,"menu_order":2,"comment_status":"closed","ping_status":"closed","template":"","meta":{"_acf_changed":false,"ub_ctt_via":"","footnotes":""},"class_list":["post-5650","page","type-page","status-publish","has-post-thumbnail","hentry"],"acf":[],"featured_image_src":"https:\/\/phy.uniri.hr\/wp-content\/uploads\/2025\/06\/O-Fakultetu.jpg","_links":{"self":[{"href":"https:\/\/phy.uniri.hr\/en\/wp-json\/wp\/v2\/pages\/5650","targetHints":{"allow":["GET"]}}],"collection":[{"href":"https:\/\/phy.uniri.hr\/en\/wp-json\/wp\/v2\/pages"}],"about":[{"href":"https:\/\/phy.uniri.hr\/en\/wp-json\/wp\/v2\/types\/page"}],"author":[{"embeddable":true,"href":"https:\/\/phy.uniri.hr\/en\/wp-json\/wp\/v2\/users\/4"}],"replies":[{"embeddable":true,"href":"https:\/\/phy.uniri.hr\/en\/wp-json\/wp\/v2\/comments?post=5650"}],"version-history":[{"count":30,"href":"https:\/\/phy.uniri.hr\/en\/wp-json\/wp\/v2\/pages\/5650\/revisions"}],"predecessor-version":[{"id":7782,"href":"https:\/\/phy.uniri.hr\/en\/wp-json\/wp\/v2\/pages\/5650\/revisions\/7782"}],"up":[{"embeddable":true,"href":"https:\/\/phy.uniri.hr\/en\/wp-json\/wp\/v2\/pages\/5562"}],"wp:featuredmedia":[{"embeddable":true,"href":"https:\/\/phy.uniri.hr\/en\/wp-json\/wp\/v2\/media\/5542"}],"wp:attachment":[{"href":"https:\/\/phy.uniri.hr\/en\/wp-json\/wp\/v2\/media?parent=5650"}],"curies":[{"name":"wp","href":"https:\/\/api.w.org\/{rel}","templated":true}]}}