{"id":5684,"date":"2025-02-13T11:37:19","date_gmt":"2025-02-13T10:37:19","guid":{"rendered":"https:\/\/phy.uniri.hr\/?page_id=5684"},"modified":"2026-03-14T18:14:31","modified_gmt":"2026-03-14T17:14:31","slug":"quality-assurance","status":"publish","type":"page","link":"https:\/\/phy.uniri.hr\/en\/about-the-faculty\/quality-assurance\/","title":{"rendered":"Quality Assurance"},"content":{"rendered":"\n<p>In line with the mission, vision, and goals of the Faculty of Physics as defined in the <em>Strategic Development Plan of the Faculty of Physics, University of Rijeka 2021\u20132025<\/em>, the following is established:<\/p>\n\n\n\n<p class=\"has-text-align-center\">QUALITY ASSURANCE POLICY<\/p>\n\n\n\n<p>The Faculty of Physics, University of Rijeka, is actively committed to developing a culture of quality through:<\/p>\n\n\n\n<ul class=\"wp-block-list\">\n<li>improving the quality assurance system (QAS) at the Faculty of Physics (FIZRI), based on university criteria, i.e. European and national standards and guidelines for quality assurance, which will contribute to the acquisition of student competencies in accordance with the needs of society<\/li>\n\n\n\n<li>actively involving all FIZRI employees in the QAS, including management, teaching and non-teaching staff, students, and external associates<\/li>\n\n\n\n<li>encouraging scientific output and developing study programs based on innovative scientific research conducted by FIZRI staff, in line with the principles of the Croatian Qualifications Framework (CQF), thereby contributing to the active role of FIZRI in the development of the local economy and the community in which it operates<\/li>\n\n\n\n<li>ensuring transparency in operations and responsible management, as well as creating a stimulating environment for scientific work, learning, and teaching at FIZRI<\/li>\n\n\n\n<li>continuously monitoring quality indicators of work and, accordingly, periodically revising the policy, objectives, and procedures of quality assurance at FIZRI.<\/li>\n<\/ul>\n\n\n\n<p class=\"has-text-align-right\">Prof. Rajka Jurdana-\u0160epi\u0107, PhD<br>Dean of the Faculty of Physics, University of Rijeka\u00a0<\/p>\n\n\n\n<p>The objective of the <em>Quality Assurance and Enhancement System of the Faculty of Physics<\/em> is defined in the <em>Regulations on the Quality Assurance and Enhancement System of the Faculty of Physics, University of Rijeka<\/em> as follows:<\/p>\n\n\n\n<p><em>The objective of the Faculty\u2019s Quality System, which is based on standards, policies, and practices within the European Higher Education and Research Area, is to establish a comprehensive management approach to ensure and enhance quality. This approach guarantees high quality, consistency, and transparency in all areas of activity, improves stakeholder satisfaction, and enhances efficiency.<\/em><\/p>\n\n\n\n<p>By decision of the Faculty Council of the Faculty of Physics, University of Rijeka, to adopt the <em>Quality Assurance Handbook of the University of Rijeka<\/em>, the said handbook is also used as the Quality Assurance Handbook at the Faculty of Physics. In doing so, the Faculty of Physics has adopted the University of Rijeka\u2019s quality policy as its own, thereby actively committing itself to developing a culture of quality.<\/p>\n\n\n\n<h4 class=\"wp-block-heading\"><strong>Members of the Committee for Quality Assurance and Enhancement<\/strong><\/h4>\n\n\n\n<p>Chair: Associate Professor Iva \u0160ari\u0107 Jankovi\u0107, PhD<\/p>\n\n\n\n<ul class=\"wp-block-list\">\n<li>Prof. Rajka Jurdana-\u0160epi\u0107, PhD<\/li>\n\n\n\n<li>Assoc. Prof. Tomislav Terzi\u0107,\u00a0PhD<\/li>\n\n\n\n<li>Assist. Prof. Ivana\u00a0Poljan\u010di\u0107\u00a0Beljan,\u00a0PhD<\/li>\n\n\n\n<li>Daria Jardas Babi\u0107, PhD<\/li>\n\n\n\n<li>Marijana Majeti\u0107, Senior Technician<\/li>\n\n\n\n<li>Anastazija Vojkovi\u0107 (student)<\/li>\n\n\n\n<li>Ivan Poropat (external stakeholder)<\/li>\n<\/ul>\n\n\n<div class=\"wp-block-ub-content-toggle wp-block-ub-content-toggle-block\" id=\"ub-content-toggle-block-ea37e72c-4bc5-4d57-bf83-5932551b6352\" data-mobilecollapse=\"false\" data-desktopcollapse=\"true\" data-preventcollapse=\"false\" data-showonlyone=\"false\">\n<div class=\"wp-block-ub-content-toggle-accordion\" style=\"border-color: #f1f1f1;\" id=\"ub-content-toggle-panel-block-\">\n\t\t\t<div class=\"wp-block-ub-content-toggle-accordion-title-wrap\" style=\"background-color: #f1f1f1;\" aria-controls=\"ub-content-toggle-panel-0-ea37e72c-4bc5-4d57-bf83-5932551b6352\" tabindex=\"0\">\n\t\t\t<p class=\"wp-block-ub-content-toggle-accordion-title ub-content-toggle-title-ea37e72c-4bc5-4d57-bf83-5932551b6352\" style=\"color: #000000; \">Useful links<\/p>\n\t\t\t<div class=\"wp-block-ub-content-toggle-accordion-toggle-wrap right\" style=\"color: #000000;\"><span class=\"wp-block-ub-content-toggle-accordion-state-indicator wp-block-ub-chevron-down\"><\/span><\/div>\n\t\t<\/div>\n\t\t\t<div role=\"region\" aria-expanded=\"false\" class=\"wp-block-ub-content-toggle-accordion-content-wrap ub-hide\" id=\"ub-content-toggle-panel-0-ea37e72c-4bc5-4d57-bf83-5932551b6352\">\n\n<ul class=\"wp-block-list\">\n<li><a href=\"https:\/\/uniri.hr\/en\/about-university\/quality-assurance-system\/\">University of Rijeka &#8211; Quality Assurance System<\/a><\/li>\n\n\n\n<li><a href=\"https:\/\/www.azvo.hr\/en\/\">AZVO<\/a><\/li>\n\n\n\n<li><a href=\"https:\/\/www.enqa.eu\/\">ENQA<\/a><\/li>\n<\/ul>\n\n<\/div>\n\t\t<\/div>\n<\/div>\n\n\n<p><\/p>\n","protected":false},"excerpt":{"rendered":"<p>In line with the mission, vision, and goals of the Faculty of Physics as defined in the Strategic Development Plan of the Faculty of Physics, University of Rijeka 2021\u20132025, the following is established: QUALITY ASSURANCE POLICY The Faculty of Physics, University of Rijeka, is actively committed to developing a culture of quality through: Prof. Rajka [&hellip;]<\/p>\n","protected":false},"author":4,"featured_media":5542,"parent":5543,"menu_order":5,"comment_status":"closed","ping_status":"closed","template":"","meta":{"_acf_changed":false,"ub_ctt_via":"","footnotes":""},"class_list":["post-5684","page","type-page","status-publish","has-post-thumbnail","hentry"],"acf":[],"featured_image_src":"https:\/\/phy.uniri.hr\/wp-content\/uploads\/2025\/06\/O-Fakultetu.jpg","_links":{"self":[{"href":"https:\/\/phy.uniri.hr\/en\/wp-json\/wp\/v2\/pages\/5684","targetHints":{"allow":["GET"]}}],"collection":[{"href":"https:\/\/phy.uniri.hr\/en\/wp-json\/wp\/v2\/pages"}],"about":[{"href":"https:\/\/phy.uniri.hr\/en\/wp-json\/wp\/v2\/types\/page"}],"author":[{"embeddable":true,"href":"https:\/\/phy.uniri.hr\/en\/wp-json\/wp\/v2\/users\/4"}],"replies":[{"embeddable":true,"href":"https:\/\/phy.uniri.hr\/en\/wp-json\/wp\/v2\/comments?post=5684"}],"version-history":[{"count":4,"href":"https:\/\/phy.uniri.hr\/en\/wp-json\/wp\/v2\/pages\/5684\/revisions"}],"predecessor-version":[{"id":7301,"href":"https:\/\/phy.uniri.hr\/en\/wp-json\/wp\/v2\/pages\/5684\/revisions\/7301"}],"up":[{"embeddable":true,"href":"https:\/\/phy.uniri.hr\/en\/wp-json\/wp\/v2\/pages\/5543"}],"wp:featuredmedia":[{"embeddable":true,"href":"https:\/\/phy.uniri.hr\/en\/wp-json\/wp\/v2\/media\/5542"}],"wp:attachment":[{"href":"https:\/\/phy.uniri.hr\/en\/wp-json\/wp\/v2\/media?parent=5684"}],"curies":[{"name":"wp","href":"https:\/\/api.w.org\/{rel}","templated":true}]}}