{"id":5741,"date":"2025-02-13T12:21:31","date_gmt":"2025-02-13T11:21:31","guid":{"rendered":"https:\/\/phy.uniri.hr\/?page_id=5741"},"modified":"2026-03-15T20:54:14","modified_gmt":"2026-03-15T19:54:14","slug":"projects","status":"publish","type":"page","link":"https:\/\/phy.uniri.hr\/en\/research\/projects\/","title":{"rendered":"Projects"},"content":{"rendered":"<div class=\"wp-block-ub-content-toggle wp-block-ub-content-toggle-block\" id=\"ub-content-toggle-block-95e3a7da-d8f5-4194-ae66-f1bcab45a720\" data-mobilecollapse=\"false\" data-desktopcollapse=\"true\" data-preventcollapse=\"false\" data-showonlyone=\"false\">\n<div class=\"wp-block-ub-content-toggle-accordion\" style=\"border-color: #f1f1f1;\" id=\"ub-content-toggle-panel-block-\">\n\t\t\t<div class=\"wp-block-ub-content-toggle-accordion-title-wrap\" style=\"background-color: #f1f1f1;\" aria-controls=\"ub-content-toggle-panel-0-95e3a7da-d8f5-4194-ae66-f1bcab45a720\" tabindex=\"0\">\n\t\t\t<p class=\"wp-block-ub-content-toggle-accordion-title ub-content-toggle-title-95e3a7da-d8f5-4194-ae66-f1bcab45a720\" style=\"color: #000000; \">Croatian Science Foundation Projects<\/p>\n\t\t\t<div class=\"wp-block-ub-content-toggle-accordion-toggle-wrap right\" style=\"color: #000000;\"><span class=\"wp-block-ub-content-toggle-accordion-state-indicator wp-block-ub-chevron-down\"><\/span><\/div>\n\t\t<\/div>\n\t\t\t<div role=\"region\" aria-expanded=\"false\" class=\"wp-block-ub-content-toggle-accordion-content-wrap ub-hide\" id=\"ub-content-toggle-panel-0-95e3a7da-d8f5-4194-ae66-f1bcab45a720\">\n\n<ul class=\"wp-block-list\">\n<li>\u201e<a href=\"https:\/\/phy.uniri.hr\/en\/research\/projects\/very-high-energy-gamma-ray-astronomy-in-the-multi-messenger-era-astro-gamma\/\">Very-high-energy Gamma Ray Astronomy in the Multi-messenger Era (ASTRO-GAMMA)<\/a>\u201c, Principal Investigator: M. Manganaro, University of Rijeka. Collaborators: D. Dominis Prester, S. Mi\u0107anovi\u0107, K. Mrakov\u010di\u0107, F. Re\u0161\u010di\u0107, T. Terzi\u0107 (University of Rijeka); A. Babi\u0107, \u017d. Bo\u0161njak (University of Zagreb); M. Doro (University of Padua, Italy); N. Godinovi\u0107, T. \u0160ari\u0107 (University of Split); D. Hrupec, J. Stri\u0161kovi\u0107 (Josip Juraj Strossmayer University of Osijek); J. Isakovi\u0107 (Omnion Research International Ltd., Croatia); M. Pecimotika (Ru\u0111er Bo\u0161kovi\u0107 Institute, Zagreb). Duration: 2023\u20132027.<\/li>\n\n\n\n<li>\u201e<a href=\"https:\/\/phy.uniri.hr\/en\/research\/projects\/membrane-in-the-middle-quantum-memory-for-single-photons-mimiq-me\/\">Membrane-in-the-middle quantum memory for single photons (MIMIQ.ME)<\/a>\u201c, Principal Investigator: N. Kralj, University of Rijeka. Collaborators: M. Karuza, I. Kre\u0161i\u0107, N. \u0160anti\u0107 (Institute of Physics, Zagreb). Duration: 2024\u20132027.<\/li>\n\n\n\n<li>\u201ePreparation of Porous Thin-film Materials for water Purification using Atomic Layer Deposition (ALD)\u201c, Principal Investigator: G. Ambro\u017ei\u0107, University of Rijeka. Collaborators: M. Kolympadi Markovic, I. \u0160ari\u0107, R. Peter, I. Kavre Piltaver, I. Jelovica Badovinac (University of Rijeka); M. Knez (CIC nanoGUNE, IKERBASQUE Basque Foundation for Science, San Sebasti\u00e1n, Spain); K. Wittine, I. Gobin. Duration: 2017\u20132021.<\/li>\n\n\n\n<li>\u201eVery high energy gamma-ray astronomy with the MAGIC and CTA telescopes\u201c, Principal Investigator: N. Godinovi\u0107, University of Split. Collaborators: D. Dominis Prester, T. Terzi\u0107, M. Manganaro, S. Mi\u0107anovi\u0107 (University of Rijeka). Duration: 2017\u20132021.<\/li>\n\n\n\n<li>\u201eSTARDUST \u2013 Stars and dust: structure, composition, and interaction\u201c, Collaborator: T. Jurki\u0107. Duration: 2015\u20132019.<\/li>\n\n\n\n<li>\u201eHI-WI \u2013 Holography and interferometry under weak illumination\u201c, Collaborators: M. Karuza, V. Vujnovi\u0107. Duration: 2015\u20132019.<\/li>\n\n\n\n<li>\u201eSOLSTEL \u2013 Solar and stellar variability\u201c, Institution: Hvar Observatory, Faculty of Geodesy, University of Zagreb. Collaborators: R. Jurdana-\u0160epi\u0107, I. Poljan\u010di\u0107 Beljan. Duration: 2014\u20132018.<\/li>\n\n\n\n<li>\u201eGRAPARION \u2013 Gravity and parity violation\u201c, Collaborators: P. Dominis Prester, M. Pauli\u0161i\u0107. Duration: 2014\u20132017.<\/li>\n<\/ul>\n\n<\/div>\n\t\t<\/div>\n\n<div class=\"wp-block-ub-content-toggle-accordion\" style=\"border-color: #f1f1f1;\" id=\"ub-content-toggle-panel-block-\">\n\t\t\t<div class=\"wp-block-ub-content-toggle-accordion-title-wrap\" style=\"background-color: #f1f1f1;\" aria-controls=\"ub-content-toggle-panel-1-95e3a7da-d8f5-4194-ae66-f1bcab45a720\" tabindex=\"0\">\n\t\t\t<p class=\"wp-block-ub-content-toggle-accordion-title ub-content-toggle-title-95e3a7da-d8f5-4194-ae66-f1bcab45a720\" style=\"color: #000000; \">Projects Funded under the National Recovery and Resilience Plan<\/p>\n\t\t\t<div class=\"wp-block-ub-content-toggle-accordion-toggle-wrap right\" style=\"color: #000000;\"><span class=\"wp-block-ub-content-toggle-accordion-state-indicator wp-block-ub-chevron-down\"><\/span><\/div>\n\t\t<\/div>\n\t\t\t<div role=\"region\" aria-expanded=\"false\" class=\"wp-block-ub-content-toggle-accordion-content-wrap ub-hide\" id=\"ub-content-toggle-panel-1-95e3a7da-d8f5-4194-ae66-f1bcab45a720\">\n\n<ul class=\"wp-block-list\">\n<li>\u201e<a href=\"https:\/\/phy.uniri.hr\/en\/research\/projects\/increasing-the-international-visibility-of-the-rijeka-laboratory-for-scanning-electron-microscopy-pomeri\/\">Increasing the international visibility of the Rijeka Laboratory for Scanning Electron Microscopy<\/a>\u201c, Principal Investigator: I. Kavre Piltaver. Collaborators: D. Jardas Babi\u0107, M. Kocijan. Duration: 2023 \u2013 2026.<\/li>\n<\/ul>\n\n<\/div>\n\t\t<\/div>\n\n<div class=\"wp-block-ub-content-toggle-accordion\" style=\"border-color: #f1f1f1;\" id=\"ub-content-toggle-panel-block-\">\n\t\t\t<div class=\"wp-block-ub-content-toggle-accordion-title-wrap\" style=\"background-color: #f1f1f1;\" aria-controls=\"ub-content-toggle-panel-2-95e3a7da-d8f5-4194-ae66-f1bcab45a720\" tabindex=\"0\">\n\t\t\t<p class=\"wp-block-ub-content-toggle-accordion-title ub-content-toggle-title-95e3a7da-d8f5-4194-ae66-f1bcab45a720\" style=\"color: #000000; \">Interreg Projects<\/p>\n\t\t\t<div class=\"wp-block-ub-content-toggle-accordion-toggle-wrap right\" style=\"color: #000000;\"><span class=\"wp-block-ub-content-toggle-accordion-state-indicator wp-block-ub-chevron-down\"><\/span><\/div>\n\t\t<\/div>\n\t\t\t<div role=\"region\" aria-expanded=\"false\" class=\"wp-block-ub-content-toggle-accordion-content-wrap ub-hide\" id=\"ub-content-toggle-panel-2-95e3a7da-d8f5-4194-ae66-f1bcab45a720\">\n\n<ul class=\"wp-block-list\">\n<li>\u201c<a href=\"https:\/\/phy.uniri.hr\/en\/research\/projects\/blue-credits-for-water-aquifers-recharge-and-sustainability-blue-recharge\/\">Blue Credits for water aquifers recharge and sustainability (BLUE RECHARGE)<\/a>\u201c,<br>Principal Investigator: D. Mance. Collaborators: M. Karuza, M. Kolympadi Markovic, D. Mekterovi\u0107, M. \u010cargonja, B. Mifka, K. Veli\u010dan. Duration: 2024 \u2013 2026.<\/li>\n<\/ul>\n\n<\/div>\n\t\t<\/div>\n\n<div class=\"wp-block-ub-content-toggle-accordion\" style=\"border-color: #f1f1f1;\" id=\"ub-content-toggle-panel-block-\">\n\t\t\t<div class=\"wp-block-ub-content-toggle-accordion-title-wrap\" style=\"background-color: #f1f1f1;\" aria-controls=\"ub-content-toggle-panel-3-95e3a7da-d8f5-4194-ae66-f1bcab45a720\" tabindex=\"0\">\n\t\t\t<p class=\"wp-block-ub-content-toggle-accordion-title ub-content-toggle-title-95e3a7da-d8f5-4194-ae66-f1bcab45a720\" style=\"color: #000000; \">University of Rijeka Grants<\/p>\n\t\t\t<div class=\"wp-block-ub-content-toggle-accordion-toggle-wrap right\" style=\"color: #000000;\"><span class=\"wp-block-ub-content-toggle-accordion-state-indicator wp-block-ub-chevron-down\"><\/span><\/div>\n\t\t<\/div>\n\t\t\t<div role=\"region\" aria-expanded=\"false\" class=\"wp-block-ub-content-toggle-accordion-content-wrap ub-hide\" id=\"ub-content-toggle-panel-3-95e3a7da-d8f5-4194-ae66-f1bcab45a720\">\n\n<ul class=\"wp-block-list\">\n<li>\u201cRazvoj metode u plinovitoj fazi za sintezu naprednih hibridnih materijala\u201d, Principal Investigator: G. Ambro\u017ei\u0107. Duration: 2024 \u2013 2025.<\/li>\n\n\n\n<li>\u201cExploring the Structure of the Universe using Ground-based and Space telescopes\u201d, Principal Investigator: D. Dominis Prester. Duration: 2024 \u2013 2025.<\/li>\n\n\n\n<li>\u201cDetektor za identifikaciju miona\u201d, Principal Investigator: M. Karuza. Duration: 2024 \u2013 2025.<\/li>\n\n\n\n<li>\u201cInvestigation of the influence of low-intensity pulsed ultrasound on bone healing\u201d, Principal Investigator: G. \u017dauhar. Duration: 2024 \u2013 2025.<\/li>\n\n\n\n<li>\u201cInvestigation of the perspectives of teaching physics in elementary school under the conditions of a shortage of professional teachers in Croatia\u201d, Principal Investigator: N. Erceg. Duration: 2024 \u2013 2025.<\/li>\n\n\n\n<li>\u201cMagnetic materials for use in photocatalysis\u201d, Principal Investigator: I. Kavre Piltaver. Duration: 2024 \u2013 2025.<\/li>\n\n\n\n<li>\u201cDynamics of groundwater exchange in sensitive and protected areas\u201d, Principal Investigator: D. Mance. Duration: 2024 \u2013 2025.<\/li>\n\n\n\n<li>\u201cRazvoj nanostrukturiranih tankih filmova metalnih oksida za primjene u fotokataliti\u010dkim procesima\u201c, Principal Investigator: R. Peter. Duration: 2024 \u2013 2025.<\/li>\n\n\n\n<li>\u201cRazvoj optomehani\u010dkih senzora\u201c, Principal Investigator: I. \u0160ari\u0107 Jankovi\u0107. Duration: 2024 \u2013 2025.<\/li>\n\n\n\n<li>\u201cSearch for signatures of quantum gravity in astrophysical measurements\u201d, Principal Investigator: T. Terzi\u0107. Duration: 2024 \u2013 2025.<\/li>\n\n\n\n<li>\u201cSvijetlom aktivirane reakcije za rast organskih tankih filmova upotrebom tehnike talo\u017eenja molekulskih slojeva (MLD)\u201c, Principal Investigator: M. Kolympadi Markovic. Duration: 2024 \u2013 2025.<\/li>\n\n\n\n<li>\u201cRazvoj statisti\u010dkih postupaka za odre\u0111ivanje izvora one\u010di\u0161\u0107enja zraka\u201c, Principal Investigator: D. Mekterovi\u0107. Duration: 2024 \u2013 2025.<\/li>\n\n\n\n<li>\u201cAstrofizika u vremenskoj domeni: Analiza stoljetne varijabilnosti rotacije Sunca i varijabilnosti zvijezda u budu\u0107im Rubin\/LSST podacima\u201c, Principal Investigator: I. Poljan\u010di\u0107 Beljan. Duration: 2024 \u2013 2025.<\/li>\n\n\n\n<li>\u201e<a href=\"https:\/\/portal.uniri.hr\/Projekti\/Details\/01290\" target=\"_blank\" rel=\"noreferrer noopener\">Advanced films of metal oxides for enhanced photocatalytic activity<\/a>\u201c, Principal Investigator: M. Petravi\u0107. Duration: 2019 \u2013 2023.<\/li>\n\n\n\n<li>\u201e<a href=\"https:\/\/portal.uniri.hr\/Projekti\/Details\/01178\" target=\"_blank\" rel=\"noreferrer noopener\">Exploring the Structure of the Universe using Ground-based and Space telescopes<\/a>\u201c, Principal Investigator: D. Dominis Prester. Duration: 2019 \u2013 2023.<\/li>\n\n\n\n<li>\u201e<a href=\"https:\/\/portal.uniri.hr\/Projekti\/Details\/01425\" target=\"_blank\" rel=\"noreferrer noopener\">Quantum Field Theory, Gravity and Unified Theories<\/a>\u201c, Principal Investigator: P. Dominis Prester. Duration: 2019 \u2013 2023.<\/li>\n\n\n\n<li>\u201e<a href=\"https:\/\/portal.uniri.hr\/Projekti\/Details\/01129\" target=\"_blank\" rel=\"noreferrer noopener\">Solar and stellar activity<\/a>\u201c, Principal Investigator: R. Jurdana-\u0160epi\u0107. Duration: 2019 \u2013 2023.<\/li>\n\n\n\n<li>\u201e<a href=\"https:\/\/portal.uniri.hr\/Projekti\/Details\/01208\" target=\"_blank\" rel=\"noreferrer noopener\">Quality Assurance of Ultrasound Beams by Exploiting Thermocromatic Materials<\/a>\u201c, Principal Investigator: G. \u017dauhar. Duration: 2019 \u2013 2023.<\/li>\n\n\n\n<li>\u201e<a href=\"https:\/\/portal.uniri.hr\/Projekti\/Details\/01518\" target=\"_blank\" rel=\"noreferrer noopener\">Preparation of porous thin-layer materials for water purification using atomic layer deposition (ALD)<\/a>\u201c, Principal Investigator: G. Ambro\u017ei\u0107. Duration: 2019 \u2013 2023.<\/li>\n\n\n\n<li>\u201e<a href=\"https:\/\/portal.uniri.hr\/Projekti\/Details\/01486?up=true\" target=\"_blank\" rel=\"noreferrer noopener\">Research on students&#8217; conceptual understanding of microscopic models in thermodynamics and development of modern methodical tools<\/a>\u201c, Principal Investigator: N. Erceg. Duration: 2019 \u2013 2023.<\/li>\n\n\n\n<li>\u201e<a href=\"https:\/\/portal.uniri.hr\/Projekti\/Details\/01265\" target=\"_blank\" rel=\"noreferrer noopener\">aKAD &#8211; Advanced Kinetic Astroparticle Detection<\/a>\u201c, Principal Investigator: M. Karuza. Duration: 2019 \u2013 2023.<\/li>\n\n\n\n<li>\u201e<a href=\"https:\/\/portal.uniri.hr\/Projekti\/Details\/01505?up=true\" target=\"_blank\" rel=\"noreferrer noopener\">Karst modeling with public-health and socio-economic implications<\/a>\u201c, Principal Investigator: D. Mance. Duration: 2019 \u2013 2023.<\/li>\n\n\n\n<li>\u201e<a href=\"https:\/\/portal.uniri.hr\/Projekti\/Details\/01395\" target=\"_blank\" rel=\"noreferrer noopener\">Elemental composition of particulate matter<\/a>\u201c, Principal Investigator: D. Mekterovi\u0107. Duration: 2019 \u2013 2023.<\/li>\n\n\n\n<li>\u201cModifikacija povr\u0161ina i kontrola defekata za nove primjene naprednih funkcionalnih materijala\u201d, Principal Investigator: M. Petravi\u0107. Duration: 2014 \u2013 2018.<\/li>\n\n\n\n<li>\u201cGravitacija pri ekstremnim uvjetima i ujedinjenje sila\u201d, Principal Investigator: P. Dominis Prester. Duration: 2014 \u2013 2018.<\/li>\n\n\n\n<li>\u201cSun\u010deva rotacija i fotometrija promjenljivih zvijezda\u201d, Principal Investigator: R. Jurdana-\u0160epi\u0107. Duration: 2014 \u2013 2018.<\/li>\n\n\n\n<li>\u201cEx-situ priprema tankoslojnih hibridnih materijala s tehnikom Depozicije Atomskih Slojeva (ALD)\u201c, Principal Investigator: G. Ambro\u017ei\u0107. Duration: 2014 \u2013 2018.<\/li>\n\n\n\n<li>\u201cIstra\u017eivanje strukture svemira opti\u010dkim i \u010cerenkovljevim teleskopima\u201d, Principal Investigator: D. Dominis Prester. Duration: 2014 \u2013 2018.<\/li>\n\n\n\n<li>\u201cTeorijsko istra\u017eivanje me\u0111udjelovanja fotona s helijem i pozitronijem\u201d, Principal Investigator: Z. Kaliman. Duration: 2014 \u2013 2018.<\/li>\n\n\n\n<li>\u201cKineti\u010dka detekcija astro\u010destica\u201d, Principal Investigator: M. Karuza. Duration: 2014 \u2013 2018.<\/li>\n\n\n\n<li>\u201cAnalize kemijskog sastava lebde\u0107ih \u010destica i geolo\u0161kih uzoraka primjenom XRF i IBA tehnika\u201d, Principal Investigator: D. Mekterovi\u0107. Duration: 2014 \u2013 2018.<\/li>\n<\/ul>\n\n<\/div>\n\t\t<\/div>\n\n<div class=\"wp-block-ub-content-toggle-accordion\" style=\"border-color: #f1f1f1;\" id=\"ub-content-toggle-panel-block-\">\n\t\t\t<div class=\"wp-block-ub-content-toggle-accordion-title-wrap\" style=\"background-color: #f1f1f1;\" aria-controls=\"ub-content-toggle-panel-4-95e3a7da-d8f5-4194-ae66-f1bcab45a720\" tabindex=\"0\">\n\t\t\t<p class=\"wp-block-ub-content-toggle-accordion-title ub-content-toggle-title-95e3a7da-d8f5-4194-ae66-f1bcab45a720\" style=\"color: #000000; \">University of Rijeka Projects for Young Researchers 2023<\/p>\n\t\t\t<div class=\"wp-block-ub-content-toggle-accordion-toggle-wrap right\" style=\"color: #000000;\"><span class=\"wp-block-ub-content-toggle-accordion-state-indicator wp-block-ub-chevron-down\"><\/span><\/div>\n\t\t<\/div>\n\t\t\t<div role=\"region\" aria-expanded=\"false\" class=\"wp-block-ub-content-toggle-accordion-content-wrap ub-hide\" id=\"ub-content-toggle-panel-4-95e3a7da-d8f5-4194-ae66-f1bcab45a720\">\n\n<ul class=\"wp-block-list\">\n<li><strong>\u201c<\/strong>Analiza lebde\u0107ih \u010destica u blizini jezera Ponikve na otoku Krku\u201d, Principal Investigator: M. \u010cargonja. Duration: 2024 \u2013 2025.<\/li>\n\n\n\n<li>\u201cKlasi\u010dna i kvantna polja u novim reprezentacijama\u201d, Principal Investigator: M. Pauli\u0161i\u0107. Duration: 2024 \u2013 2025.<\/li>\n<\/ul>\n\n<\/div>\n\t\t<\/div>\n\n<div class=\"wp-block-ub-content-toggle-accordion\" style=\"border-color: #f1f1f1;\" id=\"ub-content-toggle-panel-block-\">\n\t\t\t<div class=\"wp-block-ub-content-toggle-accordion-title-wrap\" style=\"background-color: #f1f1f1;\" aria-controls=\"ub-content-toggle-panel-5-95e3a7da-d8f5-4194-ae66-f1bcab45a720\" tabindex=\"0\">\n\t\t\t<p class=\"wp-block-ub-content-toggle-accordion-title ub-content-toggle-title-95e3a7da-d8f5-4194-ae66-f1bcab45a720\" style=\"color: #000000; \">Implementation of the Croatian Qualifications Framework (CQF)<\/p>\n\t\t\t<div class=\"wp-block-ub-content-toggle-accordion-toggle-wrap right\" style=\"color: #000000;\"><span class=\"wp-block-ub-content-toggle-accordion-state-indicator wp-block-ub-chevron-down\"><\/span><\/div>\n\t\t<\/div>\n\t\t\t<div role=\"region\" aria-expanded=\"false\" class=\"wp-block-ub-content-toggle-accordion-content-wrap ub-hide\" id=\"ub-content-toggle-panel-5-95e3a7da-d8f5-4194-ae66-f1bcab45a720\">\n\n<ul class=\"wp-block-list\">\n<li>\u201e<a href=\"https:\/\/fizko.uniri.hr\/\" target=\"_blank\" rel=\"noreferrer noopener\">Razvoj studija fizike uz primjenu Hrvatskog kvalifikacijskog okvira \u2013 FizKO<\/a>\u201c, Principal Investigator: M. Petravi\u0107. Duration: 2019 \u2013 2022.<\/li>\n<\/ul>\n\n<\/div>\n\t\t<\/div>\n\n<div class=\"wp-block-ub-content-toggle-accordion\" style=\"border-color: #f1f1f1;\" id=\"ub-content-toggle-panel-block-\">\n\t\t\t<div class=\"wp-block-ub-content-toggle-accordion-title-wrap\" style=\"background-color: #f1f1f1;\" aria-controls=\"ub-content-toggle-panel-6-95e3a7da-d8f5-4194-ae66-f1bcab45a720\" tabindex=\"0\">\n\t\t\t<p class=\"wp-block-ub-content-toggle-accordion-title ub-content-toggle-title-95e3a7da-d8f5-4194-ae66-f1bcab45a720\" style=\"color: #000000; \">COST Projects<\/p>\n\t\t\t<div class=\"wp-block-ub-content-toggle-accordion-toggle-wrap right\" style=\"color: #000000;\"><span class=\"wp-block-ub-content-toggle-accordion-state-indicator wp-block-ub-chevron-down\"><\/span><\/div>\n\t\t<\/div>\n\t\t\t<div role=\"region\" aria-expanded=\"false\" class=\"wp-block-ub-content-toggle-accordion-content-wrap ub-hide\" id=\"ub-content-toggle-panel-6-95e3a7da-d8f5-4194-ae66-f1bcab45a720\">\n\n<ul class=\"wp-block-list\">\n<li>&#8220;<a href=\"https:\/\/www.cost.eu\/actions\/CA23130\/\" target=\"_blank\" rel=\"noreferrer noopener\">Bridging high and low energies in search of quantum gravity (BridgeQG)<\/a>&#8221; Principal Investigator: G. Gubitosi (University of Napoli Federico II, Italy); Collaborators from Croatia: D. Dominis Prester, T. Terzi\u0107 (Leader of the working group \u201cHigh-energy quantum gravity experiment\u201d);Croatian representatives in the management committee (MC): Filip Re\u0161\u010di\u0107, Jelena Stri\u0161kovi\u0107 (Josip Juraj Strossmayer University of Osijek;Leader of the Working Group \u201cDissemination and Diversity\u201d). Duration: 2024 \u2013 2028.<\/li>\n\n\n\n<li>CA18108 &#8220;<a href=\"https:\/\/qg-mm.unizar.es\/\" target=\"_blank\" rel=\"noreferrer noopener\">Quantum gravity phenomenology in the multi-messenger approach<\/a>&#8220;, Collaborators and members of the management committee (MC) and core group: D. Dominis Prester, T. Terzi\u0107;Collaborators: M. Manganaro, S. Mi\u0107anovi\u0107, M. \u010cargonja. Duration: 2019 \u2013 2023.<\/li>\n\n\n\n<li>&#8220;<a href=\"https:\/\/bigskyearth.eu\/\" target=\"_blank\" rel=\"noreferrer noopener\">Big Data Era in Sky and Earth Observation<\/a>&#8220;, Collaborator: T. Jurki\u0107.Duration: 2015 \u2013 2019.<\/li>\n\n\n\n<li>COST MP1402 \u2013&#8221;Hooking together European research in Atomic Layer Deposition (HERALD)&#8221;, Collaborator and member of the management committee (MC): I. \u0160ari\u0107; Collaborator: G. Ambro\u017ei\u0107.Duration: 2014 \u2013 2018.<\/li>\n\n\n\n<li>COST TD1308 &#8220;Origins and evolution of life on Earth and in the Universe (ORIGINS)&#8221;, Collaborator and member of the management committee (MC): T. Jurki\u0107. Duration: 2014 \u2013 2018.<\/li>\n<\/ul>\n\n<\/div>\n\t\t<\/div>\n\n<div class=\"wp-block-ub-content-toggle-accordion\" style=\"border-color: #f1f1f1;\" id=\"ub-content-toggle-panel-block-\">\n\t\t\t<div class=\"wp-block-ub-content-toggle-accordion-title-wrap\" style=\"background-color: #f1f1f1;\" aria-controls=\"ub-content-toggle-panel-7-95e3a7da-d8f5-4194-ae66-f1bcab45a720\" tabindex=\"0\">\n\t\t\t<p class=\"wp-block-ub-content-toggle-accordion-title ub-content-toggle-title-95e3a7da-d8f5-4194-ae66-f1bcab45a720\" style=\"color: #000000; \">International Projects of the Ministry of Science, Education and Sports<\/p>\n\t\t\t<div class=\"wp-block-ub-content-toggle-accordion-toggle-wrap right\" style=\"color: #000000;\"><span class=\"wp-block-ub-content-toggle-accordion-state-indicator wp-block-ub-chevron-down\"><\/span><\/div>\n\t\t<\/div>\n\t\t\t<div role=\"region\" aria-expanded=\"false\" class=\"wp-block-ub-content-toggle-accordion-content-wrap ub-hide\" id=\"ub-content-toggle-panel-7-95e3a7da-d8f5-4194-ae66-f1bcab45a720\">\n\n<ul class=\"wp-block-list\">\n<li>MZO-DAAD Project \u201cOptimizacija niza teleskopa Cherenkov Telescope Array (CTA) za efikasna opa\u017eanja aktivnih galakti\u010dkih jezgri\u201c, Collaborators: D. Dominis Prester, S. Mi\u0107anovi\u0107, T. Terzi\u0107, Duration: 2017 \u2013 2018.<\/li>\n\n\n\n<li>MZO-DAAD Project \u201cHunt for the time delay in VHE gamma from AGN\u201c, Collaborator: D. Dominis Prester. Duration: 2010 \u2013 2011.<\/li>\n<\/ul>\n\n<\/div>\n\t\t<\/div>\n\n<div class=\"wp-block-ub-content-toggle-accordion\" style=\"border-color: #f1f1f1;\" id=\"ub-content-toggle-panel-block-\">\n\t\t\t<div class=\"wp-block-ub-content-toggle-accordion-title-wrap\" style=\"background-color: #f1f1f1;\" aria-controls=\"ub-content-toggle-panel-8-95e3a7da-d8f5-4194-ae66-f1bcab45a720\" tabindex=\"0\">\n\t\t\t<p class=\"wp-block-ub-content-toggle-accordion-title ub-content-toggle-title-95e3a7da-d8f5-4194-ae66-f1bcab45a720\" style=\"color: #000000; \">UNIRI CLASS Projects<\/p>\n\t\t\t<div class=\"wp-block-ub-content-toggle-accordion-toggle-wrap right\" style=\"color: #000000;\"><span class=\"wp-block-ub-content-toggle-accordion-state-indicator wp-block-ub-chevron-down\"><\/span><\/div>\n\t\t<\/div>\n\t\t\t<div role=\"region\" aria-expanded=\"false\" class=\"wp-block-ub-content-toggle-accordion-content-wrap ub-hide\" id=\"ub-content-toggle-panel-8-95e3a7da-d8f5-4194-ae66-f1bcab45a720\">\n\n<ul class=\"wp-block-list\">\n<li>\u201eRazvoj digitalnog oblika nastavnog procesa i uvo\u0111enje inovativnih oblika pou\u010davanja u nastavi fizike okoli\u0161a\u201c, Principal Investigator: D. Mance.Duration: 2022 \u2013 2023.<\/li>\n\n\n\n<li>\u201eZbirka digitalnih sadr\u017eaja za nastavu fizike i prirodoslovlja\u201c, Principal Investigator: I. Poljan\u010di\u0107 Beljan.Duration: 2022 \u2013 2023.<\/li>\n<\/ul>\n\n<\/div>\n\t\t<\/div>\n<\/div>","protected":false},"excerpt":{"rendered":"","protected":false},"author":4,"featured_media":5738,"parent":5739,"menu_order":1,"comment_status":"closed","ping_status":"closed","template":"","meta":{"_acf_changed":false,"ub_ctt_via":"","footnotes":""},"class_list":["post-5741","page","type-page","status-publish","has-post-thumbnail","hentry"],"acf":[],"featured_image_src":"https:\/\/phy.uniri.hr\/wp-content\/uploads\/2025\/06\/Znanstveni-i-strucni-rad.jpg","_links":{"self":[{"href":"https:\/\/phy.uniri.hr\/en\/wp-json\/wp\/v2\/pages\/5741","targetHints":{"allow":["GET"]}}],"collection":[{"href":"https:\/\/phy.uniri.hr\/en\/wp-json\/wp\/v2\/pages"}],"about":[{"href":"https:\/\/phy.uniri.hr\/en\/wp-json\/wp\/v2\/types\/page"}],"author":[{"embeddable":true,"href":"https:\/\/phy.uniri.hr\/en\/wp-json\/wp\/v2\/users\/4"}],"replies":[{"embeddable":true,"href":"https:\/\/phy.uniri.hr\/en\/wp-json\/wp\/v2\/comments?post=5741"}],"version-history":[{"count":11,"href":"https:\/\/phy.uniri.hr\/en\/wp-json\/wp\/v2\/pages\/5741\/revisions"}],"predecessor-version":[{"id":7453,"href":"https:\/\/phy.uniri.hr\/en\/wp-json\/wp\/v2\/pages\/5741\/revisions\/7453"}],"up":[{"embeddable":true,"href":"https:\/\/phy.uniri.hr\/en\/wp-json\/wp\/v2\/pages\/5739"}],"wp:featuredmedia":[{"embeddable":true,"href":"https:\/\/phy.uniri.hr\/en\/wp-json\/wp\/v2\/media\/5738"}],"wp:attachment":[{"href":"https:\/\/phy.uniri.hr\/en\/wp-json\/wp\/v2\/media?parent=5741"}],"curies":[{"name":"wp","href":"https:\/\/api.w.org\/{rel}","templated":true}]}}