{"id":5782,"date":"2025-02-13T12:24:42","date_gmt":"2025-02-13T11:24:42","guid":{"rendered":"https:\/\/phy.uniri.hr\/?page_id=5782"},"modified":"2026-03-12T15:01:40","modified_gmt":"2026-03-12T14:01:40","slug":"professional-papers","status":"publish","type":"page","link":"https:\/\/phy.uniri.hr\/en\/research\/publications\/professional-papers\/","title":{"rendered":"Professional Papers"},"content":{"rendered":"\n<p><strong>Napomena:<\/strong>&nbsp;popis obuhva\u0107a stru\u010dne radove u posljednjih pet godina.<\/p>\n\n\n\n<ol class=\"wp-block-list\">\n<li>Jelovica, L.;&nbsp;<strong>Erceg, N.<\/strong>; Bilu\u0161i\u0107, A.: <a href=\"https:\/\/www.croris.hr\/crosbi\/publikacija\/resolve\/croris\/913344\" target=\"_blank\" rel=\"noreferrer noopener\">Application of the Arduino Computer Platform as a Multimeter in Education <\/a>\/\/ Proceedings of the 27th World Multi-Conference on Systemics, Cybernetics and Informatics: WMSCI 2023 \/ Callaos, N. ; Gaile-Sarkane, E. ; Hashimoto, S. et al. (ur.). Winter Garden, FL: International Institute of Informatics and Cybernetics, 2023. str. 422-428. doi: 10.54808\/wmsci2023.01.422<\/li>\n\n\n\n<li><strong>Poljan\u010di\u0107 Beljan, I.<\/strong>;&nbsp;<strong>Jurdana-\u0160epi\u0107, R.<\/strong>;&nbsp;<strong>Erceg, N.<\/strong>;&nbsp;<strong>Lon\u010dari\u0107, K.<\/strong>;&nbsp;<strong>Labinac, V.<\/strong>; Sutlovi\u0107, L.: <a href=\"https:\/\/www.croris.hr\/crosbi\/publikacija\/resolve\/croris\/930991\" target=\"_blank\" rel=\"noreferrer noopener\">Zbirka digitalnih sadr\u017eaja za nastavu fizike i prirodoslovlja<\/a> \/\/ Zbornik radova XVI. hrvatskog simpozija o nastavi fizike \/ Weber, Ivana; Matejak Cveni\u0107, Karolina (ur.). Split: Prirodoslovno matemati\u010dki fakultet u Splitu, 2023. str. 5-11<\/li>\n\n\n\n<li>Orli\u0107 Bachler, M.,&nbsp;<strong>Kaliman, Z.<\/strong>: <a href=\"https:\/\/www.croris.hr\/crosbi\/publikacija\/resolve\/croris\/816282\" target=\"_blank\" rel=\"noreferrer noopener\">O povr\u0161ini bicentri\u010dnog \u010detverokuta <\/a>\/\/ Acta mathematica Spalatensia. Series didactica, 6 (2023), 99-114. doi: https:\/\/doi.org\/10.32817\/amssd.6.7<\/li>\n\n\n\n<li><strong>Sarta Dekovi\u0107, M.<\/strong>;&nbsp;<strong>Lon\u010dari\u0107, K.<\/strong>;&nbsp;<strong>Poljan\u010di\u0107 Beljan, I.<\/strong>;&nbsp;<strong>Jelovica Badovinac, I.<\/strong>: <a href=\"https:\/\/www.croris.hr\/crosbi\/publikacija\/resolve\/croris\/930995\" target=\"_blank\" rel=\"noreferrer noopener\">Prilagodba nastave za studente s posebnim potrebama na Fakultetu za fiziku Sveu\u010dili\u0161ta u Rijeci <\/a>\/\/ Zbornik radova XVI. hrvatskog simpozija o nastavi fizike \/ Weber, Ivana; Matejak Cveni\u0107, Karolina (ur.). Split: Prirodoslovno matemati\u010dki fakultet u Splitu, 2023. str. 193-199<\/li>\n\n\n\n<li><strong>Mance, D.<\/strong>: <a href=\"https:\/\/www.croris.hr\/crosbi\/publikacija\/resolve\/croris\/720164\" target=\"_blank\" rel=\"noreferrer noopener\">Development of graduate studies in environmental physics in Croatia <\/a>\/\/ International Conference on Physical Aspects of Environment ICPAE2022. Novi Sad: Technical Faculty &#8221;Mihajlo Pupin&#8221;, Zrenjanin, University of Novi Sad, 2022. str. 41-47<\/li>\n\n\n\n<li><strong>Erceg, N.<\/strong>; Jelovica, L.; Hrepi\u0107, Z.; Me\u0161i\u0107, V.;<strong>&nbsp;Karuza, M.<\/strong>; Aviani, I.: Konceptualne pote\u0161ko\u0107e vezane uz elektri\u010dnu vodljivost \u010dvrstih tvari, Zbornik radova XV. hrvatskog simpozija o nastavi fizike, 2021.<\/li>\n\n\n\n<li>Jelovica, L.;&nbsp;<strong>Erceg, N.<\/strong>: Kvalitativne i kvantitativne metode istra\u017eivanja u edukacijskoj fizici, Zbornik radova XV. hrvatskog simpozija o nastavi fizike, 2021.<\/li>\n\n\n\n<li><strong>Mance, D.<\/strong>, Leki\u0107, A. (2021) Obrazovanje i stavovi o fizici. U: XV. hrvatski simpozij o nastavi fizike: zbornik radova. Ur. Poljak, N., Pe\u0107ina, P., Matejak Cveni\u0107, K. Hrvatsko fizikalno dru\u0161tvo, str. 277-283. (poster, doma\u0107a recenzija, stru\u010dni rad)<\/li>\n\n\n\n<li><strong>Karuza, M.<\/strong>;&nbsp;<strong>Erceg, N.<\/strong>; Vretenar, M.: Mjerenje vremena poluraspada izomera neptunija s FPGA plo\u010dicom, Zbornik radova 8. Me\u0111unarodne konferencije o nastavi fizike u srednjim \u0161kolama, Aleksinac, 2020.<\/li>\n\n\n\n<li>Car Peterko, A., Avirovi\u0107, M.,&nbsp;<strong>Mance, D.<\/strong>, Valkovi\u0107 Zuji\u0107, P., Belac Lovasi\u0107, I., Lovasi\u0107, F. (2019) Clinical impact of sentinel lymph node biopsy after neoadjuvant systemic treatment in luminal b, her-2 positive and triple-negative breast cancer patients with initially involved axillary lymph node(s). Libri Oncologici: Croatian Journal of Oncology, 47, 1; 29-34 doi:10.20471\/LO.2019.47.01.06<\/li>\n\n\n\n<li>Ble\u010di\u0107, M.;&nbsp;<strong>Poljan\u010di\u0107 Beljan, I.<\/strong>;&nbsp;<strong>Jurdana-\u0160epi\u0107, R.<\/strong>; Kinesteti\u010dki pokusi u nastavi fizike, Informativno stru\u010dno glasilo Udruge kineziologa Rijeka, prihva\u0107en za objavljivanje, 2019.<\/li>\n\n\n\n<li><strong>Karuza, M.<\/strong>;&nbsp;<strong>Erceg, N.<\/strong>: Istra\u017eiva\u010dki usmjerene laboratorijske vje\u017ebe \u2013 valna optika, Zbornik radova 7. Me\u0111unarodne konferencije o nastavi fizike u srednjim \u0161kolama, Aleksinac, 2019.&nbsp;<\/li>\n\n\n\n<li><strong>Labinac V.<\/strong>, Stoj\u0161i\u0107 K., \u017duti\u0107 I., O spinu i spintronici, Zbornik radova XIV. hrvatskog simpozija o nastavi fizike, Zadar, 23.-25. travnja 2019.<\/li>\n\n\n\n<li>T. Pranji\u0107-Petrovi\u0107, T. Ivo\u0161evi\u0107,&nbsp;<strong>R. Jurdana \u0160epi\u0107<\/strong>; Fizi\u010dki principi u \u017eivotnim situacijama, XIV. simpozij o nastavi fizike, HFD, Zadar, 23. &#8211; 25. 4. 2019<\/li>\n<\/ol>\n","protected":false},"excerpt":{"rendered":"<p>Napomena:&nbsp;popis obuhva\u0107a stru\u010dne radove u posljednjih pet godina.<\/p>\n","protected":false},"author":4,"featured_media":5738,"parent":5776,"menu_order":3,"comment_status":"closed","ping_status":"closed","template":"","meta":{"_acf_changed":false,"ub_ctt_via":"","footnotes":""},"class_list":["post-5782","page","type-page","status-publish","has-post-thumbnail","hentry"],"acf":[],"featured_image_src":"https:\/\/phy.uniri.hr\/wp-content\/uploads\/2025\/06\/Znanstveni-i-strucni-rad.jpg","_links":{"self":[{"href":"https:\/\/phy.uniri.hr\/en\/wp-json\/wp\/v2\/pages\/5782","targetHints":{"allow":["GET"]}}],"collection":[{"href":"https:\/\/phy.uniri.hr\/en\/wp-json\/wp\/v2\/pages"}],"about":[{"href":"https:\/\/phy.uniri.hr\/en\/wp-json\/wp\/v2\/types\/page"}],"author":[{"embeddable":true,"href":"https:\/\/phy.uniri.hr\/en\/wp-json\/wp\/v2\/users\/4"}],"replies":[{"embeddable":true,"href":"https:\/\/phy.uniri.hr\/en\/wp-json\/wp\/v2\/comments?post=5782"}],"version-history":[{"count":2,"href":"https:\/\/phy.uniri.hr\/en\/wp-json\/wp\/v2\/pages\/5782\/revisions"}],"predecessor-version":[{"id":7158,"href":"https:\/\/phy.uniri.hr\/en\/wp-json\/wp\/v2\/pages\/5782\/revisions\/7158"}],"up":[{"embeddable":true,"href":"https:\/\/phy.uniri.hr\/en\/wp-json\/wp\/v2\/pages\/5776"}],"wp:featuredmedia":[{"embeddable":true,"href":"https:\/\/phy.uniri.hr\/en\/wp-json\/wp\/v2\/media\/5738"}],"wp:attachment":[{"href":"https:\/\/phy.uniri.hr\/en\/wp-json\/wp\/v2\/media?parent=5782"}],"curies":[{"name":"wp","href":"https:\/\/api.w.org\/{rel}","templated":true}]}}