{"id":5784,"date":"2025-02-13T12:25:50","date_gmt":"2025-02-13T11:25:50","guid":{"rendered":"https:\/\/phy.uniri.hr\/?page_id=5784"},"modified":"2026-03-14T20:52:40","modified_gmt":"2026-03-14T19:52:40","slug":"international-collaborations","status":"publish","type":"page","link":"https:\/\/phy.uniri.hr\/en\/research\/international-collaborations\/","title":{"rendered":"International Collaborations"},"content":{"rendered":"\n<p>The Faculty of Physics actively participates in several global scientific collaborations and international experiments. Our researchers work as equal partners alongside colleagues from abroad, contributing to the advancement of science and research on a global level. Through these collaborations, the University of Rijeka is also a co-owner of experimental equipment located at various sites worldwide, selected for conducting specific experiments.<\/p>\n\n\n\n<p><strong>Collaboration with Institutions, Scientists, and Research Groups<\/strong><\/p>\n\n\n\n<ul class=\"wp-block-list\">\n<li>INAF Osservatorio Astronomico Universita di Padova, Asiago, Italy (R. Jurdana-\u0160epi\u0107)<\/li>\n\n\n\n<li>INAF \u2013 Osservatorio Astronomico di Roma, Italy (R. Jurdana-\u0160epi\u0107)<\/li>\n\n\n\n<li>Harvard College Observatory, Harvard University, USA (R. Jurdana-\u0160epi\u0107)<\/li>\n\n\n\n<li>Kanzelh\u00f6he Observatory for Solar and Environmental Research, Institute of Physics, Karl-Franzens University Graz, Austria (I. Poljan\u010di\u0107 Beljan, R. Jurdana-\u0160epi\u0107)<\/li>\n\n\n\n<li>International collaboration and network of optical telescopes PLANET \u2013 <em>Probing Lensing Anomalies NETwork<\/em>: France, Germany, Austria, USA, United Kingdom, South Africa, Chile, Australia, Croatia (D. Dominis Prester)<\/li>\n\n\n\n<li>International astroparticle experiment MAGIC \u2013 <em>Major Atmospheric Gamma Imaging Cherenkov telescopes<\/em> (D. Dominis Prester, T. Terzi\u0107, M. Manganaro)<\/li>\n\n\n\n<li>CTA \u2013 Cherenkov Telescope Array (D. Dominis Prester, S. Mi\u0107anovi\u0107, T. Terzi\u0107, M. Manganaro)<\/li>\n\n\n\n<li>Istituto Nazionale di Fisica Nucleare (INFN), Italy (M. Karuza \u2013 member)<\/li>\n\n\n\n<li>Fermilab, Fermi National Accelerator Laboratory managed by Fermi Research Alliance, LLC for the U.S. Department of Energy Office of Science (M. Karuza \u2013 collaborator on the Muon g-2 project)<\/li>\n\n\n\n<li>CERN, European Organization for Nuclear Research (M. Karuza \u2013 collaborator on the CAST project)<\/li>\n\n\n\n<li>CIC nanoGUNE, Ikerbasque Basque Foundation for Science, San Sebastian, Spain (I. \u0160ari\u0107, G. Ambro\u017ei\u0107)<\/li>\n\n\n\n<li>LSST \u2013 Large Synoptic Survey Telescope (T. Jurki\u0107)<\/li>\n\n\n\n<li>Faculty of Mathematics and Physics, University of Ljubljana<\/li>\n\n\n\n<li>Jo\u017eef Stefan Institute, Ljubljana<\/li>\n\n\n\n<li>E\u00f6tv\u00f6s Lor\u00e1nd University, Geological, Geophysical and Space Science Research Group<\/li>\n\n\n\n<li>Center for Solid State Physics and New Materials, Institute of Physics Belgrade, University of Belgrade<\/li>\n\n\n\n<li>University of Applied Sciences and Arts Northwestern Switzerland<\/li>\n\n\n\n<li>University of Zaragoza, Spain<\/li>\n<\/ul>\n","protected":false},"excerpt":{"rendered":"<p>The Faculty of Physics actively participates in several global scientific collaborations and international experiments. Our researchers work as equal partners alongside colleagues from abroad, contributing to the advancement of science and research on a global level. Through these collaborations, the University of Rijeka is also a co-owner of experimental equipment located at various sites worldwide, [&hellip;]<\/p>\n","protected":false},"author":4,"featured_media":5738,"parent":5739,"menu_order":4,"comment_status":"closed","ping_status":"closed","template":"","meta":{"_acf_changed":false,"ub_ctt_via":"","footnotes":""},"class_list":["post-5784","page","type-page","status-publish","has-post-thumbnail","hentry"],"acf":[],"featured_image_src":"https:\/\/phy.uniri.hr\/wp-content\/uploads\/2025\/06\/Znanstveni-i-strucni-rad.jpg","_links":{"self":[{"href":"https:\/\/phy.uniri.hr\/en\/wp-json\/wp\/v2\/pages\/5784","targetHints":{"allow":["GET"]}}],"collection":[{"href":"https:\/\/phy.uniri.hr\/en\/wp-json\/wp\/v2\/pages"}],"about":[{"href":"https:\/\/phy.uniri.hr\/en\/wp-json\/wp\/v2\/types\/page"}],"author":[{"embeddable":true,"href":"https:\/\/phy.uniri.hr\/en\/wp-json\/wp\/v2\/users\/4"}],"replies":[{"embeddable":true,"href":"https:\/\/phy.uniri.hr\/en\/wp-json\/wp\/v2\/comments?post=5784"}],"version-history":[{"count":2,"href":"https:\/\/phy.uniri.hr\/en\/wp-json\/wp\/v2\/pages\/5784\/revisions"}],"predecessor-version":[{"id":7411,"href":"https:\/\/phy.uniri.hr\/en\/wp-json\/wp\/v2\/pages\/5784\/revisions\/7411"}],"up":[{"embeddable":true,"href":"https:\/\/phy.uniri.hr\/en\/wp-json\/wp\/v2\/pages\/5739"}],"wp:featuredmedia":[{"embeddable":true,"href":"https:\/\/phy.uniri.hr\/en\/wp-json\/wp\/v2\/media\/5738"}],"wp:attachment":[{"href":"https:\/\/phy.uniri.hr\/en\/wp-json\/wp\/v2\/media?parent=5784"}],"curies":[{"name":"wp","href":"https:\/\/api.w.org\/{rel}","templated":true}]}}