{"id":5792,"date":"2025-02-13T12:26:29","date_gmt":"2025-02-13T11:26:29","guid":{"rendered":"https:\/\/phy.uniri.hr\/?page_id=5792"},"modified":"2026-03-16T22:02:52","modified_gmt":"2026-03-16T21:02:52","slug":"faculty-publications","status":"publish","type":"page","link":"https:\/\/phy.uniri.hr\/en\/research\/faculty-publications\/","title":{"rendered":"Faculty Publications"},"content":{"rendered":"\n<p>Students and interested readers can now purchase books published by the Faculty of Physics, University of Rijeka.<\/p>\n\n\n\n<ul class=\"wp-block-list\">\n<li><a href=\"https:\/\/phy.uniri.hr\/wp-content\/uploads\/2025\/10\/Obavijest-o-kupnji-knjiga-Fakulteta-za-fiziku.pdf\">Book Purchase Information<\/a><\/li>\n<\/ul>\n\n\n\n<p><strong>Note: All books are in Croatian.<\/strong><\/p>\n\n\n\n<h3 class=\"wp-block-heading\">Workbook and Collection of Solved Problems in Waves and Optics<\/h3>\n\n\n\n<div class=\"wp-block-columns is-layout-flex wp-container-core-columns-is-layout-28f84493 wp-block-columns-is-layout-flex\">\n<div class=\"wp-block-column is-layout-flow wp-block-column-is-layout-flow\" style=\"flex-basis:27%\">\n<figure class=\"wp-block-image size-full is-resized\"><a href=\"https:\/\/phy.uniri.hr\/wp-content\/uploads\/2025\/03\/Repetitorij-i-zbirka-rijesenih-zadataka-iz-valova-i-optike.jpg\" rel=\"https:\/\/gradri.uniri.hr\/wp-content\/uploads\/2023\/10\/HFSS2023_Book-of-Extended-Abstracts.pdf\"><img fetchpriority=\"high\" decoding=\"async\" width=\"349\" height=\"502\" src=\"https:\/\/phy.uniri.hr\/wp-content\/uploads\/2025\/03\/Repetitorij-i-zbirka-rijesenih-zadataka-iz-valova-i-optike.jpg\" alt=\"\" class=\"wp-image-3430\" style=\"width:192px;height:262px\" srcset=\"https:\/\/phy.uniri.hr\/wp-content\/uploads\/2025\/03\/Repetitorij-i-zbirka-rijesenih-zadataka-iz-valova-i-optike.jpg 349w, https:\/\/phy.uniri.hr\/wp-content\/uploads\/2025\/03\/Repetitorij-i-zbirka-rijesenih-zadataka-iz-valova-i-optike-209x300.jpg 209w\" sizes=\"(max-width: 349px) 100vw, 349px\" \/><\/a><\/figure>\n<\/div>\n\n\n\n<div class=\"wp-block-column is-layout-flow wp-block-column-is-layout-flow\" style=\"flex-basis:75%\">\n<p><strong>Authors:<\/strong>\u00a0Ivna Kavre Piltaver, Velimir Labinac<br><strong>Publisher: <\/strong>University of Rijeka, Department of Physics<br><strong>Year of Publication:<\/strong> 2020<br><strong>Price:<\/strong> \u20ac16.80<\/p>\n<\/div>\n<\/div>\n\n\n\n<h3 class=\"wp-block-heading\">Collection of Problems in Classical Mechanics 1<\/h3>\n\n\n\n<div class=\"wp-block-columns is-layout-flex wp-container-core-columns-is-layout-28f84493 wp-block-columns-is-layout-flex\">\n<div class=\"wp-block-column is-layout-flow wp-block-column-is-layout-flow\" style=\"flex-basis:27%\">\n<figure class=\"wp-block-image size-full is-resized\"><a href=\"https:\/\/phy.uniri.hr\/wp-content\/uploads\/2025\/03\/klasicna-zbirka.jpg\" rel=\"https:\/\/gradri.uniri.hr\/wp-content\/uploads\/2023\/10\/HFSS2023_Book-of-Extended-Abstracts.pdf\"><img decoding=\"async\" width=\"350\" height=\"503\" src=\"https:\/\/phy.uniri.hr\/wp-content\/uploads\/2025\/03\/klasicna-zbirka.jpg\" alt=\"\" class=\"wp-image-3431\" style=\"width:192px;height:262px\" srcset=\"https:\/\/phy.uniri.hr\/wp-content\/uploads\/2025\/03\/klasicna-zbirka.jpg 350w, https:\/\/phy.uniri.hr\/wp-content\/uploads\/2025\/03\/klasicna-zbirka-209x300.jpg 209w\" sizes=\"(max-width: 350px) 100vw, 350px\" \/><\/a><\/figure>\n<\/div>\n\n\n\n<div class=\"wp-block-column is-layout-flow wp-block-column-is-layout-flow\" style=\"flex-basis:75%\">\n<p><strong>Authors: <\/strong>Zoran Kaliman,Ivana Jelovica Badovinac,Velimir Labinac<br><strong>Publisher:<\/strong> University of Rijeka\u00a0\u00a0<br><strong>Year of Publication:<\/strong> 2016<br><strong>Price:<\/strong> \u20ac15.75<\/p>\n<\/div>\n<\/div>\n\n\n\n<h3 class=\"wp-block-heading\">Solved Problems in Electrostatics and Magnetostatics<\/h3>\n\n\n\n<div class=\"wp-block-columns is-layout-flex wp-container-core-columns-is-layout-28f84493 wp-block-columns-is-layout-flex\">\n<div class=\"wp-block-column is-layout-flow wp-block-column-is-layout-flow\" style=\"flex-basis:27%\">\n<figure class=\"wp-block-image size-full is-resized\"><a href=\"https:\/\/phy.uniri.hr\/wp-content\/uploads\/2025\/03\/elektrodinamika.jpg\" rel=\"https:\/\/gradri.uniri.hr\/wp-content\/uploads\/2023\/10\/HFSS2023_Book-of-Extended-Abstracts.pdf\"><img decoding=\"async\" width=\"448\" height=\"536\" src=\"https:\/\/phy.uniri.hr\/wp-content\/uploads\/2025\/03\/elektrodinamika.jpg\" alt=\"\" class=\"wp-image-3432\" style=\"width:192px;height:262px\" srcset=\"https:\/\/phy.uniri.hr\/wp-content\/uploads\/2025\/03\/elektrodinamika.jpg 448w, https:\/\/phy.uniri.hr\/wp-content\/uploads\/2025\/03\/elektrodinamika-251x300.jpg 251w\" sizes=\"(max-width: 448px) 100vw, 448px\" \/><\/a><\/figure>\n<\/div>\n\n\n\n<div class=\"wp-block-column is-layout-flow wp-block-column-is-layout-flow\" style=\"flex-basis:75%\">\n<p><strong>Author:<\/strong>\u00a0Velimir Labinac<br><strong>Publisher: <\/strong>Faculty of Arts and Sciences, University of Rijeka<br><strong>Year of Publication: <\/strong>2003<br><strong>Price:<\/strong> \u20ac6.30<\/p>\n<\/div>\n<\/div>\n\n\n\n<h3 class=\"wp-block-heading\">Methodical Experiments in Physics<\/h3>\n\n\n\n<div class=\"wp-block-columns is-layout-flex wp-container-core-columns-is-layout-28f84493 wp-block-columns-is-layout-flex\">\n<div class=\"wp-block-column is-layout-flow wp-block-column-is-layout-flow\" style=\"flex-basis:27%\">\n<figure class=\"wp-block-image size-full is-resized\"><a href=\"https:\/\/phy.uniri.hr\/wp-content\/uploads\/2025\/03\/metodika.jpg\" rel=\"https:\/\/gradri.uniri.hr\/wp-content\/uploads\/2023\/10\/HFSS2023_Book-of-Extended-Abstracts.pdf\"><img loading=\"lazy\" decoding=\"async\" width=\"366\" height=\"517\" src=\"https:\/\/phy.uniri.hr\/wp-content\/uploads\/2025\/03\/metodika.jpg\" alt=\"\" class=\"wp-image-3433\" style=\"width:192px;height:262px\" srcset=\"https:\/\/phy.uniri.hr\/wp-content\/uploads\/2025\/03\/metodika.jpg 366w, https:\/\/phy.uniri.hr\/wp-content\/uploads\/2025\/03\/metodika-212x300.jpg 212w\" sizes=\"(max-width: 366px) 100vw, 366px\" \/><\/a><\/figure>\n<\/div>\n\n\n\n<div class=\"wp-block-column is-layout-flow wp-block-column-is-layout-flow\" style=\"flex-basis:75%\">\n<p><strong>Authors:<\/strong>\u00a0Rajka Jurdana-\u0160epi\u0107, Branka Miloti\u0107<br><strong>Publisher:<\/strong> Faculty of Arts and Sciences, University of Rijeka<br><strong>Year of Publication:<\/strong> 2002<br><strong>Price: <\/strong>\u20ac12.60<\/p>\n<\/div>\n<\/div>\n\n\n\n<h3 class=\"wp-block-heading\">Theoretical Mechanics<\/h3>\n\n\n\n<div class=\"wp-block-columns is-layout-flex wp-container-core-columns-is-layout-28f84493 wp-block-columns-is-layout-flex\">\n<div class=\"wp-block-column is-layout-flow wp-block-column-is-layout-flow\" style=\"flex-basis:27%\">\n<figure class=\"wp-block-image size-full is-resized\"><a href=\"https:\/\/phy.uniri.hr\/wp-content\/uploads\/2025\/03\/kaliman.jpg\" rel=\"https:\/\/gradri.uniri.hr\/wp-content\/uploads\/2023\/10\/HFSS2023_Book-of-Extended-Abstracts.pdf\"><img loading=\"lazy\" decoding=\"async\" width=\"370\" height=\"524\" src=\"https:\/\/phy.uniri.hr\/wp-content\/uploads\/2025\/03\/kaliman.jpg\" alt=\"\" class=\"wp-image-3435\" style=\"width:192px;height:262px\" srcset=\"https:\/\/phy.uniri.hr\/wp-content\/uploads\/2025\/03\/kaliman.jpg 370w, https:\/\/phy.uniri.hr\/wp-content\/uploads\/2025\/03\/kaliman-212x300.jpg 212w\" sizes=\"(max-width: 370px) 100vw, 370px\" \/><\/a><\/figure>\n<\/div>\n\n\n\n<div class=\"wp-block-column is-layout-flow wp-block-column-is-layout-flow\" style=\"flex-basis:75%\">\n<p><strong>Author:<\/strong>\u00a0Zoran Kaliman\u00a0<br><strong>Publisher:<\/strong> Faculty of Arts and Sciences, University of Rijeka\u00a0<br><strong>Year of Publication:<\/strong> 2002<br><strong>Price:<\/strong> \u20ac7.35<\/p>\n<\/div>\n<\/div>\n\n\n\n<h3 class=\"wp-block-heading\">Fundamentals of Electronics with Laboratory Exercises<\/h3>\n\n\n\n<div class=\"wp-block-columns is-layout-flex wp-container-core-columns-is-layout-28f84493 wp-block-columns-is-layout-flex\">\n<div class=\"wp-block-column is-layout-flow wp-block-column-is-layout-flow\" style=\"flex-basis:27%\">\n<figure class=\"wp-block-image size-full is-resized\"><a href=\"https:\/\/phy.uniri.hr\/wp-content\/uploads\/2025\/03\/elektronika.jpg\" rel=\"https:\/\/gradri.uniri.hr\/wp-content\/uploads\/2023\/10\/HFSS2023_Book-of-Extended-Abstracts.pdf\"><img loading=\"lazy\" decoding=\"async\" width=\"450\" height=\"595\" src=\"https:\/\/phy.uniri.hr\/wp-content\/uploads\/2025\/03\/elektronika.jpg\" alt=\"\" class=\"wp-image-3436\" style=\"width:192px;height:262px\" srcset=\"https:\/\/phy.uniri.hr\/wp-content\/uploads\/2025\/03\/elektronika.jpg 450w, https:\/\/phy.uniri.hr\/wp-content\/uploads\/2025\/03\/elektronika-227x300.jpg 227w\" sizes=\"(max-width: 450px) 100vw, 450px\" \/><\/a><\/figure>\n<\/div>\n\n\n\n<div class=\"wp-block-column is-layout-flow wp-block-column-is-layout-flow\" style=\"flex-basis:75%\">\n<p><strong>Author:<\/strong> Dubravka Kotnik-Karuza<br><strong>Publisher: <\/strong>Faculty of Arts and Sciences, University of Rijeka<br><strong>Year of Publication:<\/strong> 2000<br><strong>Price: <\/strong>\u20ac10.50<\/p>\n<\/div>\n<\/div>\n","protected":false},"excerpt":{"rendered":"<p>Students and interested readers can now purchase books published by the Faculty of Physics, University of Rijeka. Note: All books are in Croatian. Workbook and Collection of Solved Problems in Waves and Optics Authors:\u00a0Ivna Kavre Piltaver, Velimir LabinacPublisher: University of Rijeka, Department of PhysicsYear of Publication: 2020Price: \u20ac16.80 Collection of Problems in Classical Mechanics 1 [&hellip;]<\/p>\n","protected":false},"author":4,"featured_media":5738,"parent":5739,"menu_order":5,"comment_status":"closed","ping_status":"closed","template":"","meta":{"_acf_changed":false,"ub_ctt_via":"","footnotes":""},"class_list":["post-5792","page","type-page","status-publish","has-post-thumbnail","hentry"],"acf":[],"featured_image_src":"https:\/\/phy.uniri.hr\/wp-content\/uploads\/2025\/06\/Znanstveni-i-strucni-rad.jpg","_links":{"self":[{"href":"https:\/\/phy.uniri.hr\/en\/wp-json\/wp\/v2\/pages\/5792","targetHints":{"allow":["GET"]}}],"collection":[{"href":"https:\/\/phy.uniri.hr\/en\/wp-json\/wp\/v2\/pages"}],"about":[{"href":"https:\/\/phy.uniri.hr\/en\/wp-json\/wp\/v2\/types\/page"}],"author":[{"embeddable":true,"href":"https:\/\/phy.uniri.hr\/en\/wp-json\/wp\/v2\/users\/4"}],"replies":[{"embeddable":true,"href":"https:\/\/phy.uniri.hr\/en\/wp-json\/wp\/v2\/comments?post=5792"}],"version-history":[{"count":6,"href":"https:\/\/phy.uniri.hr\/en\/wp-json\/wp\/v2\/pages\/5792\/revisions"}],"predecessor-version":[{"id":7654,"href":"https:\/\/phy.uniri.hr\/en\/wp-json\/wp\/v2\/pages\/5792\/revisions\/7654"}],"up":[{"embeddable":true,"href":"https:\/\/phy.uniri.hr\/en\/wp-json\/wp\/v2\/pages\/5739"}],"wp:featuredmedia":[{"embeddable":true,"href":"https:\/\/phy.uniri.hr\/en\/wp-json\/wp\/v2\/media\/5738"}],"wp:attachment":[{"href":"https:\/\/phy.uniri.hr\/en\/wp-json\/wp\/v2\/media?parent=5792"}],"curies":[{"name":"wp","href":"https:\/\/api.w.org\/{rel}","templated":true}]}}