{"id":5802,"date":"2025-02-13T12:33:39","date_gmt":"2025-02-13T11:33:39","guid":{"rendered":"https:\/\/phy.uniri.hr\/?page_id=5802"},"modified":"2026-03-15T21:20:04","modified_gmt":"2026-03-15T20:20:04","slug":"alumni-club","status":"publish","type":"page","link":"https:\/\/phy.uniri.hr\/en\/outreach\/alumni-club\/","title":{"rendered":"Alumni Club"},"content":{"rendered":"\n<p>The Alumni Club of the Faculty of Physics, University of Rijeka (Alumni FIZRI), established in October 2018, aims to maintain connections with former students and support professional, academic, and social networking. The Club is part of <a href=\"https:\/\/uniri.hr\/kat-vijesti\/alumni-uniri\/\">Alumni Uniri, the University of Rijeka\u2019s alumni network<\/a>, and organizes activities to foster community, exchange information, provide assistance, and promote collaboration with related organizations.<\/p>\n\n\n\n<h4 class=\"wp-block-heading\">Alumni Club Council:<\/h4>\n\n\n\n<ul class=\"wp-block-list\">\n<li>Velimir Labinac, Senior Lecturer (President,\u00a0<a href=\"mailto:vlabinac@phy.uniri.hr\">vlabinac@phy.uniri.hr<\/a>)<\/li>\n\n\n\n<li>Assoc. Prof. Iva \u0160ari\u0107 Jankovi\u0107,\u00a0PhD<\/li>\n\n\n\n<li>Klaudija Lon\u010dari\u0107, Senior\u00a0Lecturer<\/li>\n\n\n\n<li>Petar Jela\u010da, prof. <\/li>\n\n\n\n<li>Kristian Stoj\u0161i\u0107, mag. phys. <\/li>\n<\/ul>\n\n\n<div class=\"wp-block-ub-content-toggle wp-block-ub-content-toggle-block\" id=\"ub-content-toggle-block-e55ed9b5-6790-4b45-af3d-ab3bc76bbe28\" data-mobilecollapse=\"false\" data-desktopcollapse=\"true\" data-preventcollapse=\"false\" data-showonlyone=\"false\">\n<div class=\"wp-block-ub-content-toggle-accordion\" style=\"border-color: #f1f1f1;\" id=\"ub-content-toggle-panel-block-\">\n\t\t\t<div class=\"wp-block-ub-content-toggle-accordion-title-wrap\" style=\"background-color: #f1f1f1;\" aria-controls=\"ub-content-toggle-panel-0-e55ed9b5-6790-4b45-af3d-ab3bc76bbe28\" tabindex=\"0\">\n\t\t\t<p class=\"wp-block-ub-content-toggle-accordion-title ub-content-toggle-title-e55ed9b5-6790-4b45-af3d-ab3bc76bbe28\" style=\"color: #000000; \">Membership<\/p>\n\t\t\t<div class=\"wp-block-ub-content-toggle-accordion-toggle-wrap right\" style=\"color: #000000;\"><span class=\"wp-block-ub-content-toggle-accordion-state-indicator wp-block-ub-chevron-down\"><\/span><\/div>\n\t\t<\/div>\n\t\t\t<div role=\"region\" aria-expanded=\"false\" class=\"wp-block-ub-content-toggle-accordion-content-wrap ub-hide\" id=\"ub-content-toggle-panel-0-e55ed9b5-6790-4b45-af3d-ab3bc76bbe28\">\n\n<p>Regular membership in the Alumni Club of the Faculty of Physics, University of Rijeka, is open to adults who have graduated from physics-related programs at the University of Rijeka or its predecessor units. Honorary membership may be granted by Executive Board to individuals who have made significant contributions to physics education or research. Membership is granted upon submission of a completed application form.<\/p>\n\n\n\n<ul class=\"wp-block-list\">\n<li><a href=\"https:\/\/docs.google.com\/forms\/d\/e\/1FAIpQLSeviFizjQl0lk5hd3Kw8mfRQ57UjeuhGd3Hg4675HzvEn7qjw\/viewform?vc=0&amp;c=0&amp;w=1&amp;flr=0&amp;pli=1\">Application form (in Croatian)<\/a><\/li>\n<\/ul>\n\n<\/div>\n\t\t<\/div>\n\n<div class=\"wp-block-ub-content-toggle-accordion\" style=\"border-color: #f1f1f1;\" id=\"ub-content-toggle-panel-block-\">\n\t\t\t<div class=\"wp-block-ub-content-toggle-accordion-title-wrap\" style=\"background-color: #f1f1f1;\" aria-controls=\"ub-content-toggle-panel-1-e55ed9b5-6790-4b45-af3d-ab3bc76bbe28\" tabindex=\"0\">\n\t\t\t<p class=\"wp-block-ub-content-toggle-accordion-title ub-content-toggle-title-e55ed9b5-6790-4b45-af3d-ab3bc76bbe28\" style=\"color: #000000; \">Documents (in Croatian)<\/p>\n\t\t\t<div class=\"wp-block-ub-content-toggle-accordion-toggle-wrap right\" style=\"color: #000000;\"><span class=\"wp-block-ub-content-toggle-accordion-state-indicator wp-block-ub-chevron-down\"><\/span><\/div>\n\t\t<\/div>\n\t\t\t<div role=\"region\" aria-expanded=\"false\" class=\"wp-block-ub-content-toggle-accordion-content-wrap ub-hide\" id=\"ub-content-toggle-panel-1-e55ed9b5-6790-4b45-af3d-ab3bc76bbe28\">\n\n<ul class=\"wp-block-list\">\n<li><a href=\"https:\/\/phy.uniri.hr\/wp-content\/uploads\/2025\/10\/Pravilnik_Alumni_kluba-FIZRI.pdf\">Alumni Club regulations<\/a><\/li>\n<\/ul>\n\n<\/div>\n\t\t<\/div>\n<\/div>","protected":false},"excerpt":{"rendered":"<p>The Alumni Club of the Faculty of Physics, University of Rijeka (Alumni FIZRI), established in October 2018, aims to maintain connections with former students and support professional, academic, and social networking. The Club is part of Alumni Uniri, the University of Rijeka\u2019s alumni network, and organizes activities to foster community, exchange information, provide assistance, and [&hellip;]<\/p>\n","protected":false},"author":4,"featured_media":5795,"parent":5796,"menu_order":2,"comment_status":"closed","ping_status":"closed","template":"","meta":{"_acf_changed":false,"ub_ctt_via":"","footnotes":""},"class_list":["post-5802","page","type-page","status-publish","has-post-thumbnail","hentry"],"acf":[],"featured_image_src":"https:\/\/phy.uniri.hr\/wp-content\/uploads\/2025\/06\/Vidljivost.jpg","_links":{"self":[{"href":"https:\/\/phy.uniri.hr\/en\/wp-json\/wp\/v2\/pages\/5802","targetHints":{"allow":["GET"]}}],"collection":[{"href":"https:\/\/phy.uniri.hr\/en\/wp-json\/wp\/v2\/pages"}],"about":[{"href":"https:\/\/phy.uniri.hr\/en\/wp-json\/wp\/v2\/types\/page"}],"author":[{"embeddable":true,"href":"https:\/\/phy.uniri.hr\/en\/wp-json\/wp\/v2\/users\/4"}],"replies":[{"embeddable":true,"href":"https:\/\/phy.uniri.hr\/en\/wp-json\/wp\/v2\/comments?post=5802"}],"version-history":[{"count":2,"href":"https:\/\/phy.uniri.hr\/en\/wp-json\/wp\/v2\/pages\/5802\/revisions"}],"predecessor-version":[{"id":7497,"href":"https:\/\/phy.uniri.hr\/en\/wp-json\/wp\/v2\/pages\/5802\/revisions\/7497"}],"up":[{"embeddable":true,"href":"https:\/\/phy.uniri.hr\/en\/wp-json\/wp\/v2\/pages\/5796"}],"wp:featuredmedia":[{"embeddable":true,"href":"https:\/\/phy.uniri.hr\/en\/wp-json\/wp\/v2\/media\/5795"}],"wp:attachment":[{"href":"https:\/\/phy.uniri.hr\/en\/wp-json\/wp\/v2\/media?parent=5802"}],"curies":[{"name":"wp","href":"https:\/\/api.w.org\/{rel}","templated":true}]}}