{"id":6023,"date":"2025-02-13T12:37:48","date_gmt":"2025-02-13T11:37:48","guid":{"rendered":"https:\/\/phy.uniri.hr\/?page_id=6023"},"modified":"2026-03-17T10:17:31","modified_gmt":"2026-03-17T09:17:31","slug":"programme-directors-and-coordinators","status":"publish","type":"page","link":"https:\/\/phy.uniri.hr\/en\/contact\/programme-directors-and-coordinators\/","title":{"rendered":"Programme Directors and Coordinators"},"content":{"rendered":"\n<p><strong>Undergraduate Study Programme in Physics<\/strong><br>Programme Head: Assoc. Prof. Ivana Jelovica Badovinac, PhD\u00a0<a href=\"mailto:ijelov@phy.uniri.hr\">ijelov@phy.uniri.hr<\/a><\/p>\n\n\n\n<p><strong>Graduate Study Programme in Physics<\/strong><br>Head of <strong>Solid State Physics<\/strong>: Prof. Ale\u0161 Omerzu, PhD\u00a0<a href=\"mailto:aomerzu@phy.uniri.hr\">aomerzu@phy.uniri.hr<\/a><br>Head of <strong>Astrophysics and Elementary Particle Physics<\/strong>: Assoc. Prof. Darko Mekterovi\u0107, PhD\u00a0<a href=\"mailto:darko.mekterovic@phy.uniri.hr\">darko.mekterovic@phy.uniri.hr<\/a><br>Head of <strong>Physics and Environmental Science<\/strong>: Assoc. Prof. Diana Mance, PhD\u00a0<a href=\"mailto:diana.mance@phy.uniri.hr\">diana.mance@phy.uniri.hr<\/a><\/p>\n\n\n\n<p><strong>Graduate Study Programmes in Physics and Mathematics<\/strong>, <strong>Physics and Computer Science, and Physics and Philosophy<\/strong><br>Programme Head: Assoc. Prof. Nata\u0161a Erceg, PhD\u00a0<a href=\"mailto:nerceg@phy.uniri.hr\">nerceg@phy.uniri.hr<\/a><\/p>\n\n\n\n<p><strong>Graduate Study Programme in Engineering and Materials Physics<\/strong><br>Programme Head: Assoc. Prof. Iva \u0160ari\u0107 Jankovi\u0107, PhD\u00a0<a href=\"mailto:iva.saric@phy.uniri.hr\">iva.saric@phy.uniri.hr<\/a><\/p>\n\n\n\n<p><strong>Doctoral Study Programme in Physics<\/strong><br>Programme Head: Prof. Marin Karuza, PhD <a href=\"mailto:mkaruza@phy.uniri.hr\">mkaruza@phy.uniri.hr<\/a><br>Deputy Head: Prof. Gordana \u017dauhar, PhD\u00a0<a href=\"mailto:gordana.zauhar@medri.uniri.hr\">gordana.zauhar@medri.uniri.hr<\/a><\/p>\n\n\n\n<p><strong>ECTS Coordinator<\/strong><br>Assoc. Prof. Ivana Jelovica Badovinac, PhD\u00a0<a href=\"mailto:ijelov@phy.uniri.hr\">ijelov@phy.uniri.hr<\/a><\/p>\n\n\n\n<p><strong>ISVU Coordinator<\/strong><br>Mariza Sarta Dekovi\u0107, MSc, Senior Adviser <a href=\"mailto:msarta@phy.uniri.hr\">msarta@phy.uniri.hr<\/a><\/p>\n\n\n\n<p><strong>Smart X Coordinator<\/strong><br>Mariza Sarta Dekovi\u0107, MSc, Senior Adviser\u00a0<a href=\"mailto:msarta@phy.uniri.hr\">msarta@phy.uniri.hr<\/a><\/p>\n\n\n\n<p><strong>ERASMUS Coordinator<\/strong><br>Assist. Prof. Maria Kolympadi Markovic, PhD\u00a0<a href=\"mailto:maria.kolympadi@phy.uniri.hr\">maria.kolympadi@phy.uniri.hr<\/a><\/p>\n\n\n\n<p><strong>Knowledge Transfer Coordinator<\/strong><br>Assoc. Prof. Ivana Jelovica Badovinac, PhD\u00a0<a href=\"mailto:ijelov@phy.uniri.hr\">ijelov@phy.uniri.hr<\/a><\/p>\n\n\n\n<p><strong>YUFE Coordinator<\/strong><br>Assist. Prof. Maria Kolympadi Markovic, PhD <a href=\"mailto:maria.kolympadi@phy.uniri.hr\">maria.kolympadi@phy.uniri.hr<\/a><\/p>\n\n\n\n<p><strong>Coordinator for Vulnerable and Underrepresented Groups<\/strong><br>Mateo Pauli\u0161i\u0107, PhD, Senior Assistant \u00a0(Deputy: Mariza Sarta Dekovi\u0107, MSc)\u00a0<a href=\"mailto:mateo.paulisic@phy.uniri.hr\">mateo.paulisic@phy.uniri.hr<\/a><\/p>\n\n\n\n<p><strong>State Matura Coordinator<\/strong><br>Velimir Labinac, Senior Lecturer\u00a0<a href=\"mailto:vlabinac@phy.uniri.hr\">vlabinac@phy.uniri.hr<\/a><\/p>\n\n\n\n<p><strong>Coordinator for Applications and Enrolment in Graduate Programmes via NISpVU System<\/strong><br>Velimir Labinac, Senior Lecturer\u00a0<a href=\"mailto:vlabinac@phy.uniri.hr\">vlabinac@phy.uniri.hr<\/a><\/p>\n\n\n\n<p><strong>CroRIS Administrator<\/strong><br>Assoc. Prof. Ivana Jelovica Badovinac, PhD <a href=\"mailto:ijelov@phy.uniri.hr\">ijelov@phy.uniri.hr<\/a><\/p>\n\n\n\n<p><strong>Timetable and Room Reservation Coordinator<\/strong><br>Mirjana Turina\u00a0<a href=\"mailto:mturina@phy.uniri.hr\">mturina@phy.uniri.hr<\/a><\/p>\n","protected":false},"excerpt":{"rendered":"<p>Undergraduate Study Programme in PhysicsProgramme Head: Assoc. Prof. Ivana Jelovica Badovinac, PhD\u00a0ijelov@phy.uniri.hr Graduate Study Programme in PhysicsHead of Solid State Physics: Prof. Ale\u0161 Omerzu, PhD\u00a0aomerzu@phy.uniri.hrHead of Astrophysics and Elementary Particle Physics: Assoc. Prof. Darko Mekterovi\u0107, PhD\u00a0darko.mekterovic@phy.uniri.hrHead of Physics and Environmental Science: Assoc. Prof. Diana Mance, PhD\u00a0diana.mance@phy.uniri.hr Graduate Study Programmes in Physics and Mathematics, Physics and [&hellip;]<\/p>\n","protected":false},"author":4,"featured_media":6018,"parent":6019,"menu_order":2,"comment_status":"closed","ping_status":"closed","template":"","meta":{"_acf_changed":false,"ub_ctt_via":"","footnotes":""},"class_list":["post-6023","page","type-page","status-publish","has-post-thumbnail","hentry"],"acf":[],"featured_image_src":"https:\/\/phy.uniri.hr\/wp-content\/uploads\/2025\/06\/Kontakt.jpg","_links":{"self":[{"href":"https:\/\/phy.uniri.hr\/en\/wp-json\/wp\/v2\/pages\/6023","targetHints":{"allow":["GET"]}}],"collection":[{"href":"https:\/\/phy.uniri.hr\/en\/wp-json\/wp\/v2\/pages"}],"about":[{"href":"https:\/\/phy.uniri.hr\/en\/wp-json\/wp\/v2\/types\/page"}],"author":[{"embeddable":true,"href":"https:\/\/phy.uniri.hr\/en\/wp-json\/wp\/v2\/users\/4"}],"replies":[{"embeddable":true,"href":"https:\/\/phy.uniri.hr\/en\/wp-json\/wp\/v2\/comments?post=6023"}],"version-history":[{"count":13,"href":"https:\/\/phy.uniri.hr\/en\/wp-json\/wp\/v2\/pages\/6023\/revisions"}],"predecessor-version":[{"id":7833,"href":"https:\/\/phy.uniri.hr\/en\/wp-json\/wp\/v2\/pages\/6023\/revisions\/7833"}],"up":[{"embeddable":true,"href":"https:\/\/phy.uniri.hr\/en\/wp-json\/wp\/v2\/pages\/6019"}],"wp:featuredmedia":[{"embeddable":true,"href":"https:\/\/phy.uniri.hr\/en\/wp-json\/wp\/v2\/media\/6018"}],"wp:attachment":[{"href":"https:\/\/phy.uniri.hr\/en\/wp-json\/wp\/v2\/media?parent=6023"}],"curies":[{"name":"wp","href":"https:\/\/api.w.org\/{rel}","templated":true}]}}