{"id":6173,"date":"2025-07-09T14:43:54","date_gmt":"2025-07-09T12:43:54","guid":{"rendered":"https:\/\/phy.uniri.hr\/?page_id=6173"},"modified":"2026-03-04T12:57:07","modified_gmt":"2026-03-04T11:57:07","slug":"very-high-energy-gamma-ray-astronomy-in-the-multi-messenger-era-astro-gamma","status":"publish","type":"page","link":"https:\/\/phy.uniri.hr\/en\/research\/projects\/very-high-energy-gamma-ray-astronomy-in-the-multi-messenger-era-astro-gamma\/","title":{"rendered":"Very-high-energy Gamma Ray Astronomy in the Multi-messenger Era (ASTRO-GAMMA)"},"content":{"rendered":"\n<p><strong><strong>Project code:<\/strong>\u00a0<\/strong>IP-2022-10-4595\u00a0<\/p>\n\n\n\n<p><strong>Project start date:<\/strong>\u00a018. 12. 2023.\u00a0<\/p>\n\n\n\n<p><strong><strong>Project end date:<\/strong><\/strong>\u00a017. 12. 2027.\u00a0<\/p>\n\n\n\n<p><strong><strong>CRORIS link:<\/strong> <\/strong><a href=\"https:\/\/www.croris.hr\/projekti\/projekt\/9595\">https:\/\/www.croris.hr\/projekti\/projekt\/9595<\/a><\/p>\n\n\n\n<p><strong><strong>Project manager:<\/strong><\/strong>\u00a0<a href=\"https:\/\/portal.uniri.hr\/Portfelj\/Details\/2879\">Assoc. Prof. Dr. Sc. Marina Manganaro<\/a><\/p>\n\n\n\n<p><strong><strong>Collaborators from the Faculty of Physics:<\/strong><\/strong><br><a href=\"https:\/\/portal.uniri.hr\/Portfelj\/Details\/1496\">Prof. Dr. Sc. Dijana Dominis Prester<\/a><br>Assistant Josiah Olumuyiwa Faniyi<br>Lorena Luli\u0107<br><a href=\"https:\/\/portal.uniri.hr\/Portfelj\/Details\/7541\">Assistant Karlo Mrakov\u010di\u0107<\/a><br><a href=\"https:\/\/portal.uniri.hr\/Portfelj\/Details\/7523\">Assistant Filip Re\u0161\u010di\u0107<\/a><br><a href=\"https:\/\/portal.uniri.hr\/Portfelj\/Details\/2673\">Assistant. Prof. Dr. Sc. Sa\u0161a Mi\u0107anovi\u0107\u00a0<\/a><br><a href=\"https:\/\/portal.uniri.hr\/Portfelj\/Details\/906\">Assoc. Prof. Dr. Sc. Tomislav Terzi\u0107<\/a><\/p>\n\n\n\n<p><strong>External collaborators:&nbsp;<\/strong><br>Assoc. Prof. Dr. Sc. Ana Babi\u0107 (FER Zagreb)<br>Prof. Dr. Sc. \u017deljka Bo\u0161njak (FER Zagreb)<br>Assoc. Prof. Dr. sc. Michele Doro (University of Padua, Italy)<br>Prof. Dr. sc. Nikola Godinovi\u0107 (FESB Split)<br>Assistant. Prof. Dr. Sc. Dario Hrupec (Josip Juraj Strossmayer University of Osijek, Department of Physics)<br>Assistant Jasmina Isakovi\u0107 (Uni CIPRUS, Frankfurt, Germany)<br>Assistant Petra Maru\u0161evec (FER Zagreb)<br>Assistant Prof. Dr. Sc. Mario Pecimotika (Sveu\u010dili\u0161te obrane i sigurnosti \u201eDr. Franjo Tu\u0111man\u201c)<br>Assistant Prof. Dr. Sc. Jelena Stri\u0161kovi\u0107 (Josip Juraj Strossmayer University of Osijek, Department of Physics)<br>Assistant Toni \u0160ari\u0107 (FESB Split)<\/p>\n\n\n\n<p><strong><strong>Summary of the project<\/strong>:<\/strong><br>The recent discovery of a neutrino emitted by a blazar, an active galactic nucleus known to emit photons across the entire electromagnetic spectrum up to the highest energies, has been one of the key events confirming that we are witnessing a multi-messenger era in astrophysics. Gamma-ray astronomy is an important part of this picture, being the discipline that studies photons at the highest energies, produced in the most violent processes in the Universe. With our proposal we aim to consolidate the gamma-ray astronomy research conducted in international collaborations as MAGIC (Major Atmospheric Gamma-ray Cherenkov telescopes) and CTA (Cherenkov Telescope Array), and moreover to widen the Croatian-based contribution to this field moving towards the theoretical interpretation of the results in a multi-messenger context. This means that, on top of the proven experience coming from years of scientific results in the field of gamma-ray astronomy, the team will also work on the theoretical interpretation and modelling of the results in a broadband view and on the investigation of quantum gravity effects such as Lorentz Invariance Violation. This expansion of horizons is timely since the understanding of the theoretical models is the key to unveil the emission process of different extragalactic and galactic sources, including the newest ones discovered at the highest energies, the so-called PeVatron sources. To explore such new energy frontiers we will also work in the development of a novel Cherenkov detector for the new strategic collaboration with the SWGO (Southern Wide-field Gamma-Ray Observatory).\u00a0 \u00a0<\/p>\n\n\n\n<figure class=\"wp-block-image aligncenter size-full is-resized\"><img fetchpriority=\"high\" decoding=\"async\" width=\"800\" height=\"333\" src=\"https:\/\/phy.uniri.hr\/wp-content\/uploads\/2025\/07\/hrzz-1.jpg\" alt=\"\" class=\"wp-image-4691\" style=\"object-fit:cover;width:300px;height:125px\" srcset=\"https:\/\/phy.uniri.hr\/wp-content\/uploads\/2025\/07\/hrzz-1.jpg 800w, https:\/\/phy.uniri.hr\/wp-content\/uploads\/2025\/07\/hrzz-1-300x125.jpg 300w, https:\/\/phy.uniri.hr\/wp-content\/uploads\/2025\/07\/hrzz-1-768x320.jpg 768w\" sizes=\"(max-width: 800px) 100vw, 800px\" \/><\/figure>\n","protected":false},"excerpt":{"rendered":"<p>Project code:\u00a0IP-2022-10-4595\u00a0 Project start date:\u00a018. 12. 2023.\u00a0 Project end date:\u00a017. 12. 2027.\u00a0 CRORIS link: https:\/\/www.croris.hr\/projekti\/projekt\/9595 Project manager:\u00a0Assoc. Prof. Dr. Sc. Marina Manganaro Collaborators from the Faculty of Physics:Prof. Dr. Sc. Dijana Dominis PresterAssistant Josiah Olumuyiwa FaniyiLorena Luli\u0107Assistant Karlo Mrakov\u010di\u0107Assistant Filip Re\u0161\u010di\u0107Assistant. Prof. Dr. Sc. Sa\u0161a Mi\u0107anovi\u0107\u00a0Assoc. Prof. Dr. Sc. Tomislav Terzi\u0107 External collaborators:&nbsp;Assoc. Prof. Dr. [&hellip;]<\/p>\n","protected":false},"author":4,"featured_media":5738,"parent":5741,"menu_order":1,"comment_status":"closed","ping_status":"closed","template":"","meta":{"_acf_changed":false,"ub_ctt_via":"","footnotes":""},"class_list":["post-6173","page","type-page","status-publish","has-post-thumbnail","hentry"],"acf":[],"featured_image_src":"https:\/\/phy.uniri.hr\/wp-content\/uploads\/2025\/06\/Znanstveni-i-strucni-rad.jpg","_links":{"self":[{"href":"https:\/\/phy.uniri.hr\/en\/wp-json\/wp\/v2\/pages\/6173","targetHints":{"allow":["GET"]}}],"collection":[{"href":"https:\/\/phy.uniri.hr\/en\/wp-json\/wp\/v2\/pages"}],"about":[{"href":"https:\/\/phy.uniri.hr\/en\/wp-json\/wp\/v2\/types\/page"}],"author":[{"embeddable":true,"href":"https:\/\/phy.uniri.hr\/en\/wp-json\/wp\/v2\/users\/4"}],"replies":[{"embeddable":true,"href":"https:\/\/phy.uniri.hr\/en\/wp-json\/wp\/v2\/comments?post=6173"}],"version-history":[{"count":2,"href":"https:\/\/phy.uniri.hr\/en\/wp-json\/wp\/v2\/pages\/6173\/revisions"}],"predecessor-version":[{"id":6862,"href":"https:\/\/phy.uniri.hr\/en\/wp-json\/wp\/v2\/pages\/6173\/revisions\/6862"}],"up":[{"embeddable":true,"href":"https:\/\/phy.uniri.hr\/en\/wp-json\/wp\/v2\/pages\/5741"}],"wp:featuredmedia":[{"embeddable":true,"href":"https:\/\/phy.uniri.hr\/en\/wp-json\/wp\/v2\/media\/5738"}],"wp:attachment":[{"href":"https:\/\/phy.uniri.hr\/en\/wp-json\/wp\/v2\/media?parent=6173"}],"curies":[{"name":"wp","href":"https:\/\/api.w.org\/{rel}","templated":true}]}}