{"id":6194,"date":"2025-07-10T12:57:17","date_gmt":"2025-07-10T10:57:17","guid":{"rendered":"https:\/\/phy.uniri.hr\/?page_id=6194"},"modified":"2026-02-19T14:45:33","modified_gmt":"2026-02-19T13:45:33","slug":"increasing-the-international-visibility-of-the-rijeka-laboratory-for-scanning-electron-microscopy-pomeri","status":"publish","type":"page","link":"https:\/\/phy.uniri.hr\/en\/research\/projects\/increasing-the-international-visibility-of-the-rijeka-laboratory-for-scanning-electron-microscopy-pomeri\/","title":{"rendered":"Increasing the international visibility of the Rijeka Laboratory for Scanning Electron Microscopy (POMERI)"},"content":{"rendered":"\n<div class=\"wp-block-columns is-layout-flex wp-container-core-columns-is-layout-28f84493 wp-block-columns-is-layout-flex\">\n<div class=\"wp-block-column is-vertically-aligned-center is-layout-flow wp-block-column-is-layout-flow\" style=\"flex-basis:330px\">\n<figure class=\"wp-block-image size-large\"><img fetchpriority=\"high\" decoding=\"async\" width=\"1024\" height=\"289\" src=\"https:\/\/phy.uniri.hr\/wp-content\/uploads\/2025\/07\/POMERI_logo_RGB_u_boji_tamni_horizontalni_sc-1024x289.jpg\" alt=\"\" class=\"wp-image-4698\" srcset=\"https:\/\/phy.uniri.hr\/wp-content\/uploads\/2025\/07\/POMERI_logo_RGB_u_boji_tamni_horizontalni_sc-1024x289.jpg 1024w, https:\/\/phy.uniri.hr\/wp-content\/uploads\/2025\/07\/POMERI_logo_RGB_u_boji_tamni_horizontalni_sc-300x85.jpg 300w, https:\/\/phy.uniri.hr\/wp-content\/uploads\/2025\/07\/POMERI_logo_RGB_u_boji_tamni_horizontalni_sc-768x217.jpg 768w, https:\/\/phy.uniri.hr\/wp-content\/uploads\/2025\/07\/POMERI_logo_RGB_u_boji_tamni_horizontalni_sc.jpg 1200w\" sizes=\"(max-width: 1024px) 100vw, 1024px\" \/><\/figure>\n<\/div>\n\n\n\n<div class=\"wp-block-column is-layout-flow wp-block-column-is-layout-flow\">\n<figure class=\"wp-block-image alignleft size-large is-resized\"><img decoding=\"async\" width=\"1024\" height=\"480\" src=\"https:\/\/phy.uniri.hr\/wp-content\/uploads\/2025\/07\/Logo_HR_Financira_Europska_unija-1024x480.png\" alt=\"\" class=\"wp-image-4699\" style=\"width:310px;height:auto\" srcset=\"https:\/\/phy.uniri.hr\/wp-content\/uploads\/2025\/07\/Logo_HR_Financira_Europska_unija-1024x480.png 1024w, https:\/\/phy.uniri.hr\/wp-content\/uploads\/2025\/07\/Logo_HR_Financira_Europska_unija-300x141.png 300w, https:\/\/phy.uniri.hr\/wp-content\/uploads\/2025\/07\/Logo_HR_Financira_Europska_unija-768x360.png 768w, https:\/\/phy.uniri.hr\/wp-content\/uploads\/2025\/07\/Logo_HR_Financira_Europska_unija.png 1170w\" sizes=\"(max-width: 1024px) 100vw, 1024px\" \/><\/figure>\n<\/div>\n<\/div>\n\n\n\n<p><strong>Project summary<\/strong><br>Projekt uvodi mlade znanstvenike u relevantna i konkurentna znanstvena istra\u017eivanja u svrhu pokretanja samostalne karijere i stjecanja iskustva u vo\u0111enju samostalnih istra\u017eivanja. Omogu\u0107ava im obuku i rad na vrhunskoj znanstvenoj opremi u laboratorijima Sveu\u010dili\u0161ta u Rijeci &#8211; Fakulteta za fiziku i Centra za mikro- i nanoznanosti i tehnologije i sli\u010dnoj opremi i komplementarnim istra\u017eivanjima u laboratorijima u Europi, s naglaskom na elektronsku mikroskopiju. Projektom \u0107emo te\u017eiti me\u0111unarodnoj atraktivnosti, prepoznatljivost i vidljivost Laboratorija za pretra\u017enu elektronsku mikrokospiju u kojem \u0107e djelovati odgovaraju\u0107e osposobljeni djelatnici. Samo s vrhunskim stru\u010dnjacima u podru\u010dju elektronske mikroskopije, pripreme uzoraka te mikroanalize je mogu\u0107e od Laboratorija napraviti vode\u0107i laboratorij na podru\u010dju Hrvatske i obli\u017enjih dr\u017eava. Osim istra\u017eiva\u010dkih aktivnosti koje \u0107e se provoditi u laboratorijima Sveu\u010dili\u0161ta u Rijeci &#8211; Fakulteta za fiziku i Centra za mikro- i nanoznanosti i tehnologije, mladi istra\u017eiva\u010di \u0107e sudjelovati u organizaciji radionica za \u0161iru javnost na temu znanstvenog dijela projekta te \u0107e pru\u017eati usluge industrijskim partnerima.<br>Specifi\u010dni znanstveni cilj projekta je sinteza kemijski i strukturno stabilnih poluvodi\u010da metalnih oksida, koji \u0107e pokazivati fotoaktivnost generiranu s vidljivom svjetlosti s izrazitom primjenom u pro\u010di\u0161\u0107avanju vode od organskih i biolo\u0161kih zaga\u0111iva\u010da. U znanstvenom dijelu projekta se istra\u017euju novi pristupi u sintezi ovih materijala, koriste\u0107i tehniku depozicije atomskih slojeva.<\/p>\n\n\n\n<p><strong><strong>Project code:<\/strong>\u00a0<\/strong>NPOO.C3.2.R2-I1.06.0083<\/p>\n\n\n\n<p><strong>Project start:<\/strong>\u00a01. 11.\u00a0 2023.\u00a0<\/p>\n\n\n\n<p><strong>Project end:<\/strong>\u00a030. 6. 2026.\u00a0<\/p>\n\n\n\n<p><strong>Current project team members:\u00a0<\/strong><\/p>\n\n\n\n<div class=\"wp-block-columns is-layout-flex wp-container-core-columns-is-layout-28f84493 wp-block-columns-is-layout-flex\">\n<div class=\"wp-block-column is-layout-flow wp-block-column-is-layout-flow\" style=\"flex-basis:300px\">\n<figure class=\"wp-block-image size-full is-resized\"><img decoding=\"async\" width=\"250\" height=\"314\" src=\"https:\/\/phy.uniri.hr\/wp-content\/uploads\/2025\/07\/Ivna_Kavre_Piltaver_slika.png\" alt=\"\" class=\"wp-image-4707\" style=\"width:220px\" srcset=\"https:\/\/phy.uniri.hr\/wp-content\/uploads\/2025\/07\/Ivna_Kavre_Piltaver_slika.png 250w, https:\/\/phy.uniri.hr\/wp-content\/uploads\/2025\/07\/Ivna_Kavre_Piltaver_slika-239x300.png 239w\" sizes=\"(max-width: 250px) 100vw, 250px\" \/><\/figure>\n<\/div>\n\n\n\n<div class=\"wp-block-column is-vertically-aligned-center is-layout-flow wp-block-column-is-layout-flow\">\n<p><a href=\"https:\/\/portal.uniri.hr\/Portfelj\/Details\/2379\">Assoc. Prof. Dr. Sc. Ivna Kavre Piltaver<\/a>, Project leader<\/p>\n<\/div>\n<\/div>\n\n\n\n<div class=\"wp-block-columns is-layout-flex wp-container-core-columns-is-layout-28f84493 wp-block-columns-is-layout-flex\">\n<div class=\"wp-block-column is-layout-flow wp-block-column-is-layout-flow\" style=\"flex-basis:300px\">\n<figure class=\"wp-block-image size-large is-resized\"><img loading=\"lazy\" decoding=\"async\" width=\"886\" height=\"1024\" src=\"https:\/\/phy.uniri.hr\/wp-content\/uploads\/2025\/07\/Daria_Jardas_Babic_slika_sc-886x1024.jpg\" alt=\"\" class=\"wp-image-4709\" style=\"width:220px\" srcset=\"https:\/\/phy.uniri.hr\/wp-content\/uploads\/2025\/07\/Daria_Jardas_Babic_slika_sc-886x1024.jpg 886w, https:\/\/phy.uniri.hr\/wp-content\/uploads\/2025\/07\/Daria_Jardas_Babic_slika_sc-260x300.jpg 260w, https:\/\/phy.uniri.hr\/wp-content\/uploads\/2025\/07\/Daria_Jardas_Babic_slika_sc-768x888.jpg 768w, https:\/\/phy.uniri.hr\/wp-content\/uploads\/2025\/07\/Daria_Jardas_Babic_slika_sc.jpg 1038w\" sizes=\"(max-width: 886px) 100vw, 886px\" \/><\/figure>\n<\/div>\n\n\n\n<div class=\"wp-block-column is-vertically-aligned-center is-layout-flow wp-block-column-is-layout-flow\">\n<p><a href=\"https:\/\/portal.uniri.hr\/Portfelj\/Details\/4171\">Daria Jardas Babi\u0107<\/a>, Assistant<\/p>\n<\/div>\n<\/div>\n\n\n\n<div class=\"wp-block-columns is-layout-flex wp-container-core-columns-is-layout-28f84493 wp-block-columns-is-layout-flex\">\n<div class=\"wp-block-column is-layout-flow wp-block-column-is-layout-flow\" style=\"flex-basis:300px\">\n<figure class=\"wp-block-image size-large is-resized\"><img loading=\"lazy\" decoding=\"async\" width=\"1014\" height=\"1024\" src=\"https:\/\/phy.uniri.hr\/wp-content\/uploads\/2025\/07\/M__Kocijan_-_Slika_sc-1014x1024.jpg\" alt=\"\" class=\"wp-image-4710\" style=\"width:220px\" srcset=\"https:\/\/phy.uniri.hr\/wp-content\/uploads\/2025\/07\/M__Kocijan_-_Slika_sc-1014x1024.jpg 1014w, https:\/\/phy.uniri.hr\/wp-content\/uploads\/2025\/07\/M__Kocijan_-_Slika_sc-297x300.jpg 297w, https:\/\/phy.uniri.hr\/wp-content\/uploads\/2025\/07\/M__Kocijan_-_Slika_sc-150x150.jpg 150w, https:\/\/phy.uniri.hr\/wp-content\/uploads\/2025\/07\/M__Kocijan_-_Slika_sc-768x776.jpg 768w, https:\/\/phy.uniri.hr\/wp-content\/uploads\/2025\/07\/M__Kocijan_-_Slika_sc.jpg 1188w\" sizes=\"(max-width: 1014px) 100vw, 1014px\" \/><\/figure>\n<\/div>\n\n\n\n<div class=\"wp-block-column is-vertically-aligned-center is-layout-flow wp-block-column-is-layout-flow\">\n<p>Dr. Sc. Martina Kocijan, Senior Assistant<\/p>\n<\/div>\n<\/div>\n\n\n\n<div class=\"wp-block-columns is-layout-flex wp-container-core-columns-is-layout-28f84493 wp-block-columns-is-layout-flex\">\n<div class=\"wp-block-column is-layout-flow wp-block-column-is-layout-flow\" style=\"flex-basis:300px\">\n<figure class=\"wp-block-image size-large is-resized\"><img loading=\"lazy\" decoding=\"async\" width=\"848\" height=\"1024\" src=\"https:\/\/phy.uniri.hr\/wp-content\/uploads\/2025\/07\/Virna_Kisiek_sc-848x1024.jpg\" alt=\"\" class=\"wp-image-4711\" style=\"width:220px\" srcset=\"https:\/\/phy.uniri.hr\/wp-content\/uploads\/2025\/07\/Virna_Kisiek_sc-848x1024.jpg 848w, https:\/\/phy.uniri.hr\/wp-content\/uploads\/2025\/07\/Virna_Kisiek_sc-249x300.jpg 249w, https:\/\/phy.uniri.hr\/wp-content\/uploads\/2025\/07\/Virna_Kisiek_sc-768x927.jpg 768w, https:\/\/phy.uniri.hr\/wp-content\/uploads\/2025\/07\/Virna_Kisiek_sc.jpg 994w\" sizes=\"(max-width: 848px) 100vw, 848px\" \/><\/figure>\n<\/div>\n\n\n\n<div class=\"wp-block-column is-vertically-aligned-center is-layout-flow wp-block-column-is-layout-flow\">\n<p><a href=\"https:\/\/portal.uniri.hr\/Portfelj\/Details\/7990\">Virna Kisi\u010dek Flego<\/a>, Assistant<\/p>\n<\/div>\n<\/div>\n\n\n\n<div class=\"wp-block-columns is-layout-flex wp-container-core-columns-is-layout-28f84493 wp-block-columns-is-layout-flex\">\n<div class=\"wp-block-column is-layout-flow wp-block-column-is-layout-flow\" style=\"flex-basis:300px\">\n<figure class=\"wp-block-image size-full is-resized\"><img loading=\"lazy\" decoding=\"async\" width=\"197\" height=\"250\" src=\"https:\/\/phy.uniri.hr\/wp-content\/uploads\/2025\/07\/MatteaMJ.jpg\" alt=\"\" class=\"wp-image-4708\" style=\"width:220px\"\/><\/figure>\n<\/div>\n\n\n\n<div class=\"wp-block-column is-vertically-aligned-center is-layout-flow wp-block-column-is-layout-flow\">\n<p><a href=\"https:\/\/portal.uniri.hr\/Portfelj\/Details\/8030\">Mattea Ma\u010dki\u0107 Jovanovi\u0107<\/a>, Project Associate<\/p>\n<\/div>\n<\/div>\n\n\n\n<div class=\"wp-block-columns is-layout-flex wp-container-core-columns-is-layout-28f84493 wp-block-columns-is-layout-flex\">\n<div class=\"wp-block-column is-layout-flow wp-block-column-is-layout-flow\" style=\"flex-basis:300px\">\n<figure class=\"wp-block-image size-full is-resized\"><img loading=\"lazy\" decoding=\"async\" width=\"219\" height=\"276\" src=\"https:\/\/phy.uniri.hr\/wp-content\/uploads\/2025\/07\/F__Ala_-_Slika.jpg\" alt=\"\" class=\"wp-image-4706\" style=\"width:220px\"\/><\/figure>\n<\/div>\n\n\n\n<div class=\"wp-block-column is-vertically-aligned-center is-layout-flow wp-block-column-is-layout-flow\">\n<p>Franko Ala\u010d, Expert Associate<\/p>\n<\/div>\n<\/div>\n\n\n\n<p><\/p>\n\n\n\n<p><strong>Financing:<\/strong> The project is funded by the Recovery and Resilience Facility. Funded by the European Union \u2013 NextGenerationEU<br><strong>Budget: <\/strong>742.822,70 euro<\/p>\n\n\n\n<p><strong>Project website: <\/strong><a href=\"https:\/\/pomeri.uniri.hr\/\">https:\/\/pomeri.uniri.hr\/<\/a><\/p>\n\n\n\n<p><\/p>\n","protected":false},"excerpt":{"rendered":"<p>Project summaryProjekt uvodi mlade znanstvenike u relevantna i konkurentna znanstvena istra\u017eivanja u svrhu pokretanja samostalne karijere i stjecanja iskustva u vo\u0111enju samostalnih istra\u017eivanja. Omogu\u0107ava im obuku i rad na vrhunskoj znanstvenoj opremi u laboratorijima Sveu\u010dili\u0161ta u Rijeci &#8211; Fakulteta za fiziku i Centra za mikro- i nanoznanosti i tehnologije i sli\u010dnoj opremi i komplementarnim istra\u017eivanjima [&hellip;]<\/p>\n","protected":false},"author":4,"featured_media":5738,"parent":5741,"menu_order":4,"comment_status":"closed","ping_status":"closed","template":"","meta":{"_acf_changed":false,"ub_ctt_via":"","footnotes":""},"class_list":["post-6194","page","type-page","status-publish","has-post-thumbnail","hentry"],"acf":[],"featured_image_src":"https:\/\/phy.uniri.hr\/wp-content\/uploads\/2025\/06\/Znanstveni-i-strucni-rad.jpg","_links":{"self":[{"href":"https:\/\/phy.uniri.hr\/en\/wp-json\/wp\/v2\/pages\/6194","targetHints":{"allow":["GET"]}}],"collection":[{"href":"https:\/\/phy.uniri.hr\/en\/wp-json\/wp\/v2\/pages"}],"about":[{"href":"https:\/\/phy.uniri.hr\/en\/wp-json\/wp\/v2\/types\/page"}],"author":[{"embeddable":true,"href":"https:\/\/phy.uniri.hr\/en\/wp-json\/wp\/v2\/users\/4"}],"replies":[{"embeddable":true,"href":"https:\/\/phy.uniri.hr\/en\/wp-json\/wp\/v2\/comments?post=6194"}],"version-history":[{"count":2,"href":"https:\/\/phy.uniri.hr\/en\/wp-json\/wp\/v2\/pages\/6194\/revisions"}],"predecessor-version":[{"id":6643,"href":"https:\/\/phy.uniri.hr\/en\/wp-json\/wp\/v2\/pages\/6194\/revisions\/6643"}],"up":[{"embeddable":true,"href":"https:\/\/phy.uniri.hr\/en\/wp-json\/wp\/v2\/pages\/5741"}],"wp:featuredmedia":[{"embeddable":true,"href":"https:\/\/phy.uniri.hr\/en\/wp-json\/wp\/v2\/media\/5738"}],"wp:attachment":[{"href":"https:\/\/phy.uniri.hr\/en\/wp-json\/wp\/v2\/media?parent=6194"}],"curies":[{"name":"wp","href":"https:\/\/api.w.org\/{rel}","templated":true}]}}