{"id":6196,"date":"2025-02-13T12:25:14","date_gmt":"2025-02-13T11:25:14","guid":{"rendered":"https:\/\/phy.uniri.hr\/?page_id=6196"},"modified":"2025-11-17T12:03:38","modified_gmt":"2025-11-17T11:03:38","slug":"meetings-and-conferences","status":"publish","type":"page","link":"https:\/\/phy.uniri.hr\/en\/research\/meetings-and-conferences\/","title":{"rendered":"Meetings and Conferences"},"content":{"rendered":"\n<div class=\"wp-block-query UNIRI-query-loop-block no-title is-layout-flow wp-block-query-is-layout-flow\"><ul class=\"wp-block-post-template is-layout-flow wp-block-post-template-is-layout-flow\"><li class=\"wp-block-post post-6423 post type-post status-publish format-standard has-post-thumbnail hentry category-meetings-and-conferences category-projects\">\n\n<div class=\"wp-block-group is-nowrap is-layout-flex wp-container-core-group-is-layout-6c531013 wp-block-group-is-layout-flex\"><div class=\"wp-block-post-date\"><time datetime=\"2025-09-19T16:16:00+02:00\">19\/09\/2025<\/time><\/div><\/div>\n\n\n<h2 class=\"wp-block-post-title\"><a href=\"https:\/\/phy.uniri.hr\/en\/2nd-workshop-on-challenges-and-strategies-in-degradation-of-organic-contaminants-research\/\" target=\"_self\" >2nd Workshop on Challenges and Strategies in Degradation of Organic Contaminants Research<\/a><\/h2>\n\n<div class=\"wp-block-post-excerpt\"><p class=\"wp-block-post-excerpt__excerpt\">On 18 November 2025, the Faculty of Physics, University of Rijeka, in collaboration with the POMERI project, will organize the 2nd International Workshop on Challenges and Strategies in Degradation of Organic Contaminants Research (WCSDOCR-2025): Small Molecules, Big Problems. The workshop will bring together researchers in materials science to present recent advances in developing innovative materials&hellip;<\/p><p class=\"wp-block-post-excerpt__more-text\"><a class=\"wp-block-post-excerpt__more-link\" href=\"https:\/\/phy.uniri.hr\/en\/2nd-workshop-on-challenges-and-strategies-in-degradation-of-organic-contaminants-research\/\">Pro\u010ditaj vi\u0161e<\/a><\/p><\/div>\n<\/li><li class=\"wp-block-post post-7846 post type-post status-publish format-standard hentry category-meetings-and-conferences\">\n\n<div class=\"wp-block-group is-nowrap is-layout-flex wp-container-core-group-is-layout-6c531013 wp-block-group-is-layout-flex\"><div class=\"wp-block-post-date\"><time datetime=\"2025-05-30T10:48:00+02:00\">30\/05\/2025<\/time><\/div><\/div>\n\n\n<h2 class=\"wp-block-post-title\"><a href=\"https:\/\/phy.uniri.hr\/en\/arcchives-2025-conference\/\" target=\"_self\" >ARCCHIVES 2025 Conference<\/a><\/h2>\n\n<div class=\"wp-block-post-excerpt\"><p class=\"wp-block-post-excerpt__excerpt\">On May 29, 2025, the Faculty of Physics, in collaboration with the Faculty of Economics, University of Rijeka, hosted the hybrid-format international conference Adaptation and Resilience to Climate Change: Understanding Impacts and Vulnerabilities (ARCCHIVES 2025). Over 60 participants from 7 countries presented their research through lectures and poster sessions, highlighting the urgent need for climate&hellip;<\/p><p class=\"wp-block-post-excerpt__more-text\"><a class=\"wp-block-post-excerpt__more-link\" href=\"https:\/\/phy.uniri.hr\/en\/arcchives-2025-conference\/\">Pro\u010ditaj vi\u0161e<\/a><\/p><\/div>\n<\/li><li class=\"wp-block-post post-7842 post type-post status-publish format-standard hentry category-meetings-and-conferences\">\n\n<div class=\"wp-block-group is-nowrap is-layout-flex wp-container-core-group-is-layout-6c531013 wp-block-group-is-layout-flex\"><div class=\"wp-block-post-date\"><time datetime=\"2024-11-27T10:44:00+01:00\">27\/11\/2024<\/time><\/div><\/div>\n\n\n<h2 class=\"wp-block-post-title\"><a href=\"https:\/\/phy.uniri.hr\/en\/2nd-had-scientific-meeting-of-the-croatian-astronomical-society-in-this-millenia\/\" target=\"_self\" >2nd HAD Scientific Meeting of the Croatian Astronomical Society in this millenia<\/a><\/h2>\n\n<div class=\"wp-block-post-excerpt\"><p class=\"wp-block-post-excerpt__excerpt\">From November 25\u201326, 2024, the Faculty of Physics, University of Rijeka, hosted the Second International Scientific Meeting of the Croatian Astronomical Society in a hybrid format. The event brought together 35 astronomers, astrophysicists, and scientists from Croatia and abroad, featuring presentations on a wide range of topics in astronomy, astrophysics, and related fields, as well&hellip;<\/p><p class=\"wp-block-post-excerpt__more-text\"><a class=\"wp-block-post-excerpt__more-link\" href=\"https:\/\/phy.uniri.hr\/en\/2nd-had-scientific-meeting-of-the-croatian-astronomical-society-in-this-millenia\/\">Pro\u010ditaj vi\u0161e<\/a><\/p><\/div>\n<\/li><li class=\"wp-block-post post-7839 post type-post status-publish format-standard hentry category-meetings-and-conferences\">\n\n<div class=\"wp-block-group is-nowrap is-layout-flex wp-container-core-group-is-layout-6c531013 wp-block-group-is-layout-flex\"><div class=\"wp-block-post-date\"><time datetime=\"2024-09-02T10:34:00+02:00\">02\/09\/2024<\/time><\/div><\/div>\n\n\n<h2 class=\"wp-block-post-title\"><a href=\"https:\/\/phy.uniri.hr\/en\/meeting-of-physics-teachers\/\" target=\"_self\" >Meeting of Physics Teachers<\/a><\/h2>\n\n<div class=\"wp-block-post-excerpt\"><p class=\"wp-block-post-excerpt__excerpt\">On August 30, 2024, the Faculty of Physics, University of Rijeka, in cooperation with the Agency for Education and Training, hosted an inter-county professional meeting for physics teachers focused on Physics and Critical Thinking. The program included lectures by faculty professors, a presentation of digital teaching resources, and hands-on workshops in six laboratories, supporting the&hellip;<\/p><p class=\"wp-block-post-excerpt__more-text\"><a class=\"wp-block-post-excerpt__more-link\" href=\"https:\/\/phy.uniri.hr\/en\/meeting-of-physics-teachers\/\">Pro\u010ditaj vi\u0161e<\/a><\/p><\/div>\n<\/li><li class=\"wp-block-post post-7837 post type-post status-publish format-standard hentry category-meetings-and-conferences\">\n\n<div class=\"wp-block-group is-nowrap is-layout-flex wp-container-core-group-is-layout-6c531013 wp-block-group-is-layout-flex\"><div class=\"wp-block-post-date\"><time datetime=\"2024-07-24T10:27:00+02:00\">24\/07\/2024<\/time><\/div><\/div>\n\n\n<h2 class=\"wp-block-post-title\"><a href=\"https:\/\/phy.uniri.hr\/en\/3rd-regional-lsst-workshop\/\" target=\"_self\" >3rd Regional LSST Workshop<\/a><\/h2>\n\n<div class=\"wp-block-post-excerpt\"><p class=\"wp-block-post-excerpt__excerpt\">On July 24, 2024, the Faculty of Physics, University of Rijeka, together with the Ru\u0111er Bo\u0161kovi\u0107 Institute, hosted the 3rd Regional LSST Workshop at Moise Palace in Cres. The workshop gathered 20 astronomers and astrophysicists from six countries and highlighted the Faculty\u2019s contributions to the LSST\/Rubin international collaboration through simulations and analyses on the \u201cBura\u201d&hellip;<\/p><p class=\"wp-block-post-excerpt__more-text\"><a class=\"wp-block-post-excerpt__more-link\" href=\"https:\/\/phy.uniri.hr\/en\/3rd-regional-lsst-workshop\/\">Pro\u010ditaj vi\u0161e<\/a><\/p><\/div>\n<\/li><li class=\"wp-block-post post-7834 post type-post status-publish format-standard hentry category-meetings-and-conferences\">\n\n<div class=\"wp-block-group is-nowrap is-layout-flex wp-container-core-group-is-layout-6c531013 wp-block-group-is-layout-flex\"><div class=\"wp-block-post-date\"><time datetime=\"2024-06-06T10:23:00+02:00\">06\/06\/2024<\/time><\/div><\/div>\n\n\n<h2 class=\"wp-block-post-title\"><a href=\"https:\/\/phy.uniri.hr\/en\/conference-physics-education-challenges\/\" target=\"_self\" >Conference \u201cPhysics Education Challenges\u201d<\/a><\/h2>\n\n<div class=\"wp-block-post-excerpt\"><p class=\"wp-block-post-excerpt__excerpt\">On June 5, 2024, the Chair of Educational Physics at the Faculty of Physics, University of Rijeka, hosted the international conference Physics education challenges in a hybrid format. The event brought together 50 participants and featured invited lectures, contributed presentations, and a roundtable discussion on the latest developments and challenges in physics education.<\/p><p class=\"wp-block-post-excerpt__more-text\"><a class=\"wp-block-post-excerpt__more-link\" href=\"https:\/\/phy.uniri.hr\/en\/conference-physics-education-challenges\/\">Pro\u010ditaj vi\u0161e<\/a><\/p><\/div>\n<\/li><\/ul>\n\n<\/div>\n\n\n\n<p><\/p>\n","protected":false},"excerpt":{"rendered":"","protected":false},"author":4,"featured_media":5738,"parent":5739,"menu_order":3,"comment_status":"closed","ping_status":"closed","template":"","meta":{"_acf_changed":false,"ub_ctt_via":"","footnotes":""},"class_list":["post-6196","page","type-page","status-publish","has-post-thumbnail","hentry"],"acf":[],"featured_image_src":"https:\/\/phy.uniri.hr\/wp-content\/uploads\/2025\/06\/Znanstveni-i-strucni-rad.jpg","_links":{"self":[{"href":"https:\/\/phy.uniri.hr\/en\/wp-json\/wp\/v2\/pages\/6196","targetHints":{"allow":["GET"]}}],"collection":[{"href":"https:\/\/phy.uniri.hr\/en\/wp-json\/wp\/v2\/pages"}],"about":[{"href":"https:\/\/phy.uniri.hr\/en\/wp-json\/wp\/v2\/types\/page"}],"author":[{"embeddable":true,"href":"https:\/\/phy.uniri.hr\/en\/wp-json\/wp\/v2\/users\/4"}],"replies":[{"embeddable":true,"href":"https:\/\/phy.uniri.hr\/en\/wp-json\/wp\/v2\/comments?post=6196"}],"version-history":[{"count":3,"href":"https:\/\/phy.uniri.hr\/en\/wp-json\/wp\/v2\/pages\/6196\/revisions"}],"predecessor-version":[{"id":6205,"href":"https:\/\/phy.uniri.hr\/en\/wp-json\/wp\/v2\/pages\/6196\/revisions\/6205"}],"up":[{"embeddable":true,"href":"https:\/\/phy.uniri.hr\/en\/wp-json\/wp\/v2\/pages\/5739"}],"wp:featuredmedia":[{"embeddable":true,"href":"https:\/\/phy.uniri.hr\/en\/wp-json\/wp\/v2\/media\/5738"}],"wp:attachment":[{"href":"https:\/\/phy.uniri.hr\/en\/wp-json\/wp\/v2\/media?parent=6196"}],"curies":[{"name":"wp","href":"https:\/\/api.w.org\/{rel}","templated":true}]}}